{"id":13512,"date":"2018-11-29T10:18:22","date_gmt":"2018-11-29T08:18:22","guid":{"rendered":"https:\/\/pr.oostlander.de\/?page_id=13512"},"modified":"2023-10-31T18:17:50","modified_gmt":"2023-10-31T16:17:50","slug":"impressum","status":"publish","type":"page","link":"https:\/\/pr.oostlander.de\/bpw-hauptseite\/bpw-hauptseite\/impressum\/","title":{"rendered":"Impressum"},"content":{"rendered":"<p>[vc_row remove_padding=&#8220;no-padding-vc-row&#8220;][vc_column css=&#8220;.vc_custom_1698767253846{border-top-width: 10px !important;background-color: #ffffff !important;}&#8220;][vc_column_text css=&#8220;.vc_custom_1698766475145{border-top-width: 10px !important;}&#8220;]<\/p>\n<h1>Impressum<\/h1>\n<p>Angaben gem. \u00a7 5 TMG[\/vc_column_text][\/vc_column][\/vc_row][vc_row remove_padding=&#8220;no-padding-vc-row&#8220;][vc_column width=&#8220;1\/3&#8243;][vc_column_text]<\/p>\n<h2>Betreiber der Webseite<\/h2>\n<p>bauplanwerk gmbh<br \/>\nFriesenweg 5, Haus 5.2<br \/>\n22763 Hamburg<\/p>\n<p>Tel: +49 40 46 00 26 900<br \/>\nFax: +49 40 46 00 26 919<\/p>\n<p>E-Mail: <a href=\"mailto:%20office@bauplanwerk.com\" target=\"_blank\" rel=\"noopener\">office@bauplanwerk.com<\/a><br \/>\nInternet: <a href=\"http:\/\/www.bauplanwerk.com\/\">www.bauplanwerk.com<\/a><\/p>\n<p>Gesch\u00e4ftsf\u00fchrer:<br \/>\nDipl.-Ing., Dipl.-Wirtsch.-Ing. (FH) Andr\u00e9 Wiemann<br \/>\nEingetragenes Mitglied der Hamburgischen Ingenieurkammer Bau,<br \/>\nListen-Nr. 373<\/p>\n<p>Sitz der Gesellschaft: Hamburg<br \/>\nUmsatzsteuer-Ident-Nr.: DE258000510<br \/>\nSteuernummer: 41\/667\/03277, Finanzamt Hamburg Altona<br \/>\nHRB 103953<\/p>\n<p>F\u00fcr weitere Informationen zur berufsrechtlichen Regelung, besuchen<br \/>\nSie bitte die Website der zust\u00e4ndigen Kammer:<br \/>\nHamburgische Ingenieurkammer-Bau http:\/\/www.hikb.de<\/p>\n<h2>Hinweis zur au\u00dfergerichtlichen Streitbeilegung<\/h2>\n<p>bauplanwerk ist nicht verpflichtet und auch nicht dazu bereit, an Streitbeilegungsverfahren vor einer Verbraucherschlichtungsstelle teilzunehmen.<br \/>\nDie Europ\u00e4ische Kommission stellt eine Plattform f\u00fcr die au\u00dfergerichtliche Online-Streitbeilegung bereit, die unter dem <a href=\"https:\/\/www.ec.europa.eu\/consumers\/odr\" target=\"_blank\" rel=\"noopener\">Link<\/a> aufrufbar ist.[\/vc_column_text][\/vc_column][vc_column width=&#8220;1\/3&#8243;][vc_column_text]<\/p>\n<h2>Haftungsausschluss<\/h2>\n<p>bauplanwerk erstellt die Informationen f\u00fcr dieses Internetangebot mit gro\u00dfer Sorgfalt und ist darum bem\u00fcht, Aktualit\u00e4t, Korrektheit und Vollst\u00e4ndigkeit sicher zu stellen. Alle Inhalte sind zur allgemeinen Information bestimmt und stellen keine gesch\u00e4ftliche, rechtliche oder sonstige Beratungsdienstleistung dar. bauplanwerk \u00fcbernimmt keine Gew\u00e4hr und haftet nicht f\u00fcr etwaige Sch\u00e4den materieller oder ideeller Art, die durch Nutzung des Dienstes verursacht werden, soweit sie nicht nachweislich durch Vorsatz oder grobe Fahrl\u00e4ssigkeit verschuldet sind.<br \/>\nDie in diesem Internetangebot ver\u00f6ffentlichten Informationen sind sorgf\u00e4ltig zusammengestellt, erheben aber keinen Anspruch auf Aktualit\u00e4t beziehungsweise Vollst\u00e4ndigkeit.<br \/>\nEs wird auf zahlreiche Angebote im Internet verwiesen, die Inhalte der verlinkten Seiten sind u.a. von Firmen und Institutionen gestaltet, auf die bauplanwerk keinen Einfluss hat. bauplanwerk macht sich die dort aufgef\u00fchrten Inhalte nicht zu eigen. F\u00fcr die Angebote Dritter wird keinerlei Haftung \u00fcbernommen.<br \/>\nSollten Sie auf den Seiten dieses Internetangebotes oder auf solchen, auf die verwiesen wird, bedenkliche oder rechtswidrige Inhalte feststellen, ist bauplanwerk f\u00fcr einen entsprechenden Hinweis dankbar.<br \/>\nZus\u00e4tzlich weisen wir darauf hin, dass Teile der Seiten oder das gesamte Angebot dieses Internetangebotes ohne gesonderte Ank\u00fcndigung ver\u00e4ndert, erg\u00e4nzt, oder gel\u00f6scht werden k\u00f6nnen. Auch die vor\u00fcbergehende oder endg\u00fcltige Beendigung der Ver\u00f6ffentlichung ist ohne Ank\u00fcndigung m\u00f6glich.[\/vc_column_text][\/vc_column][vc_column width=&#8220;1\/3&#8243;][vc_column_text]<\/p>\n<h2>Urheber- und Leistungsschutzrechte<\/h2>\n<p>Wir freuen uns, wenn Inhalte unserer Webseite weiterverwendet werden. bauplanwerk muss dabei jedoch immer als Quelle genannt werden. Die Lizenz der auf bauplanwerk .de urspr\u00fcnglich ver\u00f6ffentlichten Inhalte entspricht der <a href=\"https:\/\/creativecommons.org\/licenses\/by-sa\/3.0\/de\/\" target=\"_blank\" rel=\"noopener\">Creative Commons Namensnennung \u2013 Weitergabe unter gleichen Bedingungen 3.0 Deutschland Lizenz<\/a>.<\/p>\n<p>Sofern die Inhalte auf dieser Seite nicht vom Betreiber erstellt wurden, werden die Urheberrechte Dritter beachtet. Insbesondere werden Inhalte Dritter als solche gekennzeichnet. Eine dementsprechende Auflistung findet sich unter: <a href=\"https:\/\/pr.oostlander.de\/bildquellen\/\">Bildquellen<\/a><\/p>\n<p>Sollten Sie trotzdem auf eine Urheberrechtsverletzung oder eine unzureichende Kennzeichnung der Inhalte Dritter aufmerksam werden, bitten wir um einen entsprechenden Hinweis. Bei Bekanntwerden von Rechtsverletzungen werden wir derartige Inhalte umgehend entfernen oder entsprechend die Kennzeichnung korrigieren.<\/p>\n<p>Die Darstellung dieser Website in fremden Frames ist nur mit schriftlicher Erlaubnis zul\u00e4ssig.<\/p>\n<p>Die Verwendung der Kontaktdaten des Impressums zur gewerblichen Werbung ist ausdr\u00fccklich nicht erw\u00fcnscht, es sei denn der Anbieter hatte zuvor seine schriftliche Einwilligung erteilt oder es besteht bereits eine Gesch\u00e4ftsbeziehung. Der Anbieter und alle auf dieser Website genannten Personen widersprechen hiermit jeder kommerziellen Verwendung und Weitergabe ihrer Daten.[\/vc_column_text][\/vc_column][\/vc_row]<\/p>\n","protected":false},"excerpt":{"rendered":"<p>[vc_row remove_padding=&#8220;no-padding-vc-row&#8220;][vc_column css=&#8220;.vc_custom_1698767253846{border-top-width: 10px !important;background-color: #ffffff !important;}&#8220;][vc_column_text css=&#8220;.vc_custom_1698766475145{border-top-width: 10px !important;}&#8220;] Impressum Angaben gem. \u00a7 5 TMG[\/vc_column_text][\/vc_column][\/vc_row][vc_row remove_padding=&#8220;no-padding-vc-row&#8220;][vc_column width=&#8220;1\/3&#8243;][vc_column_text] Betreiber der Webseite bauplanwerk gmbh Friesenweg 5, Haus 5.2 22763 Hamburg Tel: +49 40 46 00 26 900 Fax: +49 40 46&#8230;<\/p>\n","protected":false},"author":1,"featured_media":14112,"parent":13997,"menu_order":1,"comment_status":"closed","ping_status":"closed","template":"","meta":{"footnotes":""},"class_list":["post-13512","page","type-page","status-publish","has-post-thumbnail","hentry"],"_links":{"self":[{"href":"https:\/\/pr.oostlander.de\/bpw-hauptseite\/wp-json\/wp\/v2\/pages\/13512","targetHints":{"allow":["GET"]}}],"collection":[{"href":"https:\/\/pr.oostlander.de\/bpw-hauptseite\/wp-json\/wp\/v2\/pages"}],"about":[{"href":"https:\/\/pr.oostlander.de\/bpw-hauptseite\/wp-json\/wp\/v2\/types\/page"}],"author":[{"embeddable":true,"href":"https:\/\/pr.oostlander.de\/bpw-hauptseite\/wp-json\/wp\/v2\/users\/1"}],"replies":[{"embeddable":true,"href":"https:\/\/pr.oostlander.de\/bpw-hauptseite\/wp-json\/wp\/v2\/comments?post=13512"}],"version-history":[{"count":18,"href":"https:\/\/pr.oostlander.de\/bpw-hauptseite\/wp-json\/wp\/v2\/pages\/13512\/revisions"}],"predecessor-version":[{"id":14124,"href":"https:\/\/pr.oostlander.de\/bpw-hauptseite\/wp-json\/wp\/v2\/pages\/13512\/revisions\/14124"}],"up":[{"embeddable":true,"href":"https:\/\/pr.oostlander.de\/bpw-hauptseite\/wp-json\/wp\/v2\/pages\/13997"}],"wp:featuredmedia":[{"embeddable":true,"href":"https:\/\/pr.oostlander.de\/bpw-hauptseite\/wp-json\/wp\/v2\/media\/14112"}],"wp:attachment":[{"href":"https:\/\/pr.oostlander.de\/bpw-hauptseite\/wp-json\/wp\/v2\/media?parent=13512"}],"curies":[{"name":"wp","href":"https:\/\/api.w.org\/{rel}","templated":true}]}}