{"id":12717,"date":"2018-10-11T17:37:49","date_gmt":"2018-10-11T15:37:49","guid":{"rendered":"https:\/\/pr.oostlander.de\/?page_id=12717"},"modified":"2018-10-11T17:37:49","modified_gmt":"2018-10-11T15:37:49","slug":"bestellung","status":"publish","type":"page","link":"https:\/\/pr.oostlander.de\/bpw-hauptseite\/bestellung\/","title":{"rendered":"Bestellung"},"content":{"rendered":"<p>[vc_row][vc_column]<div role=\"form\" class=\"wpcf7\" id=\"wpcf7-f12715-o1\" lang=\"de-DE\" dir=\"ltr\">\n<div class=\"screen-reader-response\" role=\"alert\" aria-live=\"polite\"><\/div>\n<form action=\"\/bpw-hauptseite\/wp-json\/wp\/v2\/pages\/12717#wpcf7-f12715-o1\" method=\"post\" class=\"wpcf7-form init wpcf7-acceptance-as-validation\" novalidate=\"novalidate\">\n<div style=\"display: none;\">\n<input type=\"hidden\" name=\"_wpcf7\" value=\"12715\" \/>\n<input type=\"hidden\" name=\"_wpcf7_version\" value=\"5.2.2\" \/>\n<input type=\"hidden\" name=\"_wpcf7_locale\" value=\"de_DE\" \/>\n<input type=\"hidden\" name=\"_wpcf7_unit_tag\" value=\"wpcf7-f12715-o1\" \/>\n<input type=\"hidden\" name=\"_wpcf7_container_post\" value=\"0\" \/>\n<input type=\"hidden\" name=\"_wpcf7_posted_data_hash\" value=\"\" \/>\n<\/div>\n<h2>Bestellformular<\/h2>\n<div class=\"row\">\n<div class=\"col-25\"><label for=\"orgn\">Organisation<\/label><\/div>\n<div class=\"col-75\"><span class=\"wpcf7-form-control-wrap Organisation\"><input type=\"text\" name=\"Organisation\" value=\"\" size=\"40\" class=\"wpcf7-form-control wpcf7-text\" id=\"orgn\" aria-invalid=\"false\" \/><\/span><\/div>\n<\/div>\n<div class=\"row\">\n<div class=\"col-25\"><label for=\"lname\">Name<\/label><\/div>\n<div class=\"col-75\"><span class=\"wpcf7-form-control-wrap Nachname\"><input type=\"text\" name=\"Nachname\" value=\"\" size=\"40\" class=\"wpcf7-form-control wpcf7-text wpcf7-validates-as-required\" id=\"lname\" aria-required=\"true\" aria-invalid=\"false\" \/><\/span><\/div>\n<\/div>\n<div class=\"row\">\n<div class=\"col-25\"><label for=\"fname\"> Vorname<\/label><\/div>\n<div class=\"col-75\"><span class=\"wpcf7-form-control-wrap Vorname\"><input type=\"text\" name=\"Vorname\" value=\"\" size=\"40\" class=\"wpcf7-form-control wpcf7-text wpcf7-validates-as-required\" id=\"fname\" aria-required=\"true\" aria-invalid=\"false\" \/><\/span><\/div>\n<\/div>\n<div class=\"row\">\n<div class=\"col-25\"><label for=\"smail\">E-Mail-Adresse (ben\u00f6tigt)<\/label><\/div>\n<div class=\"col-75\"><span class=\"wpcf7-form-control-wrap your-email\"><input type=\"email\" name=\"your-email\" value=\"\" size=\"40\" class=\"wpcf7-form-control wpcf7-text wpcf7-email wpcf7-validates-as-required wpcf7-validates-as-email\" id=\"smail\" aria-required=\"true\" aria-invalid=\"false\" \/><\/span><\/div>\n<\/div>\n<div class=\"row\">\n<div class=\"col-25\"><label for=\"phone\">Telefon (ben\u00f6tigt f\u00fcr R\u00fcckfragen)<\/label><\/div>\n<div class=\"col-75\"><span class=\"wpcf7-form-control-wrap tel-748\"><input type=\"tel\" name=\"tel-748\" value=\"\" size=\"40\" class=\"wpcf7-form-control wpcf7-text wpcf7-tel wpcf7-validates-as-tel\" id=\"phone\" aria-invalid=\"false\" \/><\/span><\/div>\n<\/div>\n<div class=\"row\">\n<div class=\"col-25\">\n<h4>Versandadresse (ben\u00f6tigt)<\/h4>\n<\/div>\n<\/div>\n<div class=\"row\">\n<div class=\"col-25\"><label for=\"adr1\">Anschrift<\/label><\/div>\n<div class=\"col-75\"><span class=\"wpcf7-form-control-wrap Anschrift\"><input type=\"text\" name=\"Anschrift\" value=\"\" size=\"40\" class=\"wpcf7-form-control wpcf7-text\" id=\"adr1\" aria-invalid=\"false\" \/><\/span><\/div>\n<\/div>\n<div class=\"row\">\n<div class=\"col-25\"><label for=\"plz\">Postleitzahl<\/label><\/div>\n<div class=\"col-75\"><span class=\"wpcf7-form-control-wrap Postleitzahl\"><input type=\"text\" name=\"Postleitzahl\" value=\"\" size=\"40\" class=\"wpcf7-form-control wpcf7-text\" aria-invalid=\"false\" \/><\/span><\/div>\n<\/div>\n<div class=\"row\">\n<div class=\"col-25\"><label for=\"stadt\">Stadt<\/label><\/div>\n<div class=\"col-75\"><span class=\"wpcf7-form-control-wrap Stadt\"><input type=\"text\" name=\"Stadt\" value=\"\" size=\"40\" class=\"wpcf7-form-control wpcf7-text\" id=\"stadt\" aria-invalid=\"false\" \/><\/span><\/div>\n<\/div>\n<div class=\"row\">\n<div class=\"col-25\"><label for=\"date\">Datum<\/label><\/div>\n<div class=\"col-75\"><span class=\"wpcf7-form-control-wrap date-878\"><input type=\"date\" name=\"date-878\" value=\"\" class=\"wpcf7-form-control wpcf7-date wpcf7-validates-as-date\" aria-invalid=\"false\" \/><\/span><\/div>\n<\/div>\n<div class=\"row\">\n<div class=\"col-25\"><label> Betreff <\/label><\/div>\n<div class=\"col-75\"><span class=\"wpcf7-form-control-wrap menu-182\"><select name=\"menu-182\" class=\"wpcf7-form-control wpcf7-select\" aria-invalid=\"false\"><option value=\"\">---<\/option><option value=\"Anfrage\">Anfrage<\/option><option value=\"Preisanfrage\">Preisanfrage<\/option><option value=\"Bestellung\">Bestellung<\/option><\/select><\/span><\/div>\n<\/div>\n<p>Bitte geben Sie jeweils an: Anzahl, Bezeichnung, Artikelnummer, Ausf\u00fchrung, Anmerkungen)<\/p>\n<p><span class=\"wpcf7-form-control-wrap your-message\"><textarea name=\"your-message\" cols=\"40\" rows=\"10\" class=\"wpcf7-form-control wpcf7-textarea\" aria-invalid=\"false\">Anzahl, Bezeichnung, Artikelnummer, Ausf\u00fchrung, Anmerkungen<\/textarea><\/span><\/p>\n<p>F\u00fcr Vertragskunden gelten die vereinbarten Preise und Konditionen. Ansonsten sind die Preise und Konditionen per Telefon abgefragt. \u00c4nderungen der Spezifikation  bleiben vorbehalten. Die Ware bleibt bis zur vollst\u00e4ndigen Bezahlung des Kaufpreises und aller damit verbundenen Kosten und Spesen Eigentum von med-renovate.<\/p>\n<p><span class=\"wpcf7-form-control-wrap acceptance-data\"><span class=\"wpcf7-form-control wpcf7-acceptance\"><span class=\"wpcf7-list-item\"><label><input type=\"checkbox\" name=\"acceptance-data\" value=\"1\" aria-invalid=\"false\" \/><span class=\"wpcf7-list-item-label\">Hiermit stimme ich der Verarbeitung der hier eingetragenen Daten zwecks Auftragsabwicklung zu. Weiteres hierzu findet sich in der Datenschutzerkl\u00e4rung.<\/span><\/label><\/span><\/span><\/span><br \/>\n[recaptcha]<br \/>\nPr\u00fcfen Sie bitte die Angaben und senden dann die Bestellung ab.<\/p>\n<p><input type=\"submit\" value=\"Bestellung absenden\" class=\"wpcf7-form-control wpcf7-submit\" \/><\/p>\n<div class=\"wpcf7-response-output\" role=\"alert\" aria-hidden=\"true\"><\/div><\/form><\/div>[\/vc_column][\/vc_row]<\/p>\n","protected":false},"excerpt":{"rendered":"<p>[vc_row][vc_column][\/vc_column][\/vc_row]<\/p>\n","protected":false},"author":6,"featured_media":0,"parent":0,"menu_order":0,"comment_status":"closed","ping_status":"closed","template":"","meta":{"footnotes":""},"class_list":["post-12717","page","type-page","status-publish","hentry"],"_links":{"self":[{"href":"https:\/\/pr.oostlander.de\/bpw-hauptseite\/wp-json\/wp\/v2\/pages\/12717","targetHints":{"allow":["GET"]}}],"collection":[{"href":"https:\/\/pr.oostlander.de\/bpw-hauptseite\/wp-json\/wp\/v2\/pages"}],"about":[{"href":"https:\/\/pr.oostlander.de\/bpw-hauptseite\/wp-json\/wp\/v2\/types\/page"}],"author":[{"embeddable":true,"href":"https:\/\/pr.oostlander.de\/bpw-hauptseite\/wp-json\/wp\/v2\/users\/6"}],"replies":[{"embeddable":true,"href":"https:\/\/pr.oostlander.de\/bpw-hauptseite\/wp-json\/wp\/v2\/comments?post=12717"}],"version-history":[{"count":1,"href":"https:\/\/pr.oostlander.de\/bpw-hauptseite\/wp-json\/wp\/v2\/pages\/12717\/revisions"}],"predecessor-version":[{"id":12718,"href":"https:\/\/pr.oostlander.de\/bpw-hauptseite\/wp-json\/wp\/v2\/pages\/12717\/revisions\/12718"}],"wp:attachment":[{"href":"https:\/\/pr.oostlander.de\/bpw-hauptseite\/wp-json\/wp\/v2\/media?parent=12717"}],"curies":[{"name":"wp","href":"https:\/\/api.w.org\/{rel}","templated":true}]}}