{"id":12598,"date":"2018-10-03T13:40:42","date_gmt":"2018-10-03T11:40:42","guid":{"rendered":"https:\/\/pr.oostlander.de\/?page_id=12598"},"modified":"2018-12-12T19:59:12","modified_gmt":"2018-12-12T17:59:12","slug":"praxis","status":"publish","type":"page","link":"https:\/\/pr.oostlander.de\/bpw-hauptseite\/produkte\/anwendungsgebiete\/praxis\/","title":{"rendered":"Praxis"},"content":{"rendered":"<p>[vc_row remove_padding=&#8220;no-padding-vc-row&#8220;][vc_column]<div id=\"sub-header\" class=\"\"><ul class=\"breadcrumb\"><li><a href=\"https:\/\/pr.oostlander.de\/bpw-hauptseite\/\"><\/a> <\/li><li><span class=\"current\">Seite<\/span><\/li><\/ul><\/div>[\/vc_column][\/vc_row][vc_row remove_padding=&#8220;no-padding-vc-row&#8220;][vc_column]<div id=\"ultimate-heading-315269d3168db695e\" class=\"uvc-heading ult-adjust-bottom-margin ultimate-heading-315269d3168db695e uvc-6358 \" data-hspacer=\"no_spacer\"  data-halign=\"center\" style=\"text-align:center\"><div class=\"uvc-heading-spacer no_spacer\" style=\"top\"><\/div><div class=\"uvc-main-heading ult-responsive\"  data-ultimate-target='.uvc-heading.ultimate-heading-315269d3168db695e h2'  data-responsive-json-new='{\"font-size\":\"desktop:45px;\",\"line-height\":\"\"}' ><h2 style=\"font-weight:normal;\">Praxis<\/h2><\/div><div class=\"uvc-sub-heading ult-responsive\"  data-ultimate-target='.uvc-heading.ultimate-heading-315269d3168db695e .uvc-sub-heading '  data-responsive-json-new='{\"font-size\":\"\",\"line-height\":\"\"}'  style=\"font-weight:normal;\">Basis der bildgebenden Diagnostik in der Radiologischen Praxis ist nach wie vor die R\u00f6ntgenaufnahme<\/div><\/div>[vc_empty_space][\/vc_column][\/vc_row][vc_row remove_padding=&#8220;no-padding-vc-row&#8220;][vc_column][vc_text_separator title=&#8220;Technik und Abl\u00e4ufe&#8220; i_icon_fontawesome=&#8220;fa fa-cogs&#8220; i_color=&#8220;black&#8220; i_background_style=&#8220;rounded&#8220; title_align=&#8220;separator_align_left&#8220; add_icon=&#8220;true&#8220;][vc_row_inner][vc_column_inner width=&#8220;2\/3&#8243;][vc_column_text]In der Radiologischen Praxis kommt es darauf an, ein m\u00f6glichst flexibles, multifunktionales R\u00f6ntgensystem zu haben, mit dem alle Positionierungen vorgenommen werden k\u00f6nnen.<\/p>\n<p>Kapazit\u00e4t und Budget m\u00fcssen optimal genutzt, und auch kleine R\u00e4ume in bestehenden Praxen m\u00fcssen heute f\u00fcr die digitale Radiographie genutzt werden k\u00f6nnen.<\/p>\n<p>Zur Digitalen Technik m\u00fcssen auch die Abl\u00e4ufe in der Praxis passen, von der Planung \u00fcber die Einweisung bis zur Konstanzpr\u00fcfung, von der Lieferung \u00fcber die Ausstattung bis zum Life Cycle Management unterst\u00fctzen wir Sie.[\/vc_column_text][\/vc_column_inner][vc_column_inner width=&#8220;1\/3&#8243;][vc_single_image image=&#8220;11754&#8243; img_size=&#8220;medium&#8220; style=&#8220;vc_box_shadow_3d&#8220;][\/vc_column_inner][\/vc_row_inner][vc_text_separator title=&#8220;Patienten- und Mitarbeiter-orientierte Ausstattung&#8220; i_icon_fontawesome=&#8220;fa fa-handshake-o&#8220; i_color=&#8220;black&#8220; i_background_style=&#8220;rounded&#8220; title_align=&#8220;separator_align_left&#8220; add_icon=&#8220;true&#8220;][vc_row_inner][vc_column_inner width=&#8220;2\/3&#8243;][vc_column_text]Das Raumkonzept spiegelt die Identit\u00e4t Ihrer Praxis wider. Vom freundlichen Empfang \u00fcber den wohnlichen Wartebereich bis zu den funktionalen Diagnose- und Behandlungsr\u00e4umen gilt es, ein harmonisch abgestimmtes Gesamtbild darzustellen.<\/p>\n<p>Beleuchtung und Farbe\u00a0bringen die pers\u00f6nliche Note in die Praxisr\u00e4ume und bilden die Basis des \u201aWohlf\u00fchl-Ambiente und\u00a0 beeinflusst ma\u00dfgeblich das Wohlbefinden der Patienten und unterst\u00fctzt das Personal dabei, die Pflegeleistungen zu erbringen.[\/vc_column_text][\/vc_column_inner][vc_column_inner width=&#8220;1\/3&#8243;][vc_single_image image=&#8220;13525&#8243; img_size=&#8220;medium&#8220; style=&#8220;vc_box_shadow_3d&#8220;][\/vc_column_inner][\/vc_row_inner][vc_row_inner][vc_column_inner][vc_separator][vc_basic_grid post_type=&#8220;ids&#8220; style=&#8220;pagination&#8220; items_per_page=&#8220;4&#8243; element_width=&#8220;3&#8243; arrows_design=&#8220;vc_arrow-icon-arrow_03_left&#8220; arrows_position=&#8220;outside&#8220; arrows_color=&#8220;black&#8220; loop=&#8220;yes&#8220; item=&#8220;11923&#8243; grid_id=&#8220;vc_gid:1544637544756-25acd185-bd15-9&#8243; include=&#8220;10862, 10907, 12618, 10894, 10896, 10948, 10892, 10937, 10870&#8243;][\/vc_column_inner][\/vc_row_inner][\/vc_column][\/vc_row]<\/p>\n","protected":false},"excerpt":{"rendered":"<p>[vc_row remove_padding=&#8220;no-padding-vc-row&#8220;][vc_column][\/vc_column][\/vc_row][vc_row remove_padding=&#8220;no-padding-vc-row&#8220;][vc_column][vc_empty_space][\/vc_column][\/vc_row][vc_row remove_padding=&#8220;no-padding-vc-row&#8220;][vc_column][vc_text_separator title=&#8220;Technik und Abl\u00e4ufe&#8220; i_icon_fontawesome=&#8220;fa fa-cogs&#8220; i_color=&#8220;black&#8220; i_background_style=&#8220;rounded&#8220; title_align=&#8220;separator_align_left&#8220; add_icon=&#8220;true&#8220;][vc_row_inner][vc_column_inner width=&#8220;2\/3&#8243;][vc_column_text]In der Radiologischen Praxis kommt es darauf an, ein m\u00f6glichst flexibles, multifunktionales R\u00f6ntgensystem zu haben, mit dem alle Positionierungen vorgenommen werden k\u00f6nnen. Kapazit\u00e4t und Budget m\u00fcssen optimal&#8230;<\/p>\n","protected":false},"author":1,"featured_media":0,"parent":12559,"menu_order":0,"comment_status":"closed","ping_status":"closed","template":"","meta":{"footnotes":""},"class_list":["post-12598","page","type-page","status-publish","hentry"],"_links":{"self":[{"href":"https:\/\/pr.oostlander.de\/bpw-hauptseite\/wp-json\/wp\/v2\/pages\/12598","targetHints":{"allow":["GET"]}}],"collection":[{"href":"https:\/\/pr.oostlander.de\/bpw-hauptseite\/wp-json\/wp\/v2\/pages"}],"about":[{"href":"https:\/\/pr.oostlander.de\/bpw-hauptseite\/wp-json\/wp\/v2\/types\/page"}],"author":[{"embeddable":true,"href":"https:\/\/pr.oostlander.de\/bpw-hauptseite\/wp-json\/wp\/v2\/users\/1"}],"replies":[{"embeddable":true,"href":"https:\/\/pr.oostlander.de\/bpw-hauptseite\/wp-json\/wp\/v2\/comments?post=12598"}],"version-history":[{"count":7,"href":"https:\/\/pr.oostlander.de\/bpw-hauptseite\/wp-json\/wp\/v2\/pages\/12598\/revisions"}],"predecessor-version":[{"id":13626,"href":"https:\/\/pr.oostlander.de\/bpw-hauptseite\/wp-json\/wp\/v2\/pages\/12598\/revisions\/13626"}],"up":[{"embeddable":true,"href":"https:\/\/pr.oostlander.de\/bpw-hauptseite\/wp-json\/wp\/v2\/pages\/12559"}],"wp:attachment":[{"href":"https:\/\/pr.oostlander.de\/bpw-hauptseite\/wp-json\/wp\/v2\/media?parent=12598"}],"curies":[{"name":"wp","href":"https:\/\/api.w.org\/{rel}","templated":true}]}}