{"id":12460,"date":"2018-09-24T19:02:42","date_gmt":"2018-09-24T17:02:42","guid":{"rendered":"https:\/\/pr.oostlander.de\/?page_id=12460"},"modified":"2018-12-14T19:26:35","modified_gmt":"2018-12-14T17:26:35","slug":"philips-lighting","status":"publish","type":"page","link":"https:\/\/pr.oostlander.de\/bpw-hauptseite\/produkte\/hersteller\/philips-lighting\/","title":{"rendered":"Philips Lighting"},"content":{"rendered":"<p>[vc_row remove_padding=&#8220;no-padding-vc-row&#8220;][vc_column]<div id=\"sub-header\" class=\"\"><ul class=\"breadcrumb\"><li><a href=\"https:\/\/pr.oostlander.de\/bpw-hauptseite\/\"><\/a> <\/li><li><span class=\"current\">Seite<\/span><\/li><\/ul><\/div>[\/vc_column][\/vc_row][vc_row full_height=&#8220;yes&#8220; content_placement=&#8220;middle&#8220; remove_padding=&#8220;no-padding-vc-row&#8220; bg_type=&#8220;image&#8220; parallax_style=&#8220;vcpb-vz-jquery&#8220; bg_image_new=&#8220;id^12874|url^https:\/\/pr.oostlander.de\/wp-content\/uploads\/2018\/10\/pr-pl-HE_Delivery-room.jpg|caption^null|alt^null|title^pr-pl-HE_Delivery room|description^null&#8220; bg_image_repeat=&#8220;no-repeat&#8220; bg_image_size=&#8220;contain&#8220; parallax_sense=&#8220;25&#8243; bg_override=&#8220;full&#8220;][vc_column]<div class=\"ult-animation  ult-animate-viewport  ult-no-mobile \" data-animate=\"fadeInDown\" data-animation-delay=\"0\" data-animation-duration=\"2\" data-animation-iteration=\"1\" style=\"opacity:0;\" data-opacity_start_effect=\"\"><div id=\"ultimate-heading-91506a04af856756e\" class=\"uvc-heading ult-adjust-bottom-margin ultimate-heading-91506a04af856756e uvc-3995 gradient_text_first\" data-hspacer=\"no_spacer\"  data-halign=\"center\" style=\"text-align:center\"><div class=\"uvc-heading-spacer no_spacer\" style=\"top\"><\/div><div class=\"uvc-main-heading ult-responsive\"  data-ultimate-target='.uvc-heading.ultimate-heading-91506a04af856756e h2'  data-responsive-json-new='{\"font-size\":\"desktop:35px;\",\"line-height\":\"\"}' ><h2 style=\"font-weight:normal;color:#2b2b2b;\">Philips Lighting \/ signify<\/h2><\/div><\/div><\/div><div class=\"ult-animation  ult-animate-viewport  ult-no-mobile \" data-animate=\"fadeInUp\" data-animation-delay=\"0\" data-animation-duration=\"2\" data-animation-iteration=\"1\" style=\"opacity:0;\" data-opacity_start_effect=\"\"><div id=\"ultimate-heading-9046a04af85675c7\" class=\"uvc-heading ult-adjust-bottom-margin ultimate-heading-9046a04af85675c7 uvc-680 gradient_text_last\" data-hspacer=\"no_spacer\"  data-halign=\"center\" style=\"text-align:center\"><div class=\"uvc-heading-spacer no_spacer\" style=\"top\"><\/div><div class=\"uvc-main-heading ult-responsive\"  data-ultimate-target='.uvc-heading.ultimate-heading-9046a04af85675c7 h2'  data-responsive-json-new='{\"font-size\":\"desktop:27px;\",\"line-height\":\"\"}' ><h2 style=\"font-weight:normal;color:#2b2b2b;\">med-renovate liefert Luminous Textile<\/h2><\/div><\/div><\/div>[\/vc_column][\/vc_row][vc_row remove_padding=&#8220;no-padding-vc-row&#8220; css=&#8220;.vc_custom_1536743525247{padding-top: 100px !important;padding-bottom: 100px !important;}&#8220;][vc_column]<div id=\"ultimate-heading-95786a04af85675e5\" class=\"uvc-heading ult-adjust-bottom-margin ultimate-heading-95786a04af85675e5 uvc-3537 \" data-hspacer=\"line_only\"  data-halign=\"left\" style=\"text-align:left\"><div class=\"uvc-main-heading ult-responsive\"  data-ultimate-target='.uvc-heading.ultimate-heading-95786a04af85675e5 h2'  data-responsive-json-new='{\"font-size\":\"desktop:35px;\",\"line-height\":\"\"}' ><h2 style=\"font-weight:normal;color:#2b2b2b;\">Textil-Panele, dynamisch beleuchtet und ger\u00e4uschabsorbierend<\/h2><\/div><div class=\"uvc-sub-heading ult-responsive\"  data-ultimate-target='.uvc-heading.ultimate-heading-95786a04af85675e5 .uvc-sub-heading '  data-responsive-json-new='{\"font-size\":\"\",\"line-height\":\"\"}'  style=\"font-weight:normal;\">Mit den Leuchttextilien-Panelen ergeben sich neue M\u00f6glichkeiten, die Arbeitsumgebung f\u00fcr Patienten und f\u00fcr Personal zu gestalten und ein &#8218;heilungsf\u00f6rderndes&#8216; Wohlf\u00fchl-Ambiente zu kreieren.<\/div><div class=\"uvc-heading-spacer line_only\" style=\"topheight:1px;\"><span class=\"uvc-headings-line\" style=\"border-style:solid;border-bottom-width:1px;border-color:#c1c1c1;width:autopx;\"><\/span><\/div><\/div>[\/vc_column][\/vc_row][vc_row equal_height=&#8220;yes&#8220; remove_padding=&#8220;no-padding-vc-row&#8220; bg_type=&#8220;grad&#8220; bg_grad=&#8220;background: -webkit-gradient(linear, left top, left bottom, color-stop(0%, #FFFFFF), color-stop(20%, #E3E3E3), color-stop(80%, #E3E3E3), color-stop(100%, #FFFFFF));background: -moz-linear-gradient(top,#FFFFFF 0%,#E3E3E3 20%,#E3E3E3 80%,#FFFFFF 100%);background: -webkit-linear-gradient(top,#FFFFFF 0%,#E3E3E3 20%,#E3E3E3 80%,#FFFFFF 100%);background: -o-linear-gradient(top,#FFFFFF 0%,#E3E3E3 20%,#E3E3E3 80%,#FFFFFF 100%);background: -ms-linear-gradient(top,#FFFFFF 0%,#E3E3E3 20%,#E3E3E3 80%,#FFFFFF 100%);background: linear-gradient(top,#FFFFFF 0%,#E3E3E3 20%,#E3E3E3 80%,#FFFFFF 100%);&#8220; css=&#8220;.vc_custom_1540576903503{padding-top: 60px !important;padding-bottom: 100px !important;}&#8220;][vc_column][vc_row_inner][vc_column_inner width=&#8220;1\/3&#8243;][vc_single_image image=&#8220;13104&#8243; img_size=&#8220;medium&#8220; alignment=&#8220;center&#8220;][\/vc_column_inner][vc_column_inner width=&#8220;2\/3&#8243;][vc_column_text]<\/p>\n<h4>Setzen Sie Zeichen mit Luminous Textile!<\/h4>\n<p>Die Leuchttextilien-Panele erm\u00f6glichen es, Licht, Farbe, Textur und Video ineinander \u00fcberzublenden und inspirierende Ansichten zu schaffen. Erh\u00e4ltlich in zahlreichen Gr\u00f6\u00dfen und Formen mit vielen Optionen f\u00fcr digitalen Inhalt sind sie einfach zu installieren und \u00fcber einen Computer oder ein mobiles Ger\u00e4t fernzubedienen.<br \/>\nMit ihrer energieeffizienten LED-Technologie und den Kvadrat Soft Cells wird zus\u00e4tzlich die Akustik verbessert.[\/vc_column_text][\/vc_column_inner][\/vc_row_inner][vc_row_inner][vc_column_inner width=&#8220;1\/3&#8243;][vc_single_image image=&#8220;12874&#8243; img_size=&#8220;medium&#8220; alignment=&#8220;center&#8220;][\/vc_column_inner][vc_column_inner width=&#8220;2\/3&#8243;][vc_column_text]<\/p>\n<h4>Gestalten Sie die Umgebung des Behandlungsraumes!<\/h4>\n<ul>\n<li>Mit Licht und Farbe k\u00f6nnen \u00c4ngste gelindert werden.<\/li>\n<li>Der Komfort wird gesteigert, der Energiebedarf gesenkt.<\/li>\n<li>Kombinieren Sie Licht, Bilder, Farbe und ger\u00e4uschabsorbierende Textilien zum Wohle Ihrer Patienten.<\/li>\n<li>Licht, Farbe und eine ruhige Atmosph\u00e4re haben einen motivierenden Einfluss.<\/li>\n<\/ul>\n<p>[\/vc_column_text][\/vc_column_inner][\/vc_row_inner][vc_row_inner][vc_column_inner width=&#8220;1\/3&#8243;][vc_single_image image=&#8220;13008&#8243; img_size=&#8220;medium&#8220; alignment=&#8220;center&#8220;][\/vc_column_inner][vc_column_inner width=&#8220;2\/3&#8243;][vc_column_text]<\/p>\n<h4>Die Vorteile von Luminous Textile!<\/h4>\n<ul>\n<li>Schaffen Sie faszinierende Ansichten und Markenerfahrungen \u2013 von atemberaubenden Feature-W\u00e4nden bis hin zu lichtstreuenden Decken.<\/li>\n<li>Vermitteln Sie Ihre einzigartige Identit\u00e4t, indem Sie Ihre eigenen Video-Inhalte zeigen, oder einen Upload aus der Inhaltsbibliothek<\/li>\n<li>Steuern Sie Ihre Lichtfl\u00e4chen ganz einfach \u00fcber ein beliebiges vernetztes Ger\u00e4t, beispielsweise ein Smartphone oder ein Tablet<\/li>\n<li>Reduzieren Sie L\u00e4rmbel\u00e4stigungen mit Hilfe von Kvadrat Soft Cells, die Schall d\u00e4mpfen und Echos abschw\u00e4chen.<\/li>\n<\/ul>\n<p>[\/vc_column_text][\/vc_column_inner][\/vc_row_inner][\/vc_column][\/vc_row][vc_row remove_padding=&#8220;no-padding-vc-row&#8220;][vc_column][vc_tta_accordion style=&#8220;modern&#8220; shape=&#8220;square&#8220; active_section=&#8220;1&#8243; no_fill=&#8220;true&#8220; collapsible_all=&#8220;true&#8220;][vc_tta_section title=&#8220;Produktbilder&#8220; tab_id=&#8220;1532708979977-c2b445c0-b9fe54fe-5469e1e3-0da9&#8243;][vc_media_grid style=&#8220;pagination&#8220; element_width=&#8220;2&#8243; grid_id=&#8220;vc_gid:1544808350687-3dc2cd2c-3cb4-10&#8243; include=&#8220;12874,13104,13008,13292,13291&#8243; paging_animation_in=&#8220;zoomIn&#8220;][\/vc_tta_section][vc_tta_section title=&#8220;Technische Daten&#8220; tab_id=&#8220;1532708979935-740510b9-f7f654fe-5469e1e3-0da9&#8243;][vc_column_text]<h2 id=\"tablepress-24-name\" class=\"tablepress-table-name tablepress-table-name-id-24\">Technische Daten Luminous Textile<\/h2>\n\n<table id=\"tablepress-24\" class=\"tablepress tablepress-id-24\" aria-labelledby=\"tablepress-24-name\">\n<tbody class=\"row-hover\">\n<tr class=\"row-1 odd\">\n\t<td class=\"column-1\">1<\/td><td class=\"column-2\">Finish<\/td><td class=\"column-3\">Selection of Kvadrat textiles<br \/>\n(www.largeluminoussurfaces.com\/textile)<\/td>\n<\/tr>\n<tr class=\"row-2 even\">\n\t<td class=\"column-1\">2<\/td><td class=\"column-2\">Approbations<\/td><td class=\"column-3\">CE, CCC, Gost-R marking (Other version available<br \/>\nwith UL, cUL)<\/td>\n<\/tr>\n<tr class=\"row-3 odd\">\n\t<td class=\"column-1\">3<\/td><td class=\"column-2\">Dimensions (panel)<\/td><td class=\"column-3\">Min 720 x 720 mm<br \/>\nMax 1200 x 6480 mm (in increments of 60 mm)<\/td>\n<\/tr>\n<tr class=\"row-4 even\">\n\t<td class=\"column-1\">4<\/td><td class=\"column-2\">Thickness (panel)<\/td><td class=\"column-3\">127 mm (including mounting elements)<\/td>\n<\/tr>\n<tr class=\"row-5 odd\">\n\t<td class=\"column-1\">5<\/td><td class=\"column-2\">Weight (panel)<\/td><td class=\"column-3\">Ranging from 8.7 - 19.3 kg\/m 2<br \/>\nDepending on panel size<\/td>\n<\/tr>\n<tr class=\"row-6 even\">\n\t<td class=\"column-1\">6<\/td><td class=\"column-2\">Mounting<\/td><td class=\"column-3\">Wall (portrait\/landscape, surface or recessed)<br \/>\nCeiling (surface, recessed or suspended<\/td>\n<\/tr>\n<tr class=\"row-7 odd\">\n\t<td class=\"column-1\">7<\/td><td class=\"column-2\">Input voltage<\/td><td class=\"column-3\">100 - 240 V AC<\/td>\n<\/tr>\n<tr class=\"row-8 even\">\n\t<td class=\"column-1\">8<\/td><td class=\"column-2\">Input frequency <\/td><td class=\"column-3\">50 - 60 Hz<\/td>\n<\/tr>\n<tr class=\"row-9 odd\">\n\t<td class=\"column-1\">9<\/td><td class=\"column-2\">Input power<\/td><td class=\"column-3\">Max 55 W per m 2<\/td>\n<\/tr>\n<tr class=\"row-10 even\">\n\t<td class=\"column-1\">10<\/td><td class=\"column-2\">Usage environment <\/td><td class=\"column-3\">Indoor only (IP20)<\/td>\n<\/tr>\n<tr class=\"row-11 odd\">\n\t<td class=\"column-1\">11<\/td><td class=\"column-2\">Operating temperature<\/td><td class=\"column-3\">5-35 \u00b0C<\/td>\n<\/tr>\n<tr class=\"row-12 even\">\n\t<td class=\"column-1\">12<\/td><td class=\"column-2\">Relative humidity<\/td><td class=\"column-3\">Max. 95% non-condensing<\/td>\n<\/tr>\n<tr class=\"row-13 odd\">\n\t<td class=\"column-1\">13<\/td><td class=\"column-2\">Fire safety<\/td><td class=\"column-3\">B-s2,d0 (EN 13501-2 Euroclass)<\/td>\n<\/tr>\n<tr class=\"row-14 even\">\n\t<td class=\"column-1\">14<\/td><td class=\"column-2\">Luminance <\/td><td class=\"column-3\">Up to 190 cd\/m 2 (depending on textile)<\/td>\n<\/tr>\n<tr class=\"row-15 odd\">\n\t<td class=\"column-1\">15<\/td><td class=\"column-2\">Lumen maintenance<\/td><td class=\"column-3\">60,000 hours L70 @ 25\u00b0 C<\/td>\n<\/tr>\n<tr class=\"row-16 even\">\n\t<td class=\"column-1\">16<\/td><td class=\"column-2\">Pixel pitch<\/td><td class=\"column-3\">60 mm<\/td>\n<\/tr>\n<tr class=\"row-17 odd\">\n\t<td class=\"column-1\">17<\/td><td class=\"column-2\">Light source <\/td><td class=\"column-3\">RGB LEDs<\/td>\n<\/tr>\n<tr class=\"row-18 even\">\n\t<td class=\"column-1\">18<\/td><td class=\"column-2\">Mains connection<\/td><td class=\"column-3\">IEC connector, mains cable included<\/td>\n<\/tr>\n<tr class=\"row-19 odd\">\n\t<td class=\"column-1\">19<\/td><td class=\"column-2\">Data connection<\/td><td class=\"column-3\">RJ45 Ethernet connection<br \/>\nPort for optional remote control<\/td>\n<\/tr>\n<tr class=\"row-20 even\">\n\t<td class=\"column-1\">20<\/td><td class=\"column-2\">Playback controller<\/td><td class=\"column-3\">Integrated<\/td>\n<\/tr>\n<tr class=\"row-21 odd\">\n\t<td class=\"column-1\">21<\/td><td class=\"column-2\">Content management for playback controller<\/td><td class=\"column-3\">Content Manager software (Windows 7, Windows 8)<\/td>\n<\/tr>\n<tr class=\"row-22 even\">\n\t<td class=\"column-1\">22<\/td><td class=\"column-2\">Content source for playback controller<\/td><td class=\"column-3\">*.wmv files, access to Large Luminous Surfaces<br \/>\nstandard content database<\/td>\n<\/tr>\n<tr class=\"row-23 odd\">\n\t<td class=\"column-1\">23<\/td><td class=\"column-2\">Control interface<\/td><td class=\"column-3\">DiscoverMe LTP application (iOS, Android)<br \/>\nRemote control (optional)<br \/>\nIntegrated scheduler<br \/>\nAccessible via any computer connected to the<br \/>\nluminous textile panel network<\/td>\n<\/tr>\n<tr class=\"row-24 even\">\n\t<td class=\"column-1\">24<\/td><td class=\"column-2\">System integration<\/td><td class=\"column-3\">Trigger playback controller via various Ethernet<br \/>\nprotocols (UDP, KiNET, DyNET)<\/td>\n<\/tr>\n<tr class=\"row-25 odd\">\n\t<td class=\"column-1\">25<\/td><td class=\"column-2\"># of panels in a system<\/td><td class=\"column-3\">Unlimited<\/td>\n<\/tr>\n<tr class=\"row-26 even\">\n\t<td class=\"column-1\">26<\/td><td class=\"column-2\">External streaming input<\/td><td class=\"column-3\">Art-Net, KiNET (additional to playback controller<br \/>\nfunctionality)<\/td>\n<\/tr>\n<\/tbody>\n<\/table>\n<!-- #tablepress-24 from cache -->[\/vc_column_text][\/vc_tta_section][vc_tta_section title=&#8220;Support und Wartung&#8220; tab_id=&#8220;1532713109960-d3760310-956f54fe-5469e1e3-0da9&#8243;][vc_row_inner][vc_column_inner width=&#8220;1\/2&#8243;]<div class=\"aio-icon-component    style_2\"><div id=\"Info-box-wrap-5807\" class=\"aio-icon-box default-icon\" style=\"\"  ><div class=\"aio-icon-default\"><div class=\"ult-just-icon-wrapper  \"><div class=\"align-icon\" style=\"text-align:center;\">\n<div class=\"aio-icon none \"  style=\"color:#333;font-size:32px;display:inline-block;\">\n\t<i class=\"Defaults-cogs gears\"><\/i>\n<\/div><\/div><\/div><\/div><div class=\"aio-icon-header\" ><h3 class=\"aio-icon-title ult-responsive\"  data-ultimate-target='#Info-box-wrap-5807 .aio-icon-title'  data-responsive-json-new='{\"font-size\":\"\",\"line-height\":\"\"}'  style=\"\">Zuverl\u00e4ssiges Life-Cycle-Management<\/h3><\/div> <!-- header --><div class=\"aio-icon-description ult-responsive\"  data-ultimate-target='#Info-box-wrap-5807 .aio-icon-description'  data-responsive-json-new='{\"font-size\":\"\",\"line-height\":\"\"}'  style=\"\">Mit Planung, Installation, Inbetriebnahme, Konstanzpr\u00fcfungen, Wartungen, Reparatur aus einer Hand reduzieren Sie Ihr betriebliches Risiko. W\u00e4hlen Sie den Support, der zu Ihrer Einrichtung passt. Wir bieten Ihnen Ressourcen, Schulungen und Unterst\u00fctzung, damit Sie sich ganz auf das konzentrieren k\u00f6nnen, was am wichtigsten ist: Ihre Patienten.<a class=\"aio-icon-read xx\" href=\"https:\/\/pr.oostlander.de\/wartung-und-reparatur\/\" title=\"Wartung und Reparatur\" >Mehr erfahren&nbsp;&raquo;<\/a><\/div> <!-- description --><\/div> <!-- aio-icon-box --><\/div> <!-- aio-icon-component -->[\/vc_column_inner][vc_column_inner width=&#8220;1\/2&#8243;]<div class=\"aio-icon-component    style_2\"><div id=\"Info-box-wrap-7058\" class=\"aio-icon-box default-icon\" style=\"\"  ><div class=\"aio-icon-default\"><div class=\"ult-just-icon-wrapper  \"><div class=\"align-icon\" style=\"text-align:center;\">\n<div class=\"aio-icon none \"  style=\"color:#333;font-size:32px;display:inline-block;\">\n\t<i class=\"Defaults-dashboard tachometer\"><\/i>\n<\/div><\/div><\/div><\/div><div class=\"aio-icon-header\" ><h3 class=\"aio-icon-title ult-responsive\"  data-ultimate-target='#Info-box-wrap-7058 .aio-icon-title'  data-responsive-json-new='{\"font-size\":\"\",\"line-height\":\"\"}'  style=\"\">Remote-Support<\/h3><\/div> <!-- header --><div class=\"aio-icon-description ult-responsive\"  data-ultimate-target='#Info-box-wrap-7058 .aio-icon-description'  data-responsive-json-new='{\"font-size\":\"\",\"line-height\":\"\"}'  style=\"\">Die Remote Services sind nur ein Element der optimierten Dienstleistungen, die wir Ihnen anbieten \u2013 orts- und zeitunabh\u00e4ngig. Entsprechend der Systemausstattung sind verschiedene Systemkommunikationen und Fehlerberichte m\u00f6glich.<a class=\"aio-icon-read xx\" href=\"https:\/\/pr.oostlander.de\/remote-service\/\" title=\"Remote-Service\" >Mehr erfahren&nbsp;&raquo;<\/a><\/div> <!-- description --><\/div> <!-- aio-icon-box --><\/div> <!-- aio-icon-component -->[\/vc_column_inner][\/vc_row_inner][\/vc_tta_section][vc_tta_section title=&#8220;Downloads&#8220; tab_id=&#8220;1532714484054-8b6af0b9-9cd254fe-5469e1e3-0da9&#8243;][vc_row_inner][vc_column_inner width=&#8220;1\/3&#8243;][vc_btn title=&#8220;Bring spaces alive&#8220; shape=&#8220;square&#8220; i_icon_fontawesome=&#8220;fa fa-download&#8220; add_icon=&#8220;true&#8220; link=&#8220;url:https%3A%2F%2Fpr.oostlander.de%2Fwp-content%2Fuploads%2F2018%2F11%2Fbr-pl-ODLI20170815_001-UPD-en_AA-philips_inspirational_leaflet.pdf|title:luminous%20textile%20mit%20kvadrat%20softcells||&#8220;][\/vc_column_inner][vc_column_inner width=&#8220;1\/3&#8243;][\/vc_column_inner][vc_column_inner width=&#8220;1\/3&#8243;][\/vc_column_inner][\/vc_row_inner][\/vc_tta_section][\/vc_tta_accordion][\/vc_column][\/vc_row][vc_row remove_padding=&#8220;no-padding-vc-row&#8220;][vc_column][vc_cta h2=&#8220;Lassen Sie sich von uns beraten:&#8220; h4=&#8220;Wir stellen ihnen ein auf ihre Bed\u00fcrfnisse zugeschnittenes System zusammen&#8220; shape=&#8220;square&#8220; add_button=&#8220;bottom&#8220; btn_title=&#8220;Angebot anfordern&#8220; btn_align=&#8220;center&#8220; add_icon=&#8220;top&#8220; i_icon_fontawesome=&#8220;fa fa-handshake-o&#8220; i_color=&#8220;black&#8220; i_background_style=&#8220;rounded&#8220; btn_link=&#8220;url:https%3A%2F%2Fpr.oostlander.de%2Fkontakt%2F%3Fuc%3D14|title:Angebot%20anfordern||&#8220; i_link=&#8220;|||&#8220;]Planung, Installation, Inbetriebnahme, Einweisung, Wartung aus einer Hand.[\/vc_cta][\/vc_column][\/vc_row]<\/p>\n","protected":false},"excerpt":{"rendered":"<p>[vc_row remove_padding=&#8220;no-padding-vc-row&#8220;][vc_column][\/vc_column][\/vc_row][vc_row full_height=&#8220;yes&#8220; content_placement=&#8220;middle&#8220; remove_padding=&#8220;no-padding-vc-row&#8220; bg_type=&#8220;image&#8220; parallax_style=&#8220;vcpb-vz-jquery&#8220; bg_image_new=&#8220;id^12874|url^https:\/\/pr.oostlander.de\/wp-content\/uploads\/2018\/10\/pr-pl-HE_Delivery-room.jpg|caption^null|alt^null|title^pr-pl-HE_Delivery room|description^null&#8220; bg_image_repeat=&#8220;no-repeat&#8220; bg_image_size=&#8220;contain&#8220; parallax_sense=&#8220;25&#8243; bg_override=&#8220;full&#8220;][vc_column][\/vc_column][\/vc_row][vc_row remove_padding=&#8220;no-padding-vc-row&#8220; css=&#8220;.vc_custom_1536743525247{padding-top: 100px !important;padding-bottom: 100px !important;}&#8220;][vc_column][\/vc_column][\/vc_row][vc_row equal_height=&#8220;yes&#8220; remove_padding=&#8220;no-padding-vc-row&#8220; bg_type=&#8220;grad&#8220; bg_grad=&#8220;background: -webkit-gradient(linear, left top, left bottom, color-stop(0%, #FFFFFF), color-stop(20%, #E3E3E3), color-stop(80%, #E3E3E3), color-stop(100%, #FFFFFF));background: -moz-linear-gradient(top,#FFFFFF 0%,#E3E3E3 20%,#E3E3E3 80%,#FFFFFF&#8230;<\/p>\n","protected":false},"author":6,"featured_media":0,"parent":10870,"menu_order":0,"comment_status":"closed","ping_status":"closed","template":"","meta":{"footnotes":""},"class_list":["post-12460","page","type-page","status-publish","hentry"],"_links":{"self":[{"href":"https:\/\/pr.oostlander.de\/bpw-hauptseite\/wp-json\/wp\/v2\/pages\/12460","targetHints":{"allow":["GET"]}}],"collection":[{"href":"https:\/\/pr.oostlander.de\/bpw-hauptseite\/wp-json\/wp\/v2\/pages"}],"about":[{"href":"https:\/\/pr.oostlander.de\/bpw-hauptseite\/wp-json\/wp\/v2\/types\/page"}],"author":[{"embeddable":true,"href":"https:\/\/pr.oostlander.de\/bpw-hauptseite\/wp-json\/wp\/v2\/users\/6"}],"replies":[{"embeddable":true,"href":"https:\/\/pr.oostlander.de\/bpw-hauptseite\/wp-json\/wp\/v2\/comments?post=12460"}],"version-history":[{"count":53,"href":"https:\/\/pr.oostlander.de\/bpw-hauptseite\/wp-json\/wp\/v2\/pages\/12460\/revisions"}],"predecessor-version":[{"id":13682,"href":"https:\/\/pr.oostlander.de\/bpw-hauptseite\/wp-json\/wp\/v2\/pages\/12460\/revisions\/13682"}],"up":[{"embeddable":true,"href":"https:\/\/pr.oostlander.de\/bpw-hauptseite\/wp-json\/wp\/v2\/pages\/10870"}],"wp:attachment":[{"href":"https:\/\/pr.oostlander.de\/bpw-hauptseite\/wp-json\/wp\/v2\/media?parent=12460"}],"curies":[{"name":"wp","href":"https:\/\/api.w.org\/{rel}","templated":true}]}}