{"id":12450,"date":"2018-09-24T18:55:02","date_gmt":"2018-09-24T16:55:02","guid":{"rendered":"https:\/\/pr.oostlander.de\/?page_id=12450"},"modified":"2018-12-14T19:21:06","modified_gmt":"2018-12-14T17:21:06","slug":"iba","status":"publish","type":"page","link":"https:\/\/pr.oostlander.de\/bpw-hauptseite\/produkte\/hersteller\/iba\/","title":{"rendered":"IBA"},"content":{"rendered":"<p>[vc_row remove_padding=&#8220;no-padding-vc-row&#8220;][vc_column]<div id=\"sub-header\" class=\"\"><ul class=\"breadcrumb\"><li><a href=\"https:\/\/pr.oostlander.de\/bpw-hauptseite\/\"><\/a> <\/li><li><span class=\"current\">Seite<\/span><\/li><\/ul><\/div>[\/vc_column][\/vc_row][vc_row full_height=&#8220;yes&#8220; content_placement=&#8220;middle&#8220; remove_padding=&#8220;no-padding-vc-row&#8220; bg_type=&#8220;image&#8220; parallax_style=&#8220;vcpb-vz-jquery&#8220; bg_image_new=&#8220;id^12781|url^https:\/\/pr.oostlander.de\/wp-content\/uploads\/2018\/10\/Zeichenfl\u00e4che-1-80.jpg|caption^null|alt^null|title^Zeichenfl\u00e4che 1-80|description^null&#8220; bg_image_repeat=&#8220;no-repeat&#8220; bg_image_size=&#8220;contain&#8220; parallax_sense=&#8220;25&#8243; bg_override=&#8220;ex-full&#8220; css=&#8220;.vc_custom_1539792094866{padding-top: 100px !important;padding-bottom: 100px !important;}&#8220;][vc_column]<div class=\"ult-animation  ult-animate-viewport  ult-no-mobile \" data-animate=\"fadeInDown\" data-animation-delay=\"0\" data-animation-duration=\"2\" data-animation-iteration=\"1\" style=\"opacity:0;\" data-opacity_start_effect=\"\"><div id=\"ultimate-heading-59476a04907cb6272\" class=\"uvc-heading ult-adjust-bottom-margin ultimate-heading-59476a04907cb6272 uvc-2446 gradient_text_first\" data-hspacer=\"no_spacer\"  data-halign=\"center\" style=\"text-align:center\"><div class=\"uvc-heading-spacer no_spacer\" style=\"top\"><\/div><div class=\"uvc-main-heading ult-responsive\"  data-ultimate-target='.uvc-heading.ultimate-heading-59476a04907cb6272 h2'  data-responsive-json-new='{\"font-size\":\"desktop:35px;\",\"line-height\":\"\"}' ><h2 style=\"font-weight:normal;color:#2b2b2b;\">IBA Dosimetry<\/h2><\/div><\/div><\/div><div class=\"ult-animation  ult-animate-viewport  ult-no-mobile \" data-animate=\"fadeInUp\" data-animation-delay=\"1\" data-animation-duration=\"2\" data-animation-iteration=\"1\" style=\"opacity:0;\" data-opacity_start_effect=\"\"><div id=\"ultimate-heading-85866a04907cb62c8\" class=\"uvc-heading ult-adjust-bottom-margin ultimate-heading-85866a04907cb62c8 uvc-4042 gradient_text_last\" data-hspacer=\"no_spacer\"  data-halign=\"center\" style=\"text-align:center\"><div class=\"uvc-heading-spacer no_spacer\" style=\"top\"><\/div><div class=\"uvc-main-heading ult-responsive\"  data-ultimate-target='.uvc-heading.ultimate-heading-85866a04907cb62c8 h2'  data-responsive-json-new='{\"font-size\":\"desktop:27px;\",\"line-height\":\"\"}' ><h2 style=\"font-weight:normal;\">med-renovate liefert IBA Produkte<\/h2><\/div><\/div><\/div>[\/vc_column][\/vc_row][vc_row equal_height=&#8220;yes&#8220; remove_padding=&#8220;no-padding-vc-row&#8220; css=&#8220;.vc_custom_1539766103150{padding-top: 100px !important;padding-bottom: 100px !important;}&#8220; el_id=&#8220;komplettl\u00f6sungen&#8220;][vc_column]<div id=\"ultimate-heading-28376a04907cb62e0\" class=\"uvc-heading ult-adjust-bottom-margin ultimate-heading-28376a04907cb62e0 uvc-5911 \" data-hspacer=\"no_spacer\"  data-halign=\"center\" style=\"text-align:center\"><div class=\"uvc-heading-spacer no_spacer\" style=\"top\"><\/div><div class=\"uvc-main-heading ult-responsive\"  data-ultimate-target='.uvc-heading.ultimate-heading-28376a04907cb62e0 h2'  data-responsive-json-new='{\"font-size\":\"desktop:35px;\",\"line-height\":\"\"}' ><h2 style=\"font-weight:normal;color:#2b2b2b;\">Komplettl\u00f6sungen, Dosimeter, Test-Phantome, Leuchtdichte-Messger\u00e4te<\/h2><\/div><div class=\"uvc-sub-heading ult-responsive\"  data-ultimate-target='.uvc-heading.ultimate-heading-28376a04907cb62e0 .uvc-sub-heading '  data-responsive-json-new='{\"font-size\":\"\",\"line-height\":\"\"}'  style=\"font-weight:normal;\">IBA ist einer der f\u00fchrenden Anbieter im Bereich der Protonentherapie, der Beschleuniger sowie der Dosimetrie. Seit 1999 geh\u00f6rt die Fa. Wellh\u00f6fer Dosimetrie zur Gruppe und stellt heute den Gesch\u00e4ftsbereich IBA Dosimetry dar. IBA Dosimetry liefert hochwertige Komplettl\u00f6sungen f\u00fcr die Qualit\u00e4tssicherung in der medizinischen Bildgebung sowie hochpr\u00e4zise Messger\u00e4ten und etablierte Pr\u00fcfk\u00f6rpern, die zusammen mit Anwendern entwickelt sind.<\/div><\/div>[\/vc_column][\/vc_row][vc_row equal_height=&#8220;yes&#8220; remove_padding=&#8220;no-padding-vc-row&#8220; bg_type=&#8220;grad&#8220; bg_grad=&#8220;background: -webkit-gradient(linear, left top, left bottom, color-stop(0%, #FFFFFF), color-stop(20%, #E3E3E3), color-stop(80%, #E3E3E3), color-stop(100%, #FFFFFF));background: -moz-linear-gradient(top,#FFFFFF 0%,#E3E3E3 20%,#E3E3E3 80%,#FFFFFF 100%);background: -webkit-linear-gradient(top,#FFFFFF 0%,#E3E3E3 20%,#E3E3E3 80%,#FFFFFF 100%);background: -o-linear-gradient(top,#FFFFFF 0%,#E3E3E3 20%,#E3E3E3 80%,#FFFFFF 100%);background: -ms-linear-gradient(top,#FFFFFF 0%,#E3E3E3 20%,#E3E3E3 80%,#FFFFFF 100%);background: linear-gradient(top,#FFFFFF 0%,#E3E3E3 20%,#E3E3E3 80%,#FFFFFF 100%);&#8220; css=&#8220;.vc_custom_1539766122450{padding-top: 60px !important;padding-bottom: 100px !important;}&#8220;][vc_column]<div id=\"ultimate-heading-17636a04907cb62f3\" class=\"uvc-heading ult-adjust-bottom-margin ultimate-heading-17636a04907cb62f3 uvc-1111 \" data-hspacer=\"no_spacer\"  data-halign=\"center\" style=\"text-align:center\"><div class=\"uvc-heading-spacer no_spacer\" style=\"top\"><\/div><div class=\"uvc-main-heading ult-responsive\"  data-ultimate-target='.uvc-heading.ultimate-heading-17636a04907cb62f3 h2'  data-responsive-json-new='{\"font-size\":\"\",\"line-height\":\"\"}' ><h2 style=\"font-weight:normal;margin-bottom:40px;\">Komplettl\u00f6sungen \/ Messkoffer<\/h2><\/div><\/div>[vc_row_inner][vc_column_inner width=&#8220;1\/3&#8243;][vc_single_image image=&#8220;12744&#8243; img_size=&#8220;medium&#8220; alignment=&#8220;center&#8220;][\/vc_column_inner][vc_column_inner width=&#8220;2\/3&#8243;][vc_column_text]<\/p>\n<h4><strong>Mess-Set IBArad \/ flu-L, inkl. LXcan<\/strong><br \/>\nKomplettes Mess-Set f\u00fcr Radiologie, MVZ und Krankenhaus mit digitalen \/ konventionellen fluoroskopischen \/ radiographischen R\u00f6ntgensystemen.<\/h4>\n<p>Bestehend aus:<\/p>\n<ul>\n<li>Test-Phantom Primus A<\/li>\n<li>Dosimeter DOSIMAX plus I<\/li>\n<li>Detektor RQA<\/li>\n<li>Anleitung Fluoroskopie (nach DIN 6868-4)<\/li>\n<li>Stativ<\/li>\n<li>Koffer<\/li>\n<\/ul>\n<p>[\/vc_column_text][\/vc_column_inner][\/vc_row_inner][vc_row_inner][vc_column_inner width=&#8220;1\/3&#8243;][vc_single_image image=&#8220;12751&#8243; img_size=&#8220;medium&#8220; alignment=&#8220;center&#8220;][\/vc_column_inner][vc_column_inner width=&#8220;2\/3&#8243;][vc_column_text]<\/p>\n<h4><strong>QS-Set IBArad-digital, inkl. LXcan<\/strong><br \/>\nKomplettes Mess-Set zur Qualit\u00e4tspr\u00fcfungen in der digitaler Radiologie (CR \/ DR) gem\u00e4\u00df DIN 6868-13 und bei Bild-Anzeigeger\u00e4te nach IEC 61223-2-5, DIN 6868-157, AAPM TG18.<\/h4>\n<p>Bestehend aus:<\/p>\n<ul>\n<li>Test-Phantom DIGI 13<\/li>\n<li>Al-Abschw\u00e4cher<\/li>\n<li>Dosimeter DOSIMAX plus I<\/li>\n<li>Detektor RQA<\/li>\n<li>Pr\u00fcfanleitung (auf CD)<\/li>\n<li>Spot-Luminanz-Messger\u00e4t LXcan<\/li>\n<li>Netzteil<\/li>\n<li>USB-Kabel (alternativ_:Schnittstellenkabel RS 232)<\/li>\n<li>Koffer<\/li>\n<\/ul>\n<p>[\/vc_column_text][\/vc_column_inner][\/vc_row_inner][\/vc_column][\/vc_row][vc_row equal_height=&#8220;yes&#8220; remove_padding=&#8220;no-padding-vc-row&#8220; css=&#8220;.vc_custom_1539965371904{padding-top: 60px !important;padding-bottom: 100px !important;}&#8220;][vc_column]<div id=\"ultimate-heading-36436a04907cb6304\" class=\"uvc-heading ult-adjust-bottom-margin ultimate-heading-36436a04907cb6304 uvc-1916 \" data-hspacer=\"no_spacer\"  data-halign=\"center\" style=\"text-align:center\"><div class=\"uvc-heading-spacer no_spacer\" style=\"top\"><\/div><div class=\"uvc-main-heading ult-responsive\"  data-ultimate-target='.uvc-heading.ultimate-heading-36436a04907cb6304 h2'  data-responsive-json-new='{\"font-size\":\"\",\"line-height\":\"\"}' ><h2 style=\"font-weight:normal;margin-bottom:40px;\">Einzelger\u00e4te<\/h2><\/div><\/div>[vc_row_inner][vc_column_inner width=&#8220;1\/3&#8243;][vc_single_image image=&#8220;12752&#8243; img_size=&#8220;medium&#8220; alignment=&#8220;center&#8220;][\/vc_column_inner][vc_column_inner width=&#8220;2\/3&#8243;][vc_column_text]<\/p>\n<h4><strong>Dosimeter Dosimax plus A<\/strong><br \/>\nPTB-zugelassenes Einkanal-Dosimeter nach IEC 61674, ausgelegt f\u00fcr Abnahmetests und f\u00fcr Qualit\u00e4tspr\u00fcfungen bei radiographischen, fluoroskopischen,<br \/>\ndentalen und mammographischen R\u00f6ntgenger\u00e4ten.<br \/>\nIn Rad \/ Flu zur Verwendung mit Festk\u00f6rperdetektor RQA..<\/h4>\n<p>Messparameter mit Detektor RQA:<\/p>\n<ul>\n<li>Dosis: 200 nGy &#8211; 9999 mGy<\/li>\n<li>Dosisrate: 80 nGy\/s &#8211; 70 mGy\/s (50 &#8211; 150 kV)<\/li>\n<li>Zeit: 1 ms &#8211; 19999 s<\/li>\n<\/ul>\n<p>[\/vc_column_text][\/vc_column_inner][\/vc_row_inner][vc_row_inner][vc_column_inner width=&#8220;1\/3&#8243;][vc_single_image image=&#8220;12753&#8243; img_size=&#8220;medium&#8220; alignment=&#8220;center&#8220;][\/vc_column_inner][vc_column_inner width=&#8220;2\/3&#8243;][vc_column_text]<\/p>\n<h4><strong>Spot-Luminanz-Meter LXcan<\/strong><br \/>\nF\u00fcr Qualit\u00e4ts-Tests an Bildwiedergabeger\u00e4ten (Graustufen) inkl. photometrischer Detektor mit achromatischer Optik, integrierter Streulichtblende und Maske f\u00fcr den Bildschirmkontakt-Messungen.<\/h4>\n<p>Messparameter:<\/p>\n<ul>\n<li>Luminanz: 0,05 &#8211; 10.000 cd\/m\u00b2<\/li>\n<li>Messfeld: ~ 1.6 \u00b0<\/li>\n<\/ul>\n<p>[\/vc_column_text][\/vc_column_inner][\/vc_row_inner][\/vc_column][\/vc_row][vc_row equal_height=&#8220;yes&#8220; remove_padding=&#8220;no-padding-vc-row&#8220; bg_type=&#8220;grad&#8220; bg_grad=&#8220;background: -webkit-gradient(linear, left top, left bottom, color-stop(0%, #FFFFFF), color-stop(20%, #E3E3E3), color-stop(80%, #E3E3E3), color-stop(100%, #FFFFFF));background: -moz-linear-gradient(top,#FFFFFF 0%,#E3E3E3 20%,#E3E3E3 80%,#FFFFFF 100%);background: -webkit-linear-gradient(top,#FFFFFF 0%,#E3E3E3 20%,#E3E3E3 80%,#FFFFFF 100%);background: -o-linear-gradient(top,#FFFFFF 0%,#E3E3E3 20%,#E3E3E3 80%,#FFFFFF 100%);background: -ms-linear-gradient(top,#FFFFFF 0%,#E3E3E3 20%,#E3E3E3 80%,#FFFFFF 100%);background: linear-gradient(top,#FFFFFF 0%,#E3E3E3 20%,#E3E3E3 80%,#FFFFFF 100%);&#8220; css=&#8220;.vc_custom_1539766122450{padding-top: 60px !important;padding-bottom: 100px !important;}&#8220;][vc_column]<div id=\"ultimate-heading-3426a04907cb6314\" class=\"uvc-heading ult-adjust-bottom-margin ultimate-heading-3426a04907cb6314 uvc-3260 \" data-hspacer=\"no_spacer\"  data-halign=\"center\" style=\"text-align:center\"><div class=\"uvc-heading-spacer no_spacer\" style=\"top\"><\/div><div class=\"uvc-main-heading ult-responsive\"  data-ultimate-target='.uvc-heading.ultimate-heading-3426a04907cb6314 h2'  data-responsive-json-new='{\"font-size\":\"\",\"line-height\":\"\"}' ><h2 style=\"font-weight:normal;margin-bottom:40px;\">Test-Phantome<\/h2><\/div><\/div>[vc_row_inner][vc_column_inner width=&#8220;1\/3&#8243;][vc_single_image image=&#8220;12733&#8243; img_size=&#8220;medium&#8220; alignment=&#8220;center&#8220;][\/vc_column_inner][vc_column_inner width=&#8220;2\/3&#8243;][vc_column_text]<\/p>\n<h4><strong>Test-Phantom Primus A<\/strong><br \/>\nF\u00fcr die Sachverst\u00e4ndigen-und Abnahmepr\u00fcfung nach DIN 6868-150 und f\u00fcr die Konstanzpr\u00fcfungen nach DIN 6868-4.<\/h4>\n<p>Messgr\u00f6\u00dfen:<\/p>\n<ul>\n<li>Lage der R\u00f6hrenachse<\/li>\n<li>17 Dynamikstufen<\/li>\n<li>Acht Niedrigkontrastobjekte mit 8 mm Durchmesser<\/li>\n<li>Gitter zur einfacheren Bestimmung von geometrischen Gr\u00f6\u00dfen.<\/li>\n<\/ul>\n<p>[\/vc_column_text][\/vc_column_inner][\/vc_row_inner][vc_row_inner][vc_column_inner width=&#8220;1\/3&#8243;][vc_single_image image=&#8220;12754&#8243; img_size=&#8220;medium&#8220; alignment=&#8220;center&#8220;][\/vc_column_inner][vc_column_inner width=&#8220;2\/3&#8243;][vc_column_text]<\/p>\n<h4><strong>Test-Phantom DIGI-13<\/strong><br \/>\nF\u00fcr die Konstanzpr\u00fcfung nach DIN 6868-13 an CR \/ DR Radiographiesystemen.<\/h4>\n<p>Messgr\u00f6\u00dfen:<\/p>\n<ul>\n<li>Linienpaar-Aufl\u00f6sungsverm\u00f6gen<\/li>\n<li>Homogenit\u00e4t<\/li>\n<li>Niedrig-\/ Hochkontrastaufl\u00f6sung<\/li>\n<li>Begrenzung des Nutzstrahlenfeldes<\/li>\n<li>Abbildungsma\u00dfstab<\/li>\n<li>Artefakte<\/li>\n<li>Geometrische Symmetrie.<\/li>\n<\/ul>\n<p>[\/vc_column_text][\/vc_column_inner][\/vc_row_inner][\/vc_column][\/vc_row][vc_row remove_padding=&#8220;no-padding-vc-row&#8220;][vc_column][vc_tta_accordion style=&#8220;modern&#8220; shape=&#8220;square&#8220; active_section=&#8220;1&#8243; no_fill=&#8220;true&#8220; collapsible_all=&#8220;true&#8220;][vc_tta_section title=&#8220;Produktbilder&#8220; tab_id=&#8220;1532708979977-c2b445c0-b9fe54fe-5469f309-720e&#8220;][vc_media_grid style=&#8220;pagination&#8220; element_width=&#8220;3&#8243; grid_id=&#8220;vc_gid:1544808024901-15c54f2f-a1ac-4&#8243; include=&#8220;12744,12751,12752,12753,12733,12754&#8243;][\/vc_tta_section][vc_tta_section title=&#8220;Technische Daten&#8220; tab_id=&#8220;1532708979935-740510b9-f7f654fe-5469f309-720e&#8220;][vc_column_text]Die Spezifikationen der Produkte sowie Daten zu speziellen Ausf\u00fchrungen der Produkte k\u00f6nnen bei med-renovate angefordert werden.<br \/>\nWeitere Produkte aus dem Programm der Firma IBA Dosimetry liefern wir auf Anfrage.<\/p>\n<p>Die Spezifikationen der ausgew\u00e4hlten Produkte finden Sie im Folgenden:[\/vc_column_text][vc_btn title=&#8220;Produkt\u00fcbersicht, technische Daten&#8220; link=&#8220;url:https%3A%2F%2Fpr.oostlander.de%2Fwp-content%2Fuploads%2F2018%2F10%2Fbr-ib-medical-imaging-product-overview_en_rev7_opt.pdf|||&#8220;][\/vc_tta_section][vc_tta_section title=&#8220;Support und Wartung&#8220; tab_id=&#8220;1532713109960-d3760310-956f54fe-5469f309-720e&#8220;][vc_row_inner][vc_column_inner width=&#8220;1\/2&#8243;]<div class=\"aio-icon-component    style_2\"><div id=\"Info-box-wrap-1443\" class=\"aio-icon-box default-icon\" style=\"\"  ><div class=\"aio-icon-default\"><div class=\"ult-just-icon-wrapper  \"><div class=\"align-icon\" style=\"text-align:center;\">\n<div class=\"aio-icon none \"  style=\"color:#333;font-size:32px;display:inline-block;\">\n\t<i class=\"Defaults-cogs gears\"><\/i>\n<\/div><\/div><\/div><\/div><div class=\"aio-icon-header\" ><h3 class=\"aio-icon-title ult-responsive\"  data-ultimate-target='#Info-box-wrap-1443 .aio-icon-title'  data-responsive-json-new='{\"font-size\":\"\",\"line-height\":\"\"}'  style=\"\">Zuverl\u00e4ssiges Life-Cycle-Management<\/h3><\/div> <!-- header --><div class=\"aio-icon-description ult-responsive\"  data-ultimate-target='#Info-box-wrap-1443 .aio-icon-description'  data-responsive-json-new='{\"font-size\":\"\",\"line-height\":\"\"}'  style=\"\">Mit Planung, Installation, Inbetriebnahme, Konstanzpr\u00fcfungen, Wartungen, Reparatur aus einer Hand reduzieren Sie Ihr betriebliches Risiko. W\u00e4hlen Sie den Support, der zu Ihrer Einrichtung passt. Wir bieten Ihnen Ressourcen, Schulungen und Unterst\u00fctzung, damit Sie sich ganz auf das konzentrieren k\u00f6nnen, was am wichtigsten ist: Ihre Patienten.<a class=\"aio-icon-read xx\" href=\"https:\/\/pr.oostlander.de\/wartung-und-reparatur\/\" title=\"Wartung und Reparatur\" >Mehr erfahren&nbsp;&raquo;<\/a><\/div> <!-- description --><\/div> <!-- aio-icon-box --><\/div> <!-- aio-icon-component -->[\/vc_column_inner][vc_column_inner width=&#8220;1\/2&#8243;]<div class=\"aio-icon-component    style_2\"><div id=\"Info-box-wrap-6379\" class=\"aio-icon-box default-icon\" style=\"\"  ><div class=\"aio-icon-default\"><div class=\"ult-just-icon-wrapper  \"><div class=\"align-icon\" style=\"text-align:center;\">\n<div class=\"aio-icon none \"  style=\"color:#333;font-size:32px;display:inline-block;\">\n\t<i class=\"Defaults-dashboard tachometer\"><\/i>\n<\/div><\/div><\/div><\/div><div class=\"aio-icon-header\" ><h3 class=\"aio-icon-title ult-responsive\"  data-ultimate-target='#Info-box-wrap-6379 .aio-icon-title'  data-responsive-json-new='{\"font-size\":\"\",\"line-height\":\"\"}'  style=\"\">Remote-Support<\/h3><\/div> <!-- header --><div class=\"aio-icon-description ult-responsive\"  data-ultimate-target='#Info-box-wrap-6379 .aio-icon-description'  data-responsive-json-new='{\"font-size\":\"\",\"line-height\":\"\"}'  style=\"\">Die Remote Services sind nur ein Element der optimierten Dienstleistungen, die wir Ihnen anbieten \u2013 orts- und zeitunabh\u00e4ngig. Entsprechend der Systemausstattung sind verschiedene Systemkommunikationen und Fehlerberichte m\u00f6glich.<a class=\"aio-icon-read xx\" href=\"https:\/\/pr.oostlander.de\/remote-service\/\" title=\"Remote-Service\" >Mehr erfahren&nbsp;&raquo;<\/a><\/div> <!-- description --><\/div> <!-- aio-icon-box --><\/div> <!-- aio-icon-component -->[\/vc_column_inner][\/vc_row_inner][\/vc_tta_section][\/vc_tta_accordion][\/vc_column][\/vc_row][vc_row remove_padding=&#8220;no-padding-vc-row&#8220;][vc_column][vc_cta h2=&#8220;Lassen Sie sich von uns beraten:&#8220; h4=&#8220;Wir stellen ihnen ein auf ihre Bed\u00fcrfnisse zugeschnittenes System zusammen&#8220; shape=&#8220;square&#8220; add_button=&#8220;bottom&#8220; btn_title=&#8220;Angebot anfordern&#8220; btn_align=&#8220;center&#8220; add_icon=&#8220;top&#8220; i_icon_fontawesome=&#8220;fa fa-handshake-o&#8220; i_color=&#8220;black&#8220; i_background_style=&#8220;rounded&#8220; btn_link=&#8220;url:https%3A%2F%2Fpr.oostlander.de%2Fkontakt%2F%3Fuc%3D5|title:Angebot%20anfordern||&#8220; i_link=&#8220;|||&#8220;]Planung, Installation, Inbetriebnahme, Abnahme, Einweisung, Wartung, Life-Cycle-Management aus einer Hand.[\/vc_cta][\/vc_column][\/vc_row]<\/p>\n","protected":false},"excerpt":{"rendered":"<p>[vc_row remove_padding=&#8220;no-padding-vc-row&#8220;][vc_column][\/vc_column][\/vc_row][vc_row full_height=&#8220;yes&#8220; content_placement=&#8220;middle&#8220; remove_padding=&#8220;no-padding-vc-row&#8220; bg_type=&#8220;image&#8220; parallax_style=&#8220;vcpb-vz-jquery&#8220; bg_image_new=&#8220;id^12781|url^https:\/\/pr.oostlander.de\/wp-content\/uploads\/2018\/10\/Zeichenfl\u00e4che-1-80.jpg|caption^null|alt^null|title^Zeichenfl\u00e4che 1-80|description^null&#8220; bg_image_repeat=&#8220;no-repeat&#8220; bg_image_size=&#8220;contain&#8220; parallax_sense=&#8220;25&#8243; bg_override=&#8220;ex-full&#8220; css=&#8220;.vc_custom_1539792094866{padding-top: 100px !important;padding-bottom: 100px !important;}&#8220;][vc_column][\/vc_column][\/vc_row][vc_row equal_height=&#8220;yes&#8220; remove_padding=&#8220;no-padding-vc-row&#8220; css=&#8220;.vc_custom_1539766103150{padding-top: 100px !important;padding-bottom: 100px !important;}&#8220; el_id=&#8220;komplettl\u00f6sungen&#8220;][vc_column][\/vc_column][\/vc_row][vc_row equal_height=&#8220;yes&#8220; remove_padding=&#8220;no-padding-vc-row&#8220; bg_type=&#8220;grad&#8220; bg_grad=&#8220;background: -webkit-gradient(linear, left top, left bottom, color-stop(0%, #FFFFFF), color-stop(20%, #E3E3E3), color-stop(80%,&#8230;<\/p>\n","protected":false},"author":6,"featured_media":0,"parent":10870,"menu_order":0,"comment_status":"closed","ping_status":"closed","template":"","meta":{"footnotes":""},"class_list":["post-12450","page","type-page","status-publish","hentry"],"_links":{"self":[{"href":"https:\/\/pr.oostlander.de\/bpw-hauptseite\/wp-json\/wp\/v2\/pages\/12450","targetHints":{"allow":["GET"]}}],"collection":[{"href":"https:\/\/pr.oostlander.de\/bpw-hauptseite\/wp-json\/wp\/v2\/pages"}],"about":[{"href":"https:\/\/pr.oostlander.de\/bpw-hauptseite\/wp-json\/wp\/v2\/types\/page"}],"author":[{"embeddable":true,"href":"https:\/\/pr.oostlander.de\/bpw-hauptseite\/wp-json\/wp\/v2\/users\/6"}],"replies":[{"embeddable":true,"href":"https:\/\/pr.oostlander.de\/bpw-hauptseite\/wp-json\/wp\/v2\/comments?post=12450"}],"version-history":[{"count":34,"href":"https:\/\/pr.oostlander.de\/bpw-hauptseite\/wp-json\/wp\/v2\/pages\/12450\/revisions"}],"predecessor-version":[{"id":13676,"href":"https:\/\/pr.oostlander.de\/bpw-hauptseite\/wp-json\/wp\/v2\/pages\/12450\/revisions\/13676"}],"up":[{"embeddable":true,"href":"https:\/\/pr.oostlander.de\/bpw-hauptseite\/wp-json\/wp\/v2\/pages\/10870"}],"wp:attachment":[{"href":"https:\/\/pr.oostlander.de\/bpw-hauptseite\/wp-json\/wp\/v2\/media?parent=12450"}],"curies":[{"name":"wp","href":"https:\/\/api.w.org\/{rel}","templated":true}]}}