{"id":12425,"date":"2018-09-24T18:21:09","date_gmt":"2018-09-24T16:21:09","guid":{"rendered":"https:\/\/pr.oostlander.de\/?page_id=12425"},"modified":"2018-12-18T17:57:44","modified_gmt":"2018-12-18T15:57:44","slug":"produkte","status":"publish","type":"page","link":"https:\/\/pr.oostlander.de\/bpw-hauptseite\/produkte\/","title":{"rendered":"Produkte"},"content":{"rendered":"<p>[vc_row remove_padding=&#8220;no-padding-vc-row&#8220;][vc_column]<div id=\"sub-header\" class=\"\"><ul class=\"breadcrumb\"><li><a href=\"https:\/\/pr.oostlander.de\/bpw-hauptseite\/\"><\/a> <\/li><li><span class=\"current\">Seite<\/span><\/li><\/ul><\/div>[\/vc_column][\/vc_row][vc_row full_height=&#8220;yes&#8220; remove_padding=&#8220;no-padding-vc-row&#8220; bg_type=&#8220;image&#8220; parallax_style=&#8220;vcpb-vz-jquery&#8220; bg_image_new=&#8220;id^12094|url^https:\/\/pr.oostlander.de\/wp-content\/uploads\/2018\/09\/IMG_1619_ausschnitt.jpg|caption^null|alt^null|title^IMG_1619_ausschnitt|description^null&#8220; bg_image_repeat=&#8220;no-repeat&#8220; bg_image_size=&#8220;contain&#8220; parallax_sense=&#8220;25&#8243; fadeout_row=&#8220;fadeout_row_value&#8220; fadeout_start_effect=&#8220;30&#8243; css=&#8220;.vc_custom_1545039666107{padding-bottom: 100px !important;}&#8220;][vc_column]<div class=\"ult-animation  ult-animate-viewport  ult-no-mobile \" data-animate=\"fadeInDown\" data-animation-delay=\"0\" data-animation-duration=\"2\" data-animation-iteration=\"1\" style=\"opacity:0;\" data-opacity_start_effect=\"\"><div id=\"ultimate-heading-926a04832468f10\" class=\"uvc-heading ult-adjust-bottom-margin ultimate-heading-926a04832468f10 uvc-4456 gradient_text_first\" data-hspacer=\"no_spacer\"  data-halign=\"center\" style=\"text-align:center\"><div class=\"uvc-heading-spacer no_spacer\" style=\"top\"><\/div><div class=\"uvc-main-heading ult-responsive\"  data-ultimate-target='.uvc-heading.ultimate-heading-926a04832468f10 h2'  data-responsive-json-new='{\"font-size\":\"desktop:35px;\",\"line-height\":\"\"}' ><h2 style=\"font-weight:normal;\">Unsere Produktpalette<\/h2><\/div><\/div><\/div><div class=\"ult-animation  ult-animate-viewport  ult-no-mobile \" data-animate=\"fadeInUp\" data-animation-delay=\"0\" data-animation-duration=\"2\" data-animation-iteration=\"1\" style=\"opacity:0;\" data-opacity_start_effect=\"\"><div id=\"ultimate-heading-49986a04832468f63\" class=\"uvc-heading ult-adjust-bottom-margin ultimate-heading-49986a04832468f63 uvc-8564 gradient_text_last\" data-hspacer=\"no_spacer\"  data-halign=\"center\" style=\"text-align:center\"><div class=\"uvc-heading-spacer no_spacer\" style=\"top\"><\/div><div class=\"uvc-main-heading ult-responsive\"  data-ultimate-target='.uvc-heading.ultimate-heading-49986a04832468f63 h2'  data-responsive-json-new='{\"font-size\":\"desktop:27px;\",\"line-height\":\"\"}' ><h2 style=\"font-weight:normal;\">L\u00f6sungen f\u00fchrender Hersteller f\u00fcr Ihre Anwendungsgebiete<\/h2><\/div><\/div><\/div>[\/vc_column][\/vc_row][vc_row remove_padding=&#8220;no-padding-vc-row&#8220;][vc_column][vc_raw_html el_class=&#8220;my-jump-div&#8220;]JTNDZGl2JTIwaWQlM0QlMjJwcm9kLWhlcnN0JTIyJTNFJTNDJTJGZGl2JTNF[\/vc_raw_html][vc_text_separator title=&#8220;Hersteller&#8220; i_icon_fontawesome=&#8220;fa fa-industry&#8220; i_color=&#8220;black&#8220; i_background_style=&#8220;rounded&#8220; title_align=&#8220;separator_align_left&#8220; add_icon=&#8220;true&#8220;][vc_row_inner][vc_column_inner width=&#8220;2\/3&#8243;][vc_column_text]Suchen Sie Produkte eines bestimmten Herstellers? W\u00e4hlen Sie einfach das entsprechende Feld![\/vc_column_text][\/vc_column_inner][vc_column_inner width=&#8220;1\/3&#8243;][vc_single_image image=&#8220;11795&#8243; img_size=&#8220;medium&#8220;][\/vc_column_inner][\/vc_row_inner][vc_row_inner][vc_column_inner][vc_separator][vc_basic_grid post_type=&#8220;ids&#8220; style=&#8220;pagination&#8220; items_per_page=&#8220;4&#8243; element_width=&#8220;3&#8243; arrows_design=&#8220;vc_arrow-icon-arrow_03_left&#8220; arrows_position=&#8220;outside&#8220; arrows_color=&#8220;black&#8220; loop=&#8220;yes&#8220; item=&#8220;11923&#8243; grid_id=&#8220;vc_gid:1545148521675-f8402820-98e9-9&#8243; include=&#8220;11386, 10876, 10881, 12450, 12452, 12348, 12457, 12460&#8243;][\/vc_column_inner][\/vc_row_inner][\/vc_column][\/vc_row][vc_row remove_padding=&#8220;no-padding-vc-row&#8220;][vc_column][vc_raw_html el_class=&#8220;my-jump-div&#8220;]JTNDZGl2JTIwaWQlM0QlMjJwcm9kLWxvZXMlMjIlM0UlM0MlMkZkaXYlM0U=[\/vc_raw_html][vc_text_separator title=&#8220;L\u00f6sungen&#8220; i_icon_fontawesome=&#8220;fa fa-handshake-o&#8220; i_color=&#8220;black&#8220; i_background_style=&#8220;rounded&#8220; title_align=&#8220;separator_align_left&#8220; add_icon=&#8220;true&#8220;][vc_row_inner][vc_column_inner width=&#8220;2\/3&#8243;][vc_column_text]Wir liefern Ihnen L\u00f6sungen f\u00fcr Ihre Funktionsr\u00e4ume, f\u00fcr Ihr PACS, f\u00fcr ein Ambiente, in dem sich Ihre Patienten und Sie selbst sich wohl f\u00fchlen!<\/p>\n<p>Ich habe auch eine Empfehlung f\u00fcr Sie![\/vc_column_text][\/vc_column_inner][vc_column_inner width=&#8220;1\/3&#8243;][vc_single_image image=&#8220;11350&#8243; img_size=&#8220;medium&#8220;][\/vc_column_inner][\/vc_row_inner][vc_row_inner][vc_column_inner][vc_separator][vc_basic_grid post_type=&#8220;ids&#8220; style=&#8220;pagination&#8220; items_per_page=&#8220;4&#8243; element_width=&#8220;3&#8243; arrows_design=&#8220;vc_arrow-icon-arrow_03_left&#8220; arrows_position=&#8220;outside&#8220; arrows_color=&#8220;black&#8220; loop=&#8220;yes&#8220; item=&#8220;11923&#8243; grid_id=&#8220;vc_gid:1545148521691-b3ac7ac6-32e2-10&#8243; include=&#8220;10862, 10954, 10894, 10956, 10896&#8243;][\/vc_column_inner][\/vc_row_inner][\/vc_column][\/vc_row][vc_row remove_padding=&#8220;no-padding-vc-row&#8220;][vc_column][vc_raw_html el_class=&#8220;my-jump-div&#8220;]JTNDZGl2JTIwaWQlM0QlMjJwcm9kLWFud2VuZCUyMiUzRSUzQyUyRmRpdiUzRQ==[\/vc_raw_html][vc_text_separator title=&#8220;Anwendungsgebiete&#8220; i_icon_fontawesome=&#8220;fa fa-ambulance&#8220; i_color=&#8220;black&#8220; i_background_style=&#8220;rounded&#8220; title_align=&#8220;separator_align_left&#8220; add_icon=&#8220;true&#8220;][vc_row_inner][vc_column_inner width=&#8220;2\/3&#8243;][vc_column_text]Wir liefern angepasste Produkte und individuelle Dienstleistungen f\u00fcr Ihre Praxis, f\u00fcr das MVZ und f\u00fcr die Klinik.<\/p>\n<p>F\u00fcr die Veterin\u00e4r-Praxis haben wir ebenfalls die passende Ausstattung.[\/vc_column_text][\/vc_column_inner][vc_column_inner width=&#8220;1\/3&#8243;][vc_single_image image=&#8220;12094&#8243; img_size=&#8220;medium&#8220;][\/vc_column_inner][\/vc_row_inner][vc_row_inner][vc_column_inner][vc_separator][vc_basic_grid post_type=&#8220;ids&#8220; style=&#8220;pagination&#8220; items_per_page=&#8220;4&#8243; element_width=&#8220;3&#8243; loop=&#8220;yes&#8220; item=&#8220;11923&#8243; grid_id=&#8220;vc_gid:1545148521696-45ec6bef-4b8e-10&#8243; include=&#8220;12598, 12622, 10888, 10890&#8243;][\/vc_column_inner][\/vc_row_inner][\/vc_column][\/vc_row][vc_row remove_padding=&#8220;no-padding-vc-row&#8220;][vc_column][vc_text_separator title=&#8220;Zubeh\u00f6r und Ersatzteile&#8220; i_icon_fontawesome=&#8220;fa fa-recycle&#8220; i_color=&#8220;black&#8220; i_background_style=&#8220;rounded&#8220; title_align=&#8220;separator_align_left&#8220; add_icon=&#8220;true&#8220;][vc_row_inner][vc_column_inner width=&#8220;2\/3&#8243;][vc_column_text]F\u00fcr alle von uns gelieferten Produkten erhalten Sie die zugelassenen und kompatiblen Zubeh\u00f6re sowie die Original-Ersatzteile der jeweiligen Hersteller.<\/p>\n<p>Das Zubeh\u00f6r wird selbstverst\u00e4ndlich mit der zugeh\u00f6rigen Einweisung geliefert.<\/p>\n<p>Der Tausch von Ersatzteilen, der zu einer \u00c4nderung der Bildqualit\u00e4t f\u00fchrt oder die H\u00f6he der Strahlenexposition beeinflusst, erfordert eine Teilabnahme.[\/vc_column_text][\/vc_column_inner][vc_column_inner width=&#8220;1\/3&#8243;][vc_single_image image=&#8220;12728&#8243; img_size=&#8220;medium&#8220;][\/vc_column_inner][\/vc_row_inner][vc_row_inner][vc_column_inner][vc_separator][vc_basic_grid post_type=&#8220;ids&#8220; style=&#8220;pagination&#8220; items_per_page=&#8220;4&#8243; element_width=&#8220;3&#8243; arrows_design=&#8220;vc_arrow-icon-arrow_03_left&#8220; arrows_position=&#8220;outside&#8220; arrows_color=&#8220;black&#8220; loop=&#8220;yes&#8220; item=&#8220;11923&#8243; grid_id=&#8220;vc_gid:1545148521711-e3353744-39b6-1&#8243; include=&#8220;10892, 10950, 10948, 10937, 10952&#8243;][\/vc_column_inner][\/vc_row_inner][\/vc_column][\/vc_row]<\/p>\n","protected":false},"excerpt":{"rendered":"<p>[vc_row remove_padding=&#8220;no-padding-vc-row&#8220;][vc_column][\/vc_column][\/vc_row][vc_row full_height=&#8220;yes&#8220; remove_padding=&#8220;no-padding-vc-row&#8220; bg_type=&#8220;image&#8220; parallax_style=&#8220;vcpb-vz-jquery&#8220; bg_image_new=&#8220;id^12094|url^https:\/\/pr.oostlander.de\/wp-content\/uploads\/2018\/09\/IMG_1619_ausschnitt.jpg|caption^null|alt^null|title^IMG_1619_ausschnitt|description^null&#8220; bg_image_repeat=&#8220;no-repeat&#8220; bg_image_size=&#8220;contain&#8220; parallax_sense=&#8220;25&#8243; fadeout_row=&#8220;fadeout_row_value&#8220; fadeout_start_effect=&#8220;30&#8243; css=&#8220;.vc_custom_1545039666107{padding-bottom: 100px !important;}&#8220;][vc_column][\/vc_column][\/vc_row][vc_row remove_padding=&#8220;no-padding-vc-row&#8220;][vc_column][vc_raw_html el_class=&#8220;my-jump-div&#8220;]JTNDZGl2JTIwaWQlM0QlMjJwcm9kLWhlcnN0JTIyJTNFJTNDJTJGZGl2JTNF[\/vc_raw_html][vc_text_separator title=&#8220;Hersteller&#8220; i_icon_fontawesome=&#8220;fa fa-industry&#8220; i_color=&#8220;black&#8220; i_background_style=&#8220;rounded&#8220; title_align=&#8220;separator_align_left&#8220; add_icon=&#8220;true&#8220;][vc_row_inner][vc_column_inner width=&#8220;2\/3&#8243;][vc_column_text]Suchen Sie Produkte eines bestimmten Herstellers? W\u00e4hlen Sie einfach das entsprechende Feld![\/vc_column_text][\/vc_column_inner][vc_column_inner width=&#8220;1\/3&#8243;][vc_single_image image=&#8220;11795&#8243; img_size=&#8220;medium&#8220;][\/vc_column_inner][\/vc_row_inner][vc_row_inner][vc_column_inner][vc_separator][vc_basic_grid post_type=&#8220;ids&#8220;&#8230;<\/p>\n","protected":false},"author":6,"featured_media":0,"parent":0,"menu_order":0,"comment_status":"closed","ping_status":"closed","template":"","meta":{"footnotes":""},"class_list":["post-12425","page","type-page","status-publish","hentry"],"_links":{"self":[{"href":"https:\/\/pr.oostlander.de\/bpw-hauptseite\/wp-json\/wp\/v2\/pages\/12425","targetHints":{"allow":["GET"]}}],"collection":[{"href":"https:\/\/pr.oostlander.de\/bpw-hauptseite\/wp-json\/wp\/v2\/pages"}],"about":[{"href":"https:\/\/pr.oostlander.de\/bpw-hauptseite\/wp-json\/wp\/v2\/types\/page"}],"author":[{"embeddable":true,"href":"https:\/\/pr.oostlander.de\/bpw-hauptseite\/wp-json\/wp\/v2\/users\/6"}],"replies":[{"embeddable":true,"href":"https:\/\/pr.oostlander.de\/bpw-hauptseite\/wp-json\/wp\/v2\/comments?post=12425"}],"version-history":[{"count":52,"href":"https:\/\/pr.oostlander.de\/bpw-hauptseite\/wp-json\/wp\/v2\/pages\/12425\/revisions"}],"predecessor-version":[{"id":12640,"href":"https:\/\/pr.oostlander.de\/bpw-hauptseite\/wp-json\/wp\/v2\/pages\/12425\/revisions\/12640"}],"wp:attachment":[{"href":"https:\/\/pr.oostlander.de\/bpw-hauptseite\/wp-json\/wp\/v2\/media?parent=12425"}],"curies":[{"name":"wp","href":"https:\/\/api.w.org\/{rel}","templated":true}]}}