{"id":10952,"date":"2018-07-18T12:58:32","date_gmt":"2018-07-18T10:58:32","guid":{"rendered":"https:\/\/pr.oostlander.de\/?page_id=10952"},"modified":"2018-12-12T19:39:11","modified_gmt":"2018-12-12T17:39:11","slug":"remote-service","status":"publish","type":"page","link":"https:\/\/pr.oostlander.de\/bpw-hauptseite\/dienstleistungen\/remote-service\/","title":{"rendered":"Remote-Service"},"content":{"rendered":"<p>[vc_row remove_padding=&#8220;no-padding-vc-row&#8220;][vc_column]<div id=\"sub-header\" class=\"\"><ul class=\"breadcrumb\"><li><a href=\"https:\/\/pr.oostlander.de\/bpw-hauptseite\/\"><\/a> <\/li><li><span class=\"current\">Seite<\/span><\/li><\/ul><\/div>[\/vc_column][\/vc_row][vc_row remove_padding=&#8220;no-padding-vc-row&#8220;][vc_column]<div id=\"ultimate-heading-53796a049dab2145c\" class=\"uvc-heading ult-adjust-bottom-margin ultimate-heading-53796a049dab2145c uvc-3708 \" data-hspacer=\"no_spacer\"  data-halign=\"center\" style=\"text-align:center\"><div class=\"uvc-heading-spacer no_spacer\" style=\"top\"><\/div><div class=\"uvc-main-heading ult-responsive\"  data-ultimate-target='.uvc-heading.ultimate-heading-53796a049dab2145c h2'  data-responsive-json-new='{\"font-size\":\"desktop:45px;\",\"line-height\":\"\"}' ><h2 style=\"font-weight:normal;\">Remote Service<\/h2><\/div><\/div>[\/vc_column][\/vc_row][vc_row remove_padding=&#8220;no-padding-vc-row&#8220;][vc_column][vc_raw_html]JTNDZGl2JTIwaWQlM0QlMjJ0ZWxlZm9uaXNjaGVyc3VwcG9ydCUyMiUzRSUzQyUyRmRpdiUzRQ==[\/vc_raw_html][vc_text_separator title=&#8220;Telefonischer Support&#8220; i_icon_fontawesome=&#8220;fa fa-phone&#8220; i_color=&#8220;black&#8220; title_align=&#8220;separator_align_left&#8220; add_icon=&#8220;true&#8220;][vc_row_inner][vc_column_inner width=&#8220;2\/3&#8243;][vc_column_text]Wenn etwas nicht l\u00e4uft&#8230; Rufen Sie einfach an!<\/p>\n<p>Viele St\u00f6rungen k\u00f6nnen bereits am Telefon erledigt werden.<\/p>\n<p>Um von Ihrem Smartphone anzurufen, \u00fcbernehmen Sie einfach die folgende Telefonnummer:<\/p>\n<p style=\"text-align: center;\"><strong><a href=\"tel:+492241234200\">02241 234200<\/a><\/strong><\/p>\n<p>oder benutzen Sie das Kontaktformular, wir melden uns umgehend.[\/vc_column_text][\/vc_column_inner][vc_column_inner width=&#8220;1\/3&#8243;][vc_single_image image=&#8220;13041&#8243; img_size=&#8220;medium&#8220;][\/vc_column_inner][\/vc_row_inner]<div class=\" ubtn-ctn-center \"><a class=\"ubtn-link ult-adjust-bottom-margin ubtn-center ubtn-normal \" href=\"https:\/\/pr.oostlander.de\/kontakt\/?uc=20\" ><button type=\"button\" id=\"ubtn-9043\"  class=\"ubtn ult-adjust-bottom-margin ult-responsive ubtn-normal ubtn-no-hover-bg  none  ubtn-center   tooltip-6a049dab21483\"  data-hover=\"\" data-border-color=\"\" data-bg=\"#e0e0e0\" data-hover-bg=\"\" data-border-hover=\"\" data-shadow-hover=\"\" data-shadow-click=\"none\" data-shadow=\"\" data-shd-shadow=\"\"  data-ultimate-target='#ubtn-9043'  data-responsive-json-new='{\"font-size\":\"desktop:21px;\",\"line-height\":\"\"}'  style=\"font-weight:normal;border:none;background: #e0e0e0;color: #000000;\"><span class=\"ubtn-hover\" style=\"background-color:\"><\/span><span class=\"ubtn-data ubtn-text \" >Kontakt<\/span><\/button><\/a><\/div>[\/vc_column][\/vc_row][vc_row remove_padding=&#8220;no-padding-vc-row&#8220;][vc_column][vc_raw_html]JTNDZGl2JTIwaWQlM0QlMjJyZW1vdGV2ZXJ0cmFnJTIyJTNFJTNDJTJGZGl2JTNF[\/vc_raw_html][vc_text_separator title=&#8220;Remote-Vertrag&#8220; i_icon_fontawesome=&#8220;fa fa-file-text-o&#8220; i_color=&#8220;black&#8220; title_align=&#8220;separator_align_left&#8220; add_icon=&#8220;true&#8220;][vc_row_inner][vc_column_inner width=&#8220;2\/3&#8243;][vc_column_text]F\u00fcr alle Systeme, die \u00fcber einen Fernzugang verf\u00fcgen, empfiehlt es sich einen Remote-Vertrag abzuschlie\u00dfen. F\u00fcr Software-Produkte wie z.B. PACS ist der Remote-Vertrag integraler Bestandteil des Wartungsvertrages.<\/p>\n<p>Da wir \u00fcber den Fernzugriff tief in Ihr System eindringen k\u00f6nnen, um Service-relevante Daten zu erheben, kann ein Zugriff auf personenbezogene Daten sowie Diagnose- und Patientendaten nicht ausgeschlossen bzw. sogar notwendig sein. Unsere Mitarbeiter sind dazu auf die Vertraulichkeit verpflichtet worden. Der Vertrag zur Auftragsverarbeitung gem\u00e4\u00df Art.\u00a028 DSGVO ist ebenfalls integraler Bestandteil des Wartungsvertrages.[\/vc_column_text][\/vc_column_inner][vc_column_inner width=&#8220;1\/3&#8243;][vc_single_image image=&#8220;13043&#8243; img_size=&#8220;medium&#8220;][\/vc_column_inner][\/vc_row_inner]<div class=\" ubtn-ctn-center \"><a class=\"ubtn-link ult-adjust-bottom-margin ubtn-center ubtn-normal \" href=\"mailto: info@med-renovate.com\" ><button type=\"button\" id=\"ubtn-3665\"  class=\"ubtn ult-adjust-bottom-margin ult-responsive ubtn-normal ubtn-no-hover-bg  none  ubtn-center   tooltip-6a049dab214b5\"  data-hover=\"\" data-border-color=\"\" data-bg=\"#e0e0e0\" data-hover-bg=\"\" data-border-hover=\"\" data-shadow-hover=\"\" data-shadow-click=\"none\" data-shadow=\"\" data-shd-shadow=\"\"  data-ultimate-target='#ubtn-3665'  data-responsive-json-new='{\"font-size\":\"desktop:21px;\",\"line-height\":\"\"}'  style=\"font-weight:normal;border:none;background: #e0e0e0;color: #000000;\"><span class=\"ubtn-hover\" style=\"background-color:\"><\/span><span class=\"ubtn-data ubtn-text \" >Remote-Vertrag anfordern<\/span><\/button><\/a><\/div>[\/vc_column][\/vc_row][vc_row remove_padding=&#8220;no-padding-vc-row&#8220;][vc_column][vc_raw_html]JTNDZGl2JTIwaWQlM0QlMjJxdWlja3N1cHBvcnQlMjIlM0UlM0MlMkZkaXYlM0U=[\/vc_raw_html][vc_text_separator title=&#8220;Quick-Support&#8220; i_icon_fontawesome=&#8220;fa fa-file-text-o&#8220; i_color=&#8220;black&#8220; title_align=&#8220;separator_align_left&#8220; add_icon=&#8220;true&#8220;][vc_row_inner][vc_column_inner width=&#8220;2\/3&#8243;][vc_column_text]Mit der Remote-Desktop-Software &#8222;TeamViewer QuickSupport&#8220; k\u00f6nnen wir \u00fcber eine\u00a0Computer-zu-Computer-Verbindung Echtzeitunterst\u00fctzung bieten und mit Ihnen online zusammenarbeiten sowie auf Dateien, Netzwerke und Programme zugreifen.<br \/>\nFalls mit diesem Remote-Service auf personenbezogene Daten zugegriffen werden kann, ist der Abschluss eines Auftragsverarbeitungsvertrages gem\u00e4\u00df Art. 28 DSGVO verbindlich. Zu Beginn der Datenerhebung k\u00f6nnen wir Ihnen den Vertrag zusenden.[\/vc_column_text][\/vc_column_inner][vc_column_inner width=&#8220;1\/3&#8243;][vc_single_image image=&#8220;13045&#8243; img_size=&#8220;medium&#8220;][\/vc_column_inner][\/vc_row_inner]<div class=\" ubtn-ctn-center \"><a class=\"ubtn-link ult-adjust-bottom-margin ubtn-center ubtn-normal \" href=\"https:\/\/download.teamviewer.com\/download\/TeamViewerQS.exe\" title=\"externer link\" ><button type=\"button\" id=\"ubtn-6091\"  class=\"ubtn ult-adjust-bottom-margin ult-responsive ubtn-normal ubtn-no-hover-bg  none  ubtn-center   tooltip-6a049dab214d6\"  data-hover=\"\" data-border-color=\"\" data-bg=\"#e0e0e0\" data-hover-bg=\"\" data-border-hover=\"\" data-shadow-hover=\"\" data-shadow-click=\"none\" data-shadow=\"\" data-shd-shadow=\"\"  data-ultimate-target='#ubtn-6091'  data-responsive-json-new='{\"font-size\":\"desktop:21px;\",\"line-height\":\"\"}'  style=\"font-weight:normal;border:none;background: #e0e0e0;color: #000000;\"><span class=\"ubtn-data ubtn-icon\"><i class=\"none\" style=\"font-size:32px;color:;\"><\/i><\/span><span class=\"ubtn-hover\" style=\"background-color:\"><\/span><span class=\"ubtn-data ubtn-text \" >Support-Datei laden<\/span><\/button><\/a><\/div>[\/vc_column][\/vc_row]<\/p>\n","protected":false},"excerpt":{"rendered":"<p>[vc_row remove_padding=&#8220;no-padding-vc-row&#8220;][vc_column][\/vc_column][\/vc_row][vc_row remove_padding=&#8220;no-padding-vc-row&#8220;][vc_column][\/vc_column][\/vc_row][vc_row remove_padding=&#8220;no-padding-vc-row&#8220;][vc_column][vc_raw_html]JTNDZGl2JTIwaWQlM0QlMjJ0ZWxlZm9uaXNjaGVyc3VwcG9ydCUyMiUzRSUzQyUyRmRpdiUzRQ==[\/vc_raw_html][vc_text_separator title=&#8220;Telefonischer Support&#8220; i_icon_fontawesome=&#8220;fa fa-phone&#8220; i_color=&#8220;black&#8220; title_align=&#8220;separator_align_left&#8220; add_icon=&#8220;true&#8220;][vc_row_inner][vc_column_inner width=&#8220;2\/3&#8243;][vc_column_text]Wenn etwas nicht l\u00e4uft&#8230; Rufen Sie einfach an! Viele St\u00f6rungen k\u00f6nnen bereits am Telefon erledigt werden. Um von Ihrem Smartphone anzurufen, \u00fcbernehmen Sie einfach die folgende Telefonnummer: 02241 234200&#8230;<\/p>\n","protected":false},"author":6,"featured_media":0,"parent":10859,"menu_order":0,"comment_status":"closed","ping_status":"closed","template":"","meta":{"footnotes":""},"class_list":["post-10952","page","type-page","status-publish","hentry"],"_links":{"self":[{"href":"https:\/\/pr.oostlander.de\/bpw-hauptseite\/wp-json\/wp\/v2\/pages\/10952","targetHints":{"allow":["GET"]}}],"collection":[{"href":"https:\/\/pr.oostlander.de\/bpw-hauptseite\/wp-json\/wp\/v2\/pages"}],"about":[{"href":"https:\/\/pr.oostlander.de\/bpw-hauptseite\/wp-json\/wp\/v2\/types\/page"}],"author":[{"embeddable":true,"href":"https:\/\/pr.oostlander.de\/bpw-hauptseite\/wp-json\/wp\/v2\/users\/6"}],"replies":[{"embeddable":true,"href":"https:\/\/pr.oostlander.de\/bpw-hauptseite\/wp-json\/wp\/v2\/comments?post=10952"}],"version-history":[{"count":42,"href":"https:\/\/pr.oostlander.de\/bpw-hauptseite\/wp-json\/wp\/v2\/pages\/10952\/revisions"}],"predecessor-version":[{"id":13448,"href":"https:\/\/pr.oostlander.de\/bpw-hauptseite\/wp-json\/wp\/v2\/pages\/10952\/revisions\/13448"}],"up":[{"embeddable":true,"href":"https:\/\/pr.oostlander.de\/bpw-hauptseite\/wp-json\/wp\/v2\/pages\/10859"}],"wp:attachment":[{"href":"https:\/\/pr.oostlander.de\/bpw-hauptseite\/wp-json\/wp\/v2\/media?parent=10952"}],"curies":[{"name":"wp","href":"https:\/\/api.w.org\/{rel}","templated":true}]}}