{"id":10937,"date":"2018-07-18T12:39:26","date_gmt":"2018-07-18T10:39:26","guid":{"rendered":"https:\/\/pr.oostlander.de\/?page_id=10937"},"modified":"2018-12-17T14:43:40","modified_gmt":"2018-12-17T12:43:40","slug":"wartung-und-reparatur","status":"publish","type":"page","link":"https:\/\/pr.oostlander.de\/bpw-hauptseite\/dienstleistungen\/wartung-und-reparatur\/","title":{"rendered":"Wartung und Reparatur"},"content":{"rendered":"<p>[vc_row remove_padding=&#8220;no-padding-vc-row&#8220;][vc_column]<div id=\"sub-header\" class=\"\"><ul class=\"breadcrumb\"><li><a href=\"https:\/\/pr.oostlander.de\/bpw-hauptseite\/\"><\/a> <\/li><li><span class=\"current\">Seite<\/span><\/li><\/ul><\/div>[\/vc_column][\/vc_row][vc_row remove_padding=&#8220;no-padding-vc-row&#8220;][vc_column]<div id=\"ultimate-heading-52036a049d552fd76\" class=\"uvc-heading ult-adjust-bottom-margin ultimate-heading-52036a049d552fd76 uvc-4280 \" data-hspacer=\"no_spacer\"  data-halign=\"center\" style=\"text-align:center\"><div class=\"uvc-heading-spacer no_spacer\" style=\"top\"><\/div><div class=\"uvc-main-heading ult-responsive\"  data-ultimate-target='.uvc-heading.ultimate-heading-52036a049d552fd76 h2'  data-responsive-json-new='{\"font-size\":\"desktop:45px;\",\"line-height\":\"\"}' ><h2 style=\"font-weight:normal;\">Wartung und Reparatur<\/h2><\/div><\/div>[\/vc_column][\/vc_row][vc_row remove_padding=&#8220;no-padding-vc-row&#8220;][vc_column][vc_raw_html]JTNDZGl2JTIwaWQlM0QlMjJ3YXJ0dW5nJTIyJTNFJTNDJTJGZGl2JTNF[\/vc_raw_html][vc_text_separator title=&#8220;Wartung&#8220; i_icon_fontawesome=&#8220;fa fa-cogs&#8220; i_color=&#8220;black&#8220; i_background_style=&#8220;rounded&#8220; title_align=&#8220;separator_align_left&#8220; add_icon=&#8220;true&#8220;][vc_row_inner][vc_column_inner width=&#8220;2\/3&#8243;][vc_column_text]Der Umfang der Wartungsarbeiten richtet sich nach den Vorgaben der Hersteller sowie nach Ihren Anspr\u00fcchen. Mit regelm\u00e4\u00dfiger Wartung erhalten Sie die Einsatzf\u00e4higkeit Ihrer Systeme, und erf\u00fcllen die Vorgaben der Medizinprodukte-Betreiberverordnung (MPBetreibV).<\/p>\n<p>Wir bieten Ihnen individuell zugeschnittene Leistungspakete (u.a.):<\/p>\n<ul>\n<li style=\"list-style-type: none;\">\n<ul>\n<li>Sicherheitstechnische Kontrollen (STK)<\/li>\n<li>Messtechnische Kontrollen (MTK)<\/li>\n<li>Basiswartung<\/li>\n<li>Vollwartung<\/li>\n<li>Rundum-sorglos-Paket<\/li>\n<\/ul>\n<p>Im Rundum-sorglos-Paket sind als Optionen die Verschlei\u00dfteile sowie bei Instandsetzungen die ben\u00f6tigten Ersatzteile enthalten.<\/li>\n<\/ul>\n<p>[\/vc_column_text][\/vc_column_inner][vc_column_inner width=&#8220;1\/3&#8243;][vc_single_image image=&#8220;13022&#8243; img_size=&#8220;medium&#8220;][\/vc_column_inner][\/vc_row_inner]<div class=\" ubtn-ctn-center \"><a class=\"ubtn-link ult-adjust-bottom-margin ubtn-center ubtn-normal \" href=\"mailto: info@med-renovate.com\" ><button type=\"button\" id=\"ubtn-6305\"  class=\"ubtn ult-adjust-bottom-margin ult-responsive ubtn-normal ubtn-no-hover-bg  none  ubtn-center   tooltip-6a049d552fda5\"  data-hover=\"\" data-border-color=\"\" data-bg=\"#e0e0e0\" data-hover-bg=\"\" data-border-hover=\"\" data-shadow-hover=\"\" data-shadow-click=\"none\" data-shadow=\"\" data-shd-shadow=\"\"  data-ultimate-target='#ubtn-6305'  data-responsive-json-new='{\"font-size\":\"desktop:21px;\",\"line-height\":\"\"}'  style=\"font-weight:normal;border:none;background: #e0e0e0;color: #000000;\"><span class=\"ubtn-hover\" style=\"background-color:\"><\/span><span class=\"ubtn-data ubtn-text \" >Wartungs-Angebot anfordern<\/span><\/button><\/a><\/div>[\/vc_column][\/vc_row][vc_row remove_padding=&#8220;no-padding-vc-row&#8220;][vc_column][vc_raw_html]JTNDZGl2JTIwaWQlM0QlMjJyZXBhcmF0dXIlMjIlM0UlM0MlMkZkaXYlM0U=[\/vc_raw_html][vc_text_separator title=&#8220;Reparatur&#8220; i_icon_fontawesome=&#8220;fa fa-repeat&#8220; i_color=&#8220;black&#8220; i_background_style=&#8220;rounded&#8220; title_align=&#8220;separator_align_left&#8220; add_icon=&#8220;true&#8220;][vc_row_inner][vc_column_inner width=&#8220;2\/3&#8243;][vc_column_text]Als autorisierter Fachhandelsbetrieb erf\u00fcllen wir die Anforderungen des \u00a7 5 der\u00a0 Medizinprodukte-Betreiberverordnung\u00a0 (MPBetreibV) .<br \/>\nWir verwenden selbstverst\u00e4ndlich ausschlie\u00dflich konforme Ersatzteile und Hilfsmittel.<\/p>\n<p>Reparaturarbeiten \/ Instandsetzungsarbeiten f\u00fchren wir schnellstm\u00f6glich durch, selbstverst\u00e4ndlich auf der Basis der Herstellervorgaben sowie der DIN EN 62353 (Medizinische elektrische Ger\u00e4te &#8211; Wiederholungspr\u00fcfungen und Pr\u00fcfung nach Instandsetzung von medizinischen elektrischen Ger\u00e4ten), der EN 60601 und der einschl\u00e4gigen Vorgaben der\u00a0 Medizinprodukte-Gesetze.<\/p>\n<p>Instandsetzungsarbeiten k\u00f6nnen Teil eines individuell zugeschnittenen Leistungspaketes sein.[\/vc_column_text][\/vc_column_inner][vc_column_inner width=&#8220;1\/3&#8243;][vc_single_image image=&#8220;13028&#8243; img_size=&#8220;medium&#8220;][\/vc_column_inner][\/vc_row_inner]<div class=\" ubtn-ctn-center \"><a class=\"ubtn-link ult-adjust-bottom-margin ubtn-center ubtn-normal \" href=\"mailto: info@med-renovate.com\" ><button type=\"button\" id=\"ubtn-1349\"  class=\"ubtn ult-adjust-bottom-margin ult-responsive ubtn-normal ubtn-no-hover-bg  none  ubtn-center   tooltip-6a049d552fe04\"  data-hover=\"\" data-border-color=\"\" data-bg=\"#e0e0e0\" data-hover-bg=\"\" data-border-hover=\"\" data-shadow-hover=\"\" data-shadow-click=\"none\" data-shadow=\"\" data-shd-shadow=\"\"  data-ultimate-target='#ubtn-1349'  data-responsive-json-new='{\"font-size\":\"desktop:21px;\",\"line-height\":\"\"}'  style=\"font-weight:normal;border:none;background: #e0e0e0;color: #000000;\"><span class=\"ubtn-hover\" style=\"background-color:\"><\/span><span class=\"ubtn-data ubtn-text \" >Reparatur-Angebot anfordern<\/span><\/button><\/a><\/div>[\/vc_column][\/vc_row][vc_row remove_padding=&#8220;no-padding-vc-row&#8220;][vc_column][vc_raw_html]JTNDZGl2JTIwaWQlM0QlMjJlcnNhdHp0ZWlsZSUyMiUzRSUzQyUyRmRpdiUzRQ==[\/vc_raw_html][vc_text_separator title=&#8220;Macht Ihre Medizintechnik die Instandhaltung selbst?&#8220; i_icon_fontawesome=&#8220;fa fa-user&#8220; i_color=&#8220;black&#8220; i_background_style=&#8220;rounded&#8220; title_align=&#8220;separator_align_left&#8220; add_icon=&#8220;true&#8220;][vc_row_inner][vc_column_inner width=&#8220;2\/3&#8243;][vc_column_text]Wenn Sie die Instandhaltungsarbeiten in Eigenregie \u00fcbernehmen, k\u00f6nnen wir Sie mit den Original-Ersatzteilen beliefern. Wir machen darauf aufmerksam, dass nach \u00a7 7 (2) MPBetreibV geregelt ist, wer Instandhaltungen durchf\u00fchren darf: &#8222;Der Betreiber darf mit der Instandhaltung nur Personen, Betriebe oder Einrichtungen beauftragen, die selbst oder deren Besch\u00e4ftigte, die die Instandhaltung durchf\u00fchren, die Voraussetzungen nach \u00a7 5 hinsichtlich der Instandhaltung des jeweiligen Medizinproduktes erf\u00fcllen.&#8220;[\/vc_column_text][\/vc_column_inner][vc_column_inner width=&#8220;1\/3&#8243;][vc_single_image image=&#8220;12726&#8243; img_size=&#8220;medium&#8220; onclick=&#8220;custom_link&#8220; link=&#8220;https:\/\/pr.oostlander.de\/dienstleistungen\/zubehoer-und-ersatzteile\/&#8220;][\/vc_column_inner][\/vc_row_inner][\/vc_column][\/vc_row]<\/p>\n","protected":false},"excerpt":{"rendered":"<p>[vc_row remove_padding=&#8220;no-padding-vc-row&#8220;][vc_column][\/vc_column][\/vc_row][vc_row remove_padding=&#8220;no-padding-vc-row&#8220;][vc_column][\/vc_column][\/vc_row][vc_row remove_padding=&#8220;no-padding-vc-row&#8220;][vc_column][vc_raw_html]JTNDZGl2JTIwaWQlM0QlMjJ3YXJ0dW5nJTIyJTNFJTNDJTJGZGl2JTNF[\/vc_raw_html][vc_text_separator title=&#8220;Wartung&#8220; i_icon_fontawesome=&#8220;fa fa-cogs&#8220; i_color=&#8220;black&#8220; i_background_style=&#8220;rounded&#8220; title_align=&#8220;separator_align_left&#8220; add_icon=&#8220;true&#8220;][vc_row_inner][vc_column_inner width=&#8220;2\/3&#8243;][vc_column_text]Der Umfang der Wartungsarbeiten richtet sich nach den Vorgaben der Hersteller sowie nach Ihren Anspr\u00fcchen. Mit regelm\u00e4\u00dfiger Wartung erhalten Sie die Einsatzf\u00e4higkeit Ihrer Systeme, und erf\u00fcllen die Vorgaben der&#8230;<\/p>\n","protected":false},"author":6,"featured_media":0,"parent":10859,"menu_order":0,"comment_status":"closed","ping_status":"closed","template":"","meta":{"footnotes":""},"class_list":["post-10937","page","type-page","status-publish","hentry"],"_links":{"self":[{"href":"https:\/\/pr.oostlander.de\/bpw-hauptseite\/wp-json\/wp\/v2\/pages\/10937","targetHints":{"allow":["GET"]}}],"collection":[{"href":"https:\/\/pr.oostlander.de\/bpw-hauptseite\/wp-json\/wp\/v2\/pages"}],"about":[{"href":"https:\/\/pr.oostlander.de\/bpw-hauptseite\/wp-json\/wp\/v2\/types\/page"}],"author":[{"embeddable":true,"href":"https:\/\/pr.oostlander.de\/bpw-hauptseite\/wp-json\/wp\/v2\/users\/6"}],"replies":[{"embeddable":true,"href":"https:\/\/pr.oostlander.de\/bpw-hauptseite\/wp-json\/wp\/v2\/comments?post=10937"}],"version-history":[{"count":23,"href":"https:\/\/pr.oostlander.de\/bpw-hauptseite\/wp-json\/wp\/v2\/pages\/10937\/revisions"}],"predecessor-version":[{"id":13019,"href":"https:\/\/pr.oostlander.de\/bpw-hauptseite\/wp-json\/wp\/v2\/pages\/10937\/revisions\/13019"}],"up":[{"embeddable":true,"href":"https:\/\/pr.oostlander.de\/bpw-hauptseite\/wp-json\/wp\/v2\/pages\/10859"}],"wp:attachment":[{"href":"https:\/\/pr.oostlander.de\/bpw-hauptseite\/wp-json\/wp\/v2\/media?parent=10937"}],"curies":[{"name":"wp","href":"https:\/\/api.w.org\/{rel}","templated":true}]}}