{"id":10894,"date":"2018-07-17T13:34:33","date_gmt":"2018-07-17T11:34:33","guid":{"rendered":"https:\/\/pr.oostlander.de\/?page_id=10894"},"modified":"2018-12-18T17:26:29","modified_gmt":"2018-12-18T15:26:29","slug":"praxisausstattung","status":"publish","type":"page","link":"https:\/\/pr.oostlander.de\/bpw-hauptseite\/dienstleistungen\/planung\/praxisausstattung\/","title":{"rendered":"Praxisausstattung"},"content":{"rendered":"<p>[vc_row remove_padding=&#8220;no-padding-vc-row&#8220;][vc_column]<div id=\"sub-header\" class=\"\"><ul class=\"breadcrumb\"><li><a href=\"https:\/\/pr.oostlander.de\/bpw-hauptseite\/\"><\/a> <\/li><li><span class=\"current\">Seite<\/span><\/li><\/ul><\/div>[\/vc_column][\/vc_row][vc_row remove_padding=&#8220;no-padding-vc-row&#8220;][vc_column]<div id=\"ultimate-heading-66366a0483041ef06\" class=\"uvc-heading ult-adjust-bottom-margin ultimate-heading-66366a0483041ef06 uvc-2798 \" data-hspacer=\"no_spacer\"  data-halign=\"center\" style=\"text-align:center\"><div class=\"uvc-heading-spacer no_spacer\" style=\"top\"><\/div><div class=\"uvc-main-heading ult-responsive\"  data-ultimate-target='.uvc-heading.ultimate-heading-66366a0483041ef06 h2'  data-responsive-json-new='{\"font-size\":\"desktop:45px;\",\"line-height\":\"\"}' ><h2 style=\"font-weight:normal;\">Praxisausstattung<\/h2><\/div><\/div>[\/vc_column][\/vc_row][vc_row remove_padding=&#8220;no-padding-vc-row&#8220;][vc_column][vc_raw_html]JTNDZGl2JTIwaWQlM0QlMjJ1bnNlcmVsZWlzdHVuZ2VuJTIyJTNFJTNDJTJGZGl2JTNF[\/vc_raw_html][vc_text_separator title=&#8220;Unsere Leistungen&#8220; i_icon_fontawesome=&#8220;fa fa-home&#8220; i_color=&#8220;black&#8220; i_background_style=&#8220;rounded&#8220; title_align=&#8220;separator_align_left&#8220; add_icon=&#8220;true&#8220;][vc_row_inner][vc_column_inner width=&#8220;2\/3&#8243;][vc_column_text]Vom Layout des Behandlungsraumes \u00fcber die Beleuchtung bis zu den Systemen realisieren wir Ihre Vorstellungen.<br \/>\nDazu f\u00fchren wir nach Ihren Anforderungen die notwendigen Planer und Gewerke zusammen und koordinieren das Projekt.<\/p>\n<p>Sie k\u00f6nnen sich\u00a0 auf uns verlassen, wir k\u00fcmmern uns nicht nur um die gro\u00dfen Projekte, wir k\u00fcmmern uns auch um die kleinste Ersatzbeschaffung wie z.B. Aufbelichtungs-Schablonen.<\/p>\n<p>Das k\u00f6nnen Sie von uns erwarten:<\/p>\n<ul>\n<li>Ersatzbeschaffung f\u00fcr die Ausstattung Ihrer Praxis<\/li>\n<li>Umbauma\u00dfnahmen \/ Renovierungen<\/li>\n<li>Umz\u00fcge<\/li>\n<li>Komplettausstattung<\/li>\n<\/ul>\n<p>[\/vc_column_text][\/vc_column_inner][vc_column_inner width=&#8220;1\/3&#8243;][vc_single_image image=&#8220;13122&#8243; img_size=&#8220;medium&#8220; alignment=&#8220;center&#8220;][\/vc_column_inner][\/vc_row_inner][vc_row_inner][vc_column_inner width=&#8220;2\/3&#8243;][vc_column_text]Eine Ausstattung bis ins kleinste Detail ist dann optimal, wenn auch die Arbeitsabl\u00e4ufe stimmen.\u00a0 Mit Ihnen zusammen schauen wir uns die Arbeitsabl\u00e4ufe und Prozesse an und entwickeln daraus Vorschl\u00e4ge zur Optimierung der Prozesse mit dem Ziel, dass sich Ihre Patienten sicher und wohl f\u00fchlen.<\/p>\n<p>Mit der Auswahl der Produkte in Abstimmung mit den Arbeitsabl\u00e4ufen optimieren wir auch die Life-Cycle-Kosten.[\/vc_column_text][\/vc_column_inner][vc_column_inner width=&#8220;1\/3&#8243;][vc_single_image image=&#8220;13131&#8243; img_size=&#8220;medium&#8220; alignment=&#8220;center&#8220;][\/vc_column_inner][\/vc_row_inner][\/vc_column][\/vc_row][vc_row remove_padding=&#8220;no-padding-vc-row&#8220;][vc_column][vc_raw_html]JTNDZGl2JTIwaWQlM0QlMjJhdXNzdGF0dHVuZ2xpZWZlcmFudGVuJTIyJTNFJTNDJTJGZGl2JTNF[\/vc_raw_html][vc_text_separator title=&#8220;Unsere Lieferanten&#8220; i_icon_fontawesome=&#8220;fa fa-shopping-cart&#8220; i_color=&#8220;black&#8220; i_background_style=&#8220;rounded&#8220; title_align=&#8220;separator_align_left&#8220; add_icon=&#8220;true&#8220;][vc_row_inner][vc_column_inner width=&#8220;2\/3&#8243;][vc_column_text]Weitere Lieferanten f\u00fcr die Praxisausstattung werden abh\u00e4ngig vom Planungsstand des Projektes einbezogen. Wir kooperieren gern mit den Lieferanten Ihrer Wahl im konkreten Projekt.[\/vc_column_text][\/vc_column_inner][vc_column_inner width=&#8220;1\/3&#8243;][\/vc_column_inner][\/vc_row_inner][vc_separator][\/vc_column][\/vc_row][vc_row remove_padding=&#8220;no-padding-vc-row&#8220;][vc_column width=&#8220;1\/5&#8243;][vc_single_image image=&#8220;11939&#8243; img_size=&#8220;medium&#8220; alignment=&#8220;center&#8220; onclick=&#8220;custom_link&#8220; css_animation=&#8220;zoomIn&#8220; title=&#8220;provita&#8220; link=&#8220;https:\/\/pr.oostlander.de\/produkte\/hersteller\/provita\/&#8220;][\/vc_column][vc_column width=&#8220;1\/5&#8243;][vc_single_image image=&#8220;11948&#8243; img_size=&#8220;medium&#8220; alignment=&#8220;center&#8220; onclick=&#8220;custom_link&#8220; css_animation=&#8220;zoomIn&#8220; title=&#8220;Philips Lighting&#8220; link=&#8220;https:\/\/pr.oostlander.de\/produkte\/hersteller\/philips-lighting\/&#8220;][\/vc_column][vc_column width=&#8220;1\/5&#8243;][vc_single_image image=&#8220;11937&#8243; img_size=&#8220;medium&#8220; alignment=&#8220;center&#8220; onclick=&#8220;custom_link&#8220; css_animation=&#8220;zoomIn&#8220; title=&#8220;Dr. Goos&#8220; link=&#8220;https:\/\/pr.oostlander.de\/produkte\/hersteller\/dr-goos\/&#8220;][\/vc_column][vc_column width=&#8220;1\/5&#8243;][vc_single_image image=&#8220;11935&#8243; img_size=&#8220;medium&#8220; alignment=&#8220;center&#8220; onclick=&#8220;custom_link&#8220; css_animation=&#8220;zoomIn&#8220; title=&#8220;IBA&#8220; link=&#8220;https:\/\/pr.oostlander.de\/produkte\/hersteller\/iba\/&#8220;][\/vc_column][vc_column width=&#8220;1\/5&#8243;][vc_single_image image=&#8220;13119&#8243; img_size=&#8220;medium&#8220; alignment=&#8220;center&#8220; css_animation=&#8220;zoomIn&#8220; title=&#8220;weiterer Lieferant&#8220;][\/vc_column][\/vc_row][vc_row remove_padding=&#8220;no-padding-vc-row&#8220;][vc_column][vc_raw_html]JTNDZGl2JTIwaWQlM0RwcmF4aXNhdXNzdGF0dHVuZ2xlaXN0dW5nZW4lMjIlM0UlM0MlMkZkaXYlM0U=[\/vc_raw_html][vc_text_separator title=&#8220;Unsere Dienstleistungen&#8220; i_icon_fontawesome=&#8220;fa fa-puzzle-piece&#8220; i_color=&#8220;black&#8220; i_background_style=&#8220;rounded&#8220; title_align=&#8220;separator_align_left&#8220; add_icon=&#8220;true&#8220;][vc_basic_grid post_type=&#8220;ids&#8220; style=&#8220;pagination&#8220; items_per_page=&#8220;4&#8243; element_width=&#8220;3&#8243; arrows_design=&#8220;vc_arrow-icon-arrow_03_left&#8220; arrows_position=&#8220;outside&#8220; arrows_color=&#8220;black&#8220; loop=&#8220;yes&#8220; item=&#8220;11923&#8243; grid_id=&#8220;vc_gid:1545146692124-5ddb71b7-136f-5&#8243; include=&#8220;10907, 12618, 10954, 10896, 10948, 10892, 10937, 10952&#8243;][\/vc_column][\/vc_row]<\/p>\n","protected":false},"excerpt":{"rendered":"<p>[vc_row remove_padding=&#8220;no-padding-vc-row&#8220;][vc_column][\/vc_column][\/vc_row][vc_row remove_padding=&#8220;no-padding-vc-row&#8220;][vc_column][\/vc_column][\/vc_row][vc_row remove_padding=&#8220;no-padding-vc-row&#8220;][vc_column][vc_raw_html]JTNDZGl2JTIwaWQlM0QlMjJ1bnNlcmVsZWlzdHVuZ2VuJTIyJTNFJTNDJTJGZGl2JTNF[\/vc_raw_html][vc_text_separator title=&#8220;Unsere Leistungen&#8220; i_icon_fontawesome=&#8220;fa fa-home&#8220; i_color=&#8220;black&#8220; i_background_style=&#8220;rounded&#8220; title_align=&#8220;separator_align_left&#8220; add_icon=&#8220;true&#8220;][vc_row_inner][vc_column_inner width=&#8220;2\/3&#8243;][vc_column_text]Vom Layout des Behandlungsraumes \u00fcber die Beleuchtung bis zu den Systemen realisieren wir Ihre Vorstellungen. Dazu f\u00fchren wir nach Ihren Anforderungen die notwendigen Planer und Gewerke zusammen und&#8230;<\/p>\n","protected":false},"author":6,"featured_media":0,"parent":10914,"menu_order":0,"comment_status":"closed","ping_status":"closed","template":"","meta":{"footnotes":""},"class_list":["post-10894","page","type-page","status-publish","hentry"],"_links":{"self":[{"href":"https:\/\/pr.oostlander.de\/bpw-hauptseite\/wp-json\/wp\/v2\/pages\/10894","targetHints":{"allow":["GET"]}}],"collection":[{"href":"https:\/\/pr.oostlander.de\/bpw-hauptseite\/wp-json\/wp\/v2\/pages"}],"about":[{"href":"https:\/\/pr.oostlander.de\/bpw-hauptseite\/wp-json\/wp\/v2\/types\/page"}],"author":[{"embeddable":true,"href":"https:\/\/pr.oostlander.de\/bpw-hauptseite\/wp-json\/wp\/v2\/users\/6"}],"replies":[{"embeddable":true,"href":"https:\/\/pr.oostlander.de\/bpw-hauptseite\/wp-json\/wp\/v2\/comments?post=10894"}],"version-history":[{"count":26,"href":"https:\/\/pr.oostlander.de\/bpw-hauptseite\/wp-json\/wp\/v2\/pages\/10894\/revisions"}],"predecessor-version":[{"id":14220,"href":"https:\/\/pr.oostlander.de\/bpw-hauptseite\/wp-json\/wp\/v2\/pages\/10894\/revisions\/14220"}],"up":[{"embeddable":true,"href":"https:\/\/pr.oostlander.de\/bpw-hauptseite\/wp-json\/wp\/v2\/pages\/10914"}],"wp:attachment":[{"href":"https:\/\/pr.oostlander.de\/bpw-hauptseite\/wp-json\/wp\/v2\/media?parent=10894"}],"curies":[{"name":"wp","href":"https:\/\/api.w.org\/{rel}","templated":true}]}}