{"id":10892,"date":"2018-07-17T13:34:08","date_gmt":"2018-07-17T11:34:08","guid":{"rendered":"https:\/\/pr.oostlander.de\/?page_id=10892"},"modified":"2018-12-18T14:43:45","modified_gmt":"2018-12-18T12:43:45","slug":"zubehoer-und-ersatzteile","status":"publish","type":"page","link":"https:\/\/pr.oostlander.de\/bpw-hauptseite\/dienstleistungen\/zubehoer-und-ersatzteile\/","title":{"rendered":"Zubeh\u00f6r und Ersatzteile"},"content":{"rendered":"<p>[vc_row remove_padding=&#8220;no-padding-vc-row&#8220;][vc_column]<div id=\"sub-header\" class=\"\"><ul class=\"breadcrumb\"><li><a href=\"https:\/\/pr.oostlander.de\/bpw-hauptseite\/\"><\/a> <\/li><li><span class=\"current\">Seite<\/span><\/li><\/ul><\/div>[\/vc_column][\/vc_row][vc_row remove_padding=&#8220;no-padding-vc-row&#8220;][vc_column]<div id=\"ultimate-heading-18256a04ac4940e32\" class=\"uvc-heading ult-adjust-bottom-margin ultimate-heading-18256a04ac4940e32 uvc-9391 \" data-hspacer=\"no_spacer\"  data-halign=\"center\" style=\"text-align:center\"><div class=\"uvc-heading-spacer no_spacer\" style=\"top\"><\/div><div class=\"uvc-main-heading ult-responsive\"  data-ultimate-target='.uvc-heading.ultimate-heading-18256a04ac4940e32 h1'  data-responsive-json-new='{\"font-size\":\"desktop:45px;\",\"line-height\":\"\"}' ><h1 style=\"font-weight:normal;margin-bottom:30px;\">Zubeh\u00f6r und Ersatzteile<\/h1><\/div><div class=\"uvc-sub-heading ult-responsive\"  data-ultimate-target='.uvc-heading.ultimate-heading-18256a04ac4940e32 .uvc-sub-heading '  data-responsive-json-new='{\"font-size\":\"\",\"line-height\":\"\"}'  style=\"font-weight:normal;margin-bottom:30px;\">Wir liefern das kompatible Zubeh\u00f6r sowie die Original Ersatzteile f\u00fcr die Systeme unserer Lieferanten.<\/p>\n<p>Ihre Bestellung nehmen wir per Telefon oder auch per E-Mail entgegen!<\/div><\/div><div id=\"ultimate-heading-29816a04ac4940e56\" class=\"uvc-heading ult-adjust-bottom-margin ultimate-heading-29816a04ac4940e56 uvc-3950 \" data-hspacer=\"line_only\"  data-halign=\"center\" style=\"text-align:center\"><div class=\"uvc-heading-spacer line_only\" style=\"topheight:1px;\"><span class=\"uvc-headings-line\" style=\"border-style:solid;border-bottom-width:1px;border-color:#ccc;width:autopx;\"><\/span><\/div><div class=\"uvc-main-heading ult-responsive\"  data-ultimate-target='.uvc-heading.ultimate-heading-29816a04ac4940e56 h2'  data-responsive-json-new='{\"font-size\":\"desktop:40px;\",\"line-height\":\"\"}' ><h2 style=\"font-weight:normal;\">Telefon: 02241 23 42 00<\/h2><\/div><\/div><div id=\"ultimate-heading-3586a04ac4940e6d\" class=\"uvc-heading ult-adjust-bottom-margin ultimate-heading-3586a04ac4940e6d uvc-7995 \" data-hspacer=\"line_only\"  data-halign=\"center\" style=\"text-align:center\"><div class=\"uvc-main-heading ult-responsive\"  data-ultimate-target='.uvc-heading.ultimate-heading-3586a04ac4940e6d h2'  data-responsive-json-new='{\"font-size\":\"desktop:40px;\",\"line-height\":\"\"}' ><h2 style=\"font-weight:normal;\">E-Mail: info@med-renovate.de<\/h2><\/div><div class=\"uvc-heading-spacer line_only\" style=\"topheight:1px;\"><span class=\"uvc-headings-line\" style=\"border-style:solid;border-bottom-width:1px;border-color:#ccc;width:autopx;\"><\/span><\/div><\/div>[\/vc_column][\/vc_row][vc_row equal_height=&#8220;yes&#8220; remove_padding=&#8220;no-padding-vc-row&#8220; css=&#8220;.vc_custom_1539269862696{padding-top: 100px !important;}&#8220;][vc_column width=&#8220;1\/4&#8243;][vc_single_image image=&#8220;11930&#8243; img_size=&#8220;medium&#8220; alignment=&#8220;center&#8220; css_animation=&#8220;zoomIn&#8220; title=&#8220;Philips Healthcare&#8220;][\/vc_column][vc_column width=&#8220;1\/4&#8243;][vc_single_image image=&#8220;11931&#8243; img_size=&#8220;medium&#8220; add_caption=&#8220;yes&#8220; alignment=&#8220;center&#8220; css_animation=&#8220;zoomIn&#8220; title=&#8220;mediDOK&#8220; css=&#8220;.vc_custom_1545050759849{background-position: center !important;background-repeat: no-repeat !important;background-size: contain !important;}&#8220;][\/vc_column][vc_column width=&#8220;1\/4&#8243;][vc_single_image image=&#8220;11932&#8243; img_size=&#8220;medium&#8220; alignment=&#8220;center&#8220; css_animation=&#8220;zoomIn&#8220; title=&#8220;Protec&#8220; css=&#8220;.vc_custom_1539270309772{background-position: center !important;background-repeat: no-repeat !important;background-size: contain !important;}&#8220;][\/vc_column][vc_column width=&#8220;1\/4&#8243;][vc_single_image image=&#8220;11935&#8243; img_size=&#8220;medium&#8220; alignment=&#8220;center&#8220; css_animation=&#8220;zoomIn&#8220; title=&#8220;IBA&#8220; css=&#8220;.vc_custom_1539270319687{background-position: center !important;background-repeat: no-repeat !important;background-size: contain !important;}&#8220;][\/vc_column][\/vc_row][vc_row equal_height=&#8220;yes&#8220; remove_padding=&#8220;no-padding-vc-row&#8220; css=&#8220;.vc_custom_1537778114390{padding-top: 100px !important;}&#8220;][vc_column width=&#8220;1\/4&#8243;][vc_single_image image=&#8220;11937&#8243; img_size=&#8220;medium&#8220; alignment=&#8220;center&#8220; css_animation=&#8220;zoomIn&#8220; title=&#8220;Dr. Goos&#8220;][\/vc_column][vc_column width=&#8220;1\/4&#8243;][vc_single_image image=&#8220;11939&#8243; img_size=&#8220;medium&#8220; alignment=&#8220;center&#8220; css_animation=&#8220;zoomIn&#8220; title=&#8220;Provita&#8220; css=&#8220;.vc_custom_1539270239138{background-position: center !important;background-repeat: no-repeat !important;background-size: contain !important;}&#8220;][\/vc_column][vc_column width=&#8220;1\/4&#8243;][vc_single_image image=&#8220;11942&#8243; img_size=&#8220;100&#215;100&#8243; alignment=&#8220;center&#8220; css_animation=&#8220;zoomIn&#8220; title=&#8220;DELL&#8220; css=&#8220;.vc_custom_1539270369326{background-position: center !important;background-repeat: no-repeat !important;background-size: contain !important;}&#8220;][\/vc_column][vc_column width=&#8220;1\/4&#8243;][vc_single_image image=&#8220;11948&#8243; img_size=&#8220;medium&#8220; alignment=&#8220;center&#8220; css_animation=&#8220;zoomIn&#8220; title=&#8220;Philips Lighting&#8220; css=&#8220;.vc_custom_1539270130799{background-position: center !important;background-repeat: no-repeat !important;background-size: contain !important;}&#8220;][\/vc_column][\/vc_row][vc_row remove_padding=&#8220;no-padding-vc-row&#8220;][vc_column][vc_column_text]<\/p>\n<p style=\"text-align: left;\">Sie k\u00f6nnen uns Ihre dringende Bestellung wie gewohnt auch gerne per E-Mail, \u00fcber unser Kontaktformular oder \u00fcber das Bestellformular aufgeben. F\u00fcr Vertragskunden gelten die vereinbarten Preise und Konditionen. Ansonsten erfragen Sie Preise und Konditionen bitte per Telefon. \u00c4nderungen der Spezifikation bleiben vorbehalten. Die Ware bleibt bis zur vollst\u00e4ndigen Bezahlung des Kaufpreises und aller damit verbundenen Kosten und Spesen unser Eigentum.<\/p>\n<p>[\/vc_column_text][vc_row_inner][vc_column_inner width=&#8220;1\/3&#8243;]<div class=\" ubtn-ctn-right \"><a class=\"ubtn-link ult-adjust-bottom-margin ubtn-right ubtn-normal \" href=\"mailto: info@med-renovate.com\" ><button type=\"button\" id=\"ubtn-1590\"  class=\"ubtn ult-adjust-bottom-margin ult-responsive ubtn-normal ubtn-no-hover-bg  none  ubtn-right   tooltip-6a04ac4940e86\"  data-hover=\"\" data-border-color=\"\" data-bg=\"#e0e0e0\" data-hover-bg=\"\" data-border-hover=\"\" data-shadow-hover=\"\" data-shadow-click=\"none\" data-shadow=\"\" data-shd-shadow=\"\"  data-ultimate-target='#ubtn-1590'  data-responsive-json-new='{\"font-size\":\"desktop:21px;\",\"line-height\":\"\"}'  style=\"font-weight:normal;border:none;background: #e0e0e0;color: #000000;\"><span class=\"ubtn-hover\" style=\"background-color:\"><\/span><span class=\"ubtn-data ubtn-text \" >E-Mail-Anfrage<\/span><\/button><\/a><\/div>[\/vc_column_inner][vc_column_inner width=&#8220;1\/3&#8243;]<div class=\" ubtn-ctn-center \"><a class=\"ubtn-link ult-adjust-bottom-margin ubtn-center ubtn-normal \" href=\"https:\/\/pr.oostlander.de\/kontakt\/?uc=26\" ><button type=\"button\" id=\"ubtn-3187\"  class=\"ubtn ult-adjust-bottom-margin ult-responsive ubtn-normal ubtn-no-hover-bg  none  ubtn-center   tooltip-6a04ac4940eb2\"  data-hover=\"\" data-border-color=\"\" data-bg=\"#e0e0e0\" data-hover-bg=\"\" data-border-hover=\"\" data-shadow-hover=\"\" data-shadow-click=\"none\" data-shadow=\"\" data-shd-shadow=\"\"  data-ultimate-target='#ubtn-3187'  data-responsive-json-new='{\"font-size\":\"desktop:21px;\",\"line-height\":\"\"}'  style=\"font-weight:normal;border:none;background: #e0e0e0;color: #000000;\"><span class=\"ubtn-hover\" style=\"background-color:\"><\/span><span class=\"ubtn-data ubtn-text \" >Kontaktformular<\/span><\/button><\/a><\/div>[\/vc_column_inner][vc_column_inner width=&#8220;1\/3&#8243;]<div class=\" ubtn-ctn-left \"><a class=\"ubtn-link ult-adjust-bottom-margin ubtn-left ubtn-normal \" href=\"https:\/\/pr.oostlander.de\/bestellung\/\" ><button type=\"button\" id=\"ubtn-2100\"  class=\"ubtn ult-adjust-bottom-margin ult-responsive ubtn-normal ubtn-no-hover-bg  none  ubtn-left   tooltip-6a04ac4940ed0\"  data-hover=\"\" data-border-color=\"\" data-bg=\"#e0e0e0\" data-hover-bg=\"\" data-border-hover=\"\" data-shadow-hover=\"\" data-shadow-click=\"none\" data-shadow=\"\" data-shd-shadow=\"\"  data-ultimate-target='#ubtn-2100'  data-responsive-json-new='{\"font-size\":\"desktop:21px;\",\"line-height\":\"\"}'  style=\"font-weight:normal;border:none;background: #e0e0e0;color: #000000;\"><span class=\"ubtn-hover\" style=\"background-color:\"><\/span><span class=\"ubtn-data ubtn-text \" >Bestellformular<\/span><\/button><\/a><\/div>[\/vc_column_inner][\/vc_row_inner][\/vc_column][\/vc_row]<\/p>\n","protected":false},"excerpt":{"rendered":"<p>[vc_row remove_padding=&#8220;no-padding-vc-row&#8220;][vc_column][\/vc_column][\/vc_row][vc_row remove_padding=&#8220;no-padding-vc-row&#8220;][vc_column][\/vc_column][\/vc_row][vc_row equal_height=&#8220;yes&#8220; remove_padding=&#8220;no-padding-vc-row&#8220; css=&#8220;.vc_custom_1539269862696{padding-top: 100px !important;}&#8220;][vc_column width=&#8220;1\/4&#8243;][vc_single_image image=&#8220;11930&#8243; img_size=&#8220;medium&#8220; alignment=&#8220;center&#8220; css_animation=&#8220;zoomIn&#8220; title=&#8220;Philips Healthcare&#8220;][\/vc_column][vc_column width=&#8220;1\/4&#8243;][vc_single_image image=&#8220;11931&#8243; img_size=&#8220;medium&#8220; add_caption=&#8220;yes&#8220; alignment=&#8220;center&#8220; css_animation=&#8220;zoomIn&#8220; title=&#8220;mediDOK&#8220; css=&#8220;.vc_custom_1545050759849{background-position: center !important;background-repeat: no-repeat !important;background-size: contain !important;}&#8220;][\/vc_column][vc_column width=&#8220;1\/4&#8243;][vc_single_image image=&#8220;11932&#8243; img_size=&#8220;medium&#8220; alignment=&#8220;center&#8220; css_animation=&#8220;zoomIn&#8220; title=&#8220;Protec&#8220; css=&#8220;.vc_custom_1539270309772{background-position: center !important;background-repeat: no-repeat !important;background-size:&#8230;<\/p>\n","protected":false},"author":6,"featured_media":0,"parent":10859,"menu_order":0,"comment_status":"closed","ping_status":"closed","template":"","meta":{"footnotes":""},"class_list":["post-10892","page","type-page","status-publish","hentry"],"_links":{"self":[{"href":"https:\/\/pr.oostlander.de\/bpw-hauptseite\/wp-json\/wp\/v2\/pages\/10892","targetHints":{"allow":["GET"]}}],"collection":[{"href":"https:\/\/pr.oostlander.de\/bpw-hauptseite\/wp-json\/wp\/v2\/pages"}],"about":[{"href":"https:\/\/pr.oostlander.de\/bpw-hauptseite\/wp-json\/wp\/v2\/types\/page"}],"author":[{"embeddable":true,"href":"https:\/\/pr.oostlander.de\/bpw-hauptseite\/wp-json\/wp\/v2\/users\/6"}],"replies":[{"embeddable":true,"href":"https:\/\/pr.oostlander.de\/bpw-hauptseite\/wp-json\/wp\/v2\/comments?post=10892"}],"version-history":[{"count":27,"href":"https:\/\/pr.oostlander.de\/bpw-hauptseite\/wp-json\/wp\/v2\/pages\/10892\/revisions"}],"predecessor-version":[{"id":13340,"href":"https:\/\/pr.oostlander.de\/bpw-hauptseite\/wp-json\/wp\/v2\/pages\/10892\/revisions\/13340"}],"up":[{"embeddable":true,"href":"https:\/\/pr.oostlander.de\/bpw-hauptseite\/wp-json\/wp\/v2\/pages\/10859"}],"wp:attachment":[{"href":"https:\/\/pr.oostlander.de\/bpw-hauptseite\/wp-json\/wp\/v2\/media?parent=10892"}],"curies":[{"name":"wp","href":"https:\/\/api.w.org\/{rel}","templated":true}]}}