{"id":10876,"date":"2018-07-17T13:29:55","date_gmt":"2018-07-17T11:29:55","guid":{"rendered":"https:\/\/pr.oostlander.de\/?page_id=10876"},"modified":"2018-12-18T18:05:47","modified_gmt":"2018-12-18T16:05:47","slug":"medidok","status":"publish","type":"page","link":"https:\/\/pr.oostlander.de\/bpw-hauptseite\/produkte\/hersteller\/medidok\/","title":{"rendered":"mediDOK"},"content":{"rendered":"<p>[vc_row remove_padding=&#8220;no-padding-vc-row&#8220;][vc_column]<div id=\"sub-header\" class=\"\"><ul class=\"breadcrumb\"><li><a href=\"https:\/\/pr.oostlander.de\/bpw-hauptseite\/\"><\/a> <\/li><li><span class=\"current\">Seite<\/span><\/li><\/ul><\/div>[\/vc_column][\/vc_row][vc_row full_height=&#8220;yes&#8220; remove_padding=&#8220;no-padding-vc-row&#8220; bg_type=&#8220;image&#8220; parallax_style=&#8220;vcpb-vz-jquery&#8220; bg_image_new=&#8220;id^12380|url^https:\/\/pr.oostlander.de\/wp-content\/uploads\/2018\/09\/ge-md-bildakte-1024&#215;434.jpg|caption^null|alt^null|title^ge-md-bildakte-1024&#215;434|description^null&#8220; bg_image_repeat=&#8220;no-repeat&#8220; parallax_sense=&#8220;25&#8243; fadeout_row=&#8220;fadeout_row_value&#8220; fadeout_start_effect=&#8220;30&#8243;][vc_column][vc_empty_space][\/vc_column][\/vc_row][vc_row remove_padding=&#8220;no-padding-vc-row&#8220;][vc_column]<div id=\"ultimate-heading-59066a04b0b66a4c3\" class=\"uvc-heading ult-adjust-bottom-margin ultimate-heading-59066a04b0b66a4c3 uvc-8839 gradient_text_first\" data-hspacer=\"no_spacer\"  data-halign=\"center\" style=\"text-align:center\"><div class=\"uvc-heading-spacer no_spacer\" style=\"top\"><\/div><div class=\"uvc-main-heading ult-responsive\"  data-ultimate-target='.uvc-heading.ultimate-heading-59066a04b0b66a4c3 h2'  data-responsive-json-new='{\"font-size\":\"desktop:35px;\",\"line-height\":\"\"}' ><h2 style=\"font-weight:normal;color:#2b2b2b;\">Das Bild- und Dokumentenarchiv f\u00fcr alle medizinischen Bereiche<\/h2><\/div><\/div><div id=\"ultimate-heading-59646a04b0b66a4e4\" class=\"uvc-heading ult-adjust-bottom-margin ultimate-heading-59646a04b0b66a4e4 uvc-7704 gradient_text_last\" data-hspacer=\"no_spacer\"  data-halign=\"center\" style=\"text-align:center\"><div class=\"uvc-heading-spacer no_spacer\" style=\"top\"><\/div><div class=\"uvc-main-heading ult-responsive\"  data-ultimate-target='.uvc-heading.ultimate-heading-59646a04b0b66a4e4 h2'  data-responsive-json-new='{\"font-size\":\"desktop:27px;\",\"line-height\":\"\"}' ><h2 style=\"font-weight:normal;\">med-renovate liefert, installiert und betreut Ihr PACS<\/h2><\/div><\/div>[\/vc_column][\/vc_row][vc_row equal_height=&#8220;yes&#8220; remove_padding=&#8220;no-padding-vc-row&#8220; bg_type=&#8220;grad&#8220; bg_grad=&#8220;background: -webkit-gradient(linear, left top, left bottom, color-stop(0%, #FFFFFF), color-stop(20%, #E3E3E3), color-stop(80%, #E3E3E3), color-stop(100%, #FFFFFF));background: -moz-linear-gradient(top,#FFFFFF 0%,#E3E3E3 20%,#E3E3E3 80%,#FFFFFF 100%);background: -webkit-linear-gradient(top,#FFFFFF 0%,#E3E3E3 20%,#E3E3E3 80%,#FFFFFF 100%);background: -o-linear-gradient(top,#FFFFFF 0%,#E3E3E3 20%,#E3E3E3 80%,#FFFFFF 100%);background: -ms-linear-gradient(top,#FFFFFF 0%,#E3E3E3 20%,#E3E3E3 80%,#FFFFFF 100%);background: linear-gradient(top,#FFFFFF 0%,#E3E3E3 20%,#E3E3E3 80%,#FFFFFF 100%);&#8220;][vc_column]<div id=\"ultimate-heading-31766a04b0b66a4f9\" class=\"uvc-heading ult-adjust-bottom-margin ultimate-heading-31766a04b0b66a4f9 uvc-9955 \" data-hspacer=\"no_spacer\"  data-halign=\"center\" style=\"text-align:center\"><div class=\"uvc-heading-spacer no_spacer\" style=\"top\"><\/div><div class=\"uvc-main-heading ult-responsive\"  data-ultimate-target='.uvc-heading.ultimate-heading-31766a04b0b66a4f9 h2'  data-responsive-json-new='{\"font-size\":\"\",\"line-height\":\"\"}' ><h2 style=\"font-weight:normal;margin-bottom:30px;\">mediDOK\u00ae 2.5<\/h2><\/div><\/div>[vc_row_inner][vc_column_inner width=&#8220;1\/2&#8243;]<div class=\"smile_icon_list_wrap ult_info_list_container ult-adjust-bottom-margin  \"><ul class=\"smile_icon_list left circle with_bg\"><li class=\"icon_list_item\" style=\" font-size:72px;\"><div class=\"icon_list_icon\" data-animation=\"\" data-animation-delay=\"03\" style=\"font-size:24px;border-width:1px;border-style:none;background:#ffffff;color:#333333;border-color:#333333;\"><i class=\"Defaults-plus-circle\" ><\/i><\/div><div class=\"icon_description\" id=\"Info-list-wrap-8319\" style=\"font-size:24px;\"><h3 class=\"ult-responsive info-list-heading\"  data-ultimate-target='#Info-list-wrap-8319 h3'  data-responsive-json-new='{\"font-size\":\"desktop:16px;\",\"line-height\":\"desktop:24px;\"}'  style=\"\">Das Profi-Archiv<\/h3><div class=\"icon_description_text ult-responsive\"  data-ultimate-target='#Info-list-wrap-8319 .icon_description_text'  data-responsive-json-new='{\"font-size\":\"desktop:13px;\",\"line-height\":\"desktop:18px;\"}'  style=\"\"><p>Von der elektronischen Archivierung s\u00e4mtlicher Papierdokumente oder der Integration elektronischer Faxe bis hin zur Anbindung an verschiedene Bildquellen \u2013 die mediDOK\u00ae Produktfamilie bietet f\u00fcr die verschiedensten Anforderungen die passende L\u00f6sung.<\/p>\n<\/div><\/div><div class=\"icon_list_connector\"  style=\"border: none !important;\"><\/div><\/li><li class=\"icon_list_item\" style=\" font-size:72px;\"><div class=\"icon_list_icon\" data-animation=\"\" data-animation-delay=\"03\" style=\"font-size:24px;border-width:1px;border-style:none;background:#ffffff;color:#333333;border-color:#333333;\"><i class=\"Defaults-plus-circle\" ><\/i><\/div><div class=\"icon_description\" id=\"Info-list-wrap-7887\" style=\"font-size:24px;\"><h3 class=\"ult-responsive info-list-heading\"  data-ultimate-target='#Info-list-wrap-7887 h3'  data-responsive-json-new='{\"font-size\":\"desktop:16px;\",\"line-height\":\"desktop:24px;\"}'  style=\"\">Die f\u00fchrende Software-L\u00f6sung<\/h3><div class=\"icon_description_text ult-responsive\"  data-ultimate-target='#Info-list-wrap-7887 .icon_description_text'  data-responsive-json-new='{\"font-size\":\"desktop:13px;\",\"line-height\":\"desktop:18px;\"}'  style=\"\"><p>Mit einer installierten Base von \u00fcber 12.500 Systemen z\u00e4hlt das mediDOK\u00ae Bild- und Dokumentenarchiv zu den f\u00fchrenden Softwarel\u00f6sungen im Bereich der niedergelassenen \u00c4rzte, Ambulanzen und MVZs.<\/p>\n<\/div><\/div><div class=\"icon_list_connector\"  style=\"border: none !important;\"><\/div><\/li><li class=\"icon_list_item\" style=\" font-size:72px;\"><div class=\"icon_list_icon\" data-animation=\"\" data-animation-delay=\"03\" style=\"font-size:24px;border-width:1px;border-style:none;background:#ffffff;color:#333333;border-color:#333333;\"><i class=\"Defaults-plus-circle\" ><\/i><\/div><div class=\"icon_description\" id=\"Info-list-wrap-9184\" style=\"font-size:24px;\"><h3 class=\"ult-responsive info-list-heading\"  data-ultimate-target='#Info-list-wrap-9184 h3'  data-responsive-json-new='{\"font-size\":\"desktop:16px;\",\"line-height\":\"desktop:24px;\"}'  style=\"\">Hohe Skalierbarkeit<\/h3><div class=\"icon_description_text ult-responsive\"  data-ultimate-target='#Info-list-wrap-9184 .icon_description_text'  data-responsive-json-new='{\"font-size\":\"desktop:13px;\",\"line-height\":\"desktop:18px;\"}'  style=\"\"><p>Skalierbar vom einfachen Dokumentenarchiv bis hin zur PACS-L\u00f6sung \u2013 mediDOK\u00ae w\u00e4chst mit Ihren Anforderungen einfach mit.<\/p>\n<\/div><\/div><div class=\"icon_list_connector\"  style=\"border: none !important;\"><\/div><\/li><li class=\"icon_list_item\" style=\" font-size:72px;\"><div class=\"icon_list_icon\" data-animation=\"\" data-animation-delay=\"03\" style=\"font-size:24px;border-width:1px;border-style:none;background:#ffffff;color:#333333;border-color:#333333;\"><i class=\"Defaults-plus-circle\" ><\/i><\/div><div class=\"icon_description\" id=\"Info-list-wrap-9202\" style=\"font-size:24px;\"><h3 class=\"ult-responsive info-list-heading\"  data-ultimate-target='#Info-list-wrap-9202 h3'  data-responsive-json-new='{\"font-size\":\"desktop:16px;\",\"line-height\":\"desktop:24px;\"}'  style=\"\">Modularit\u00e4t<\/h3><div class=\"icon_description_text ult-responsive\"  data-ultimate-target='#Info-list-wrap-9202 .icon_description_text'  data-responsive-json-new='{\"font-size\":\"desktop:13px;\",\"line-height\":\"desktop:18px;\"}'  style=\"\"><p>Durch die Verwendung moderner Client-Server-Technologien und einer Microsoft SQL-Server-Datenbank erf\u00fcllt mediDOK\u00ae h\u00f6chste technische Anspr\u00fcche. Ein modulares Lizenzkonzept stellt sicher, dass es f\u00fcr jeden Anwender \u2013 von der Praxis bis zum Krankenhaus oder MVZ \u2013 die passende L\u00f6sung gibt.<\/p>\n<\/div><\/div><div class=\"icon_list_connector\"  style=\"border: none !important;\"><\/div><\/li><\/ul><\/div>[\/vc_column_inner][vc_column_inner width=&#8220;1\/2&#8243;]<div class=\"smile_icon_list_wrap ult_info_list_container ult-adjust-bottom-margin  \"><ul class=\"smile_icon_list left circle with_bg\"><li class=\"icon_list_item\" style=\" font-size:72px;\"><div class=\"icon_list_icon\" data-animation=\"\" data-animation-delay=\"03\" style=\"font-size:24px;border-width:1px;border-style:none;background:#ffffff;color:#333333;border-color:#333333;\"><i class=\"Defaults-check-square-o\" ><\/i><\/div><div class=\"icon_description\" id=\"Info-list-wrap-7816\" style=\"font-size:24px;\"><h3 class=\"ult-responsive info-list-heading\"  data-ultimate-target='#Info-list-wrap-7816 h3'  data-responsive-json-new='{\"font-size\":\"desktop:16px;\",\"line-height\":\"desktop:24px;\"}'  style=\"\">Das Universal-Archiv (ohne DICOM-Funktionali\u00e4t)<\/h3><div class=\"icon_description_text ult-responsive\"  data-ultimate-target='#Info-list-wrap-7816 .icon_description_text'  data-responsive-json-new='{\"font-size\":\"desktop:13px;\",\"line-height\":\"desktop:18px;\"}'  style=\"\"><p>mediDOK\u00ae ist in folgenden Grundpaketen erh\u00e4ltlich:<\/p>\n<ul>\n<li>mediDOK\u00ae SCAN<\/li>\n<li>mediDOK\u00ae VIDEO<\/li>\n<li>mediDOK\u00ae BASIS<\/li>\n<\/ul>\n<\/div><\/div><div class=\"icon_list_connector\" data-animation=\"fadeInUp\" data-animation-delay=\"03\" style=\"border-right-width: 1px;border-right-style: dotted;border-color: #333333;\"><\/div><\/li><li class=\"icon_list_item\" style=\" font-size:72px;\"><div class=\"icon_list_icon\" data-animation=\"\" data-animation-delay=\"03\" style=\"font-size:24px;border-width:1px;border-style:none;background:#ffffff;color:#333333;border-color:#333333;\"><i class=\"Defaults-check-square-o\" ><\/i><\/div><div class=\"icon_description\" id=\"Info-list-wrap-7628\" style=\"font-size:24px;\"><h3 class=\"ult-responsive info-list-heading\"  data-ultimate-target='#Info-list-wrap-7628 h3'  data-responsive-json-new='{\"font-size\":\"desktop:16px;\",\"line-height\":\"desktop:24px;\"}'  style=\"\">Die PACS-L\u00f6sung (mit DICOM-Funktionalit\u00e4t)<\/h3><div class=\"icon_description_text ult-responsive\"  data-ultimate-target='#Info-list-wrap-7628 .icon_description_text'  data-responsive-json-new='{\"font-size\":\"desktop:13px;\",\"line-height\":\"desktop:18px;\"}'  style=\"\"><p>mediDOK\u00ae ist in folgenden Grundpaketen erh\u00e4ltlich:<\/p>\n<ul>\n<li>mediDOK\u00ae BASIS DICOM (ehemals: mediDOK\u00ae DICOM SONO)<\/li>\n<li>mediDOK\u00ae PACS<\/li>\n<li>mediDOK\u00ae RMS<\/li>\n<\/ul>\n<\/div><\/div><div class=\"icon_list_connector\" data-animation=\"fadeInUp\" data-animation-delay=\"03\" style=\"border-right-width: 1px;border-right-style: dotted;border-color: #333333;\"><\/div><\/li><li class=\"icon_list_item\" style=\" font-size:72px;\"><div class=\"icon_list_icon\" data-animation=\"\" data-animation-delay=\"03\" style=\"font-size:24px;border-width:1px;border-style:none;background:#ffffff;color:#333333;border-color:#333333;\"><i class=\"Defaults-check-square-o\" ><\/i><\/div><div class=\"icon_description\" id=\"Info-list-wrap-2434\" style=\"font-size:24px;\"><h3 class=\"ult-responsive info-list-heading\"  data-ultimate-target='#Info-list-wrap-2434 h3'  data-responsive-json-new='{\"font-size\":\"desktop:16px;\",\"line-height\":\"desktop:24px;\"}'  style=\"\">Der Funktionsumfang der Grundpakete kann durch Zusatzmodule erweitert werden<\/h3><div class=\"icon_description_text ult-responsive\"  data-ultimate-target='#Info-list-wrap-2434 .icon_description_text'  data-responsive-json-new='{\"font-size\":\"desktop:13px;\",\"line-height\":\"desktop:18px;\"}'  style=\"\"><ul>\n<li>Allgemeine Zusatzmodule<\/li>\n<li>mediDOK\u00ae mobile<\/li>\n<li>f\u00fcr Klinik und MVZ<\/li>\n<li>mehrere Standorte<\/li>\n<li>f\u00fcr DICOM \/ PACS \/ RMS<\/li>\n<li>digitale Aufkl\u00e4rungsb\u00f6gen (Thieme Compliance GmbH)<\/li>\n<\/ul>\n<\/div><\/div><div class=\"icon_list_connector\" data-animation=\"fadeInUp\" data-animation-delay=\"03\" style=\"border-right-width: 1px;border-right-style: dotted;border-color: #333333;\"><\/div><\/li><\/ul><\/div>[\/vc_column_inner][\/vc_row_inner][\/vc_column][\/vc_row][vc_row remove_padding=&#8220;no-padding-vc-row&#8220;][vc_column][vc_tta_accordion style=&#8220;modern&#8220; shape=&#8220;square&#8220; active_section=&#8220;1&#8243; no_fill=&#8220;true&#8220; collapsible_all=&#8220;true&#8220;][vc_tta_section title=&#8220;Technische Daten&#8220; tab_id=&#8220;1532708979935-740510b9-f7f62580-9766c8f0-cfe7&#8243;][vc_column_text]med-renovate ist mediDOK\u00ae-X-RAY-Partner und auf die DICOM-L\u00f6sungen mediDOK\u00ae PACS, mediDOK\u00ae RMS spezialisiert.<\/p>\n<p>Die Spezifikationen der Software-Pakete k\u00f6nnen bei med-renovate angefordert werden.<\/p>\n<p>med-renovate liefert Ihnen zeitnah Updates und Services f\u00fcr Ihre Software-Pakete.[\/vc_column_text][vc_btn title=&#8220;Spezifikation anfordern&#8220; shape=&#8220;square&#8220; i_icon_fontawesome=&#8220;fa fa-envelope-o&#8220; add_icon=&#8220;true&#8220; link=&#8220;url:https%3A%2F%2Fpr.oostlander.de%2Fkontakt%2F%3Fuc%3D7|||&#8220;][\/vc_tta_section][vc_tta_section title=&#8220;Support und Wartung&#8220; tab_id=&#8220;1532713109960-d3760310-956f2580-9766c8f0-cfe7&#8243;][vc_row_inner][vc_column_inner width=&#8220;1\/2&#8243;]<div class=\"aio-icon-component    style_2\"><div id=\"Info-box-wrap-5784\" class=\"aio-icon-box default-icon\" style=\"\"  ><div class=\"aio-icon-default\"><div class=\"ult-just-icon-wrapper  \"><div class=\"align-icon\" style=\"text-align:center;\">\n<div class=\"aio-icon none \"  style=\"color:#333;font-size:32px;display:inline-block;\">\n\t<i class=\"Defaults-cogs gears\"><\/i>\n<\/div><\/div><\/div><\/div><div class=\"aio-icon-header\" ><h3 class=\"aio-icon-title ult-responsive\"  data-ultimate-target='#Info-box-wrap-5784 .aio-icon-title'  data-responsive-json-new='{\"font-size\":\"\",\"line-height\":\"\"}'  style=\"\">Zuverl\u00e4ssiges Life-Cycle-Management<\/h3><\/div> <!-- header --><div class=\"aio-icon-description ult-responsive\"  data-ultimate-target='#Info-box-wrap-5784 .aio-icon-description'  data-responsive-json-new='{\"font-size\":\"\",\"line-height\":\"\"}'  style=\"\">Mit Planung, Installation, Inbetriebnahme, Konstanzpr\u00fcfungen, Wartungen, Reparatur aus einer Hand reduzieren Sie Ihr betriebliches Risiko. W\u00e4hlen Sie den Support, der zu Ihrer Einrichtung passt. Wir bieten Ihnen Ressourcen, Schulungen und Unterst\u00fctzung, damit Sie sich ganz auf das konzentrieren k\u00f6nnen, was am wichtigsten ist: Ihre Patienten.<a class=\"aio-icon-read xx\" href=\"https:\/\/pr.oostlander.de\/dienstleistungen\/wartung-und-reparatur\/\" title=\"Wartung und Reparatur\" >Mehr erfahren&nbsp;&raquo;<\/a><\/div> <!-- description --><\/div> <!-- aio-icon-box --><\/div> <!-- aio-icon-component -->[\/vc_column_inner][vc_column_inner width=&#8220;1\/2&#8243;]<div class=\"aio-icon-component    style_2\"><div id=\"Info-box-wrap-2877\" class=\"aio-icon-box default-icon\" style=\"\"  ><div class=\"aio-icon-default\"><div class=\"ult-just-icon-wrapper  \"><div class=\"align-icon\" style=\"text-align:center;\">\n<div class=\"aio-icon none \"  style=\"color:#333;font-size:32px;display:inline-block;\">\n\t<i class=\"Defaults-dashboard tachometer\"><\/i>\n<\/div><\/div><\/div><\/div><div class=\"aio-icon-header\" ><h3 class=\"aio-icon-title ult-responsive\"  data-ultimate-target='#Info-box-wrap-2877 .aio-icon-title'  data-responsive-json-new='{\"font-size\":\"\",\"line-height\":\"\"}'  style=\"\">Remote-Support<\/h3><\/div> <!-- header --><div class=\"aio-icon-description ult-responsive\"  data-ultimate-target='#Info-box-wrap-2877 .aio-icon-description'  data-responsive-json-new='{\"font-size\":\"\",\"line-height\":\"\"}'  style=\"\">Die Remote Services sind nur ein Element der optimierten Dienstleistungen, die wir Ihnen anbieten \u2013 orts- und zeitunabh\u00e4ngig. Entsprechend der Systemausstattung sind verschiedene Systemkommunikationen und Fehlerberichte m\u00f6glich.<a class=\"aio-icon-read xx\" href=\"https:\/\/pr.oostlander.de\/remote-service\/\" title=\"Remote-Service\" >Mehr erfahren&nbsp;&raquo;<\/a><\/div> <!-- description --><\/div> <!-- aio-icon-box --><\/div> <!-- aio-icon-component -->[\/vc_column_inner][\/vc_row_inner][\/vc_tta_section][vc_tta_section title=&#8220;Downloads&#8220; tab_id=&#8220;1532714484054-8b6af0b9-9cd22580-9766c8f0-cfe7&#8243;][vc_row_inner][vc_column_inner][vc_column_text]med-renovate ist mediDOK\u00ae-X-RAY-Partner und auf die DICOM-L\u00f6sungen mediDOK\u00ae PACS, mediDOK\u00ae RMS spezialisiert.<\/p>\n<p>Downloads k\u00f6nnen bei med-renovate angefordert werden.<\/p>\n<p>med-renovate liefert Ihnen zeitnah Updates und Services f\u00fcr Ihre Software-Pakete.[\/vc_column_text][vc_btn title=&#8220;Downloads anfordern&#8220; shape=&#8220;square&#8220; i_icon_fontawesome=&#8220;fa fa-download&#8220; add_icon=&#8220;true&#8220; link=&#8220;url:https%3A%2F%2Fpr.oostlander.de%2Fkontakt%2F%3Fuc%3D8|||&#8220;][\/vc_column_inner][\/vc_row_inner][\/vc_tta_section][\/vc_tta_accordion][\/vc_column][\/vc_row][vc_row remove_padding=&#8220;no-padding-vc-row&#8220;][vc_column][vc_cta h2=&#8220;Lassen Sie sich von uns beraten:&#8220; h4=&#8220;Wir stellen ihnen ein auf ihre Bed\u00fcrfnisse zugeschnittenes System zusammen&#8220; shape=&#8220;square&#8220; add_button=&#8220;bottom&#8220; btn_title=&#8220;Angebot anfordern&#8220; btn_align=&#8220;center&#8220; add_icon=&#8220;top&#8220; i_icon_fontawesome=&#8220;fa fa-handshake-o&#8220; i_color=&#8220;black&#8220; i_background_style=&#8220;rounded&#8220; btn_link=&#8220;url:https%3A%2F%2Fpr.oostlander.de%2Fkontakt%2F%3Fuc%3D9|title:Angebot%20anfordern||&#8220; i_link=&#8220;|||&#8220;]Planung, Installation, Inbetriebnahme, Abnahme, Einweisung, Wartung, Life-Cycle-Management aus einer Hand.[\/vc_cta][\/vc_column][\/vc_row]<\/p>\n","protected":false},"excerpt":{"rendered":"<p>[vc_row remove_padding=&#8220;no-padding-vc-row&#8220;][vc_column][\/vc_column][\/vc_row][vc_row full_height=&#8220;yes&#8220; remove_padding=&#8220;no-padding-vc-row&#8220; bg_type=&#8220;image&#8220; parallax_style=&#8220;vcpb-vz-jquery&#8220; bg_image_new=&#8220;id^12380|url^https:\/\/pr.oostlander.de\/wp-content\/uploads\/2018\/09\/ge-md-bildakte-1024&#215;434.jpg|caption^null|alt^null|title^ge-md-bildakte-1024&#215;434|description^null&#8220; bg_image_repeat=&#8220;no-repeat&#8220; parallax_sense=&#8220;25&#8243; fadeout_row=&#8220;fadeout_row_value&#8220; fadeout_start_effect=&#8220;30&#8243;][vc_column][vc_empty_space][\/vc_column][\/vc_row][vc_row remove_padding=&#8220;no-padding-vc-row&#8220;][vc_column][\/vc_column][\/vc_row][vc_row equal_height=&#8220;yes&#8220; remove_padding=&#8220;no-padding-vc-row&#8220; bg_type=&#8220;grad&#8220; bg_grad=&#8220;background: -webkit-gradient(linear, left top, left bottom, color-stop(0%, #FFFFFF), color-stop(20%, #E3E3E3), color-stop(80%, #E3E3E3), color-stop(100%, #FFFFFF));background: -moz-linear-gradient(top,#FFFFFF 0%,#E3E3E3 20%,#E3E3E3 80%,#FFFFFF 100%);background: -webkit-linear-gradient(top,#FFFFFF 0%,#E3E3E3 20%,#E3E3E3 80%,#FFFFFF 100%);background: -o-linear-gradient(top,#FFFFFF&#8230;<\/p>\n","protected":false},"author":1,"featured_media":0,"parent":10870,"menu_order":0,"comment_status":"closed","ping_status":"closed","template":"","meta":{"footnotes":""},"class_list":["post-10876","page","type-page","status-publish","hentry"],"_links":{"self":[{"href":"https:\/\/pr.oostlander.de\/bpw-hauptseite\/wp-json\/wp\/v2\/pages\/10876","targetHints":{"allow":["GET"]}}],"collection":[{"href":"https:\/\/pr.oostlander.de\/bpw-hauptseite\/wp-json\/wp\/v2\/pages"}],"about":[{"href":"https:\/\/pr.oostlander.de\/bpw-hauptseite\/wp-json\/wp\/v2\/types\/page"}],"author":[{"embeddable":true,"href":"https:\/\/pr.oostlander.de\/bpw-hauptseite\/wp-json\/wp\/v2\/users\/1"}],"replies":[{"embeddable":true,"href":"https:\/\/pr.oostlander.de\/bpw-hauptseite\/wp-json\/wp\/v2\/comments?post=10876"}],"version-history":[{"count":19,"href":"https:\/\/pr.oostlander.de\/bpw-hauptseite\/wp-json\/wp\/v2\/pages\/10876\/revisions"}],"predecessor-version":[{"id":13741,"href":"https:\/\/pr.oostlander.de\/bpw-hauptseite\/wp-json\/wp\/v2\/pages\/10876\/revisions\/13741"}],"up":[{"embeddable":true,"href":"https:\/\/pr.oostlander.de\/bpw-hauptseite\/wp-json\/wp\/v2\/pages\/10870"}],"wp:attachment":[{"href":"https:\/\/pr.oostlander.de\/bpw-hauptseite\/wp-json\/wp\/v2\/media?parent=10876"}],"curies":[{"name":"wp","href":"https:\/\/api.w.org\/{rel}","templated":true}]}}