{"id":10870,"date":"2018-07-17T13:06:06","date_gmt":"2018-07-17T11:06:06","guid":{"rendered":"https:\/\/pr.oostlander.de\/?page_id=10870"},"modified":"2020-12-14T12:48:01","modified_gmt":"2020-12-14T10:48:01","slug":"hersteller","status":"publish","type":"page","link":"https:\/\/pr.oostlander.de\/bpw-hauptseite\/produkte\/hersteller\/","title":{"rendered":"Hersteller"},"content":{"rendered":"<p>[vc_row remove_padding=&#8220;no-padding-vc-row&#8220;][vc_column]<div id=\"sub-header\" class=\"\"><ul class=\"breadcrumb\"><li><a href=\"https:\/\/pr.oostlander.de\/bpw-hauptseite\/\"><\/a> <\/li><li><span class=\"current\">Seite<\/span><\/li><\/ul><\/div>[\/vc_column][\/vc_row][vc_row full_height=&#8220;yes&#8220; remove_padding=&#8220;no-padding-vc-row&#8220; bg_type=&#8220;image&#8220; parallax_style=&#8220;vcpb-vz-jquery&#8220; bg_image_new=&#8220;id^11975|url^https:\/\/pr.oostlander.de\/wp-content\/uploads\/2018\/08\/IMG_1613_ausschnitt.jpg|caption^null|alt^null|title^IMG_1613_ausschnitt|description^null&#8220; bg_image_repeat=&#8220;no-repeat&#8220; bg_image_size=&#8220;contain&#8220; parallax_sense=&#8220;25&#8243; fadeout_row=&#8220;fadeout_row_value&#8220; fadeout_start_effect=&#8220;30&#8243; css=&#8220;.vc_custom_1543426560986{padding-bottom: 100px !important;}&#8220;][vc_column]<div class=\"ult-animation  ult-animate-viewport  ult-no-mobile \" data-animate=\"fadeInDown\" data-animation-delay=\"0\" data-animation-duration=\"2\" data-animation-iteration=\"1\" style=\"opacity:0;\" data-opacity_start_effect=\"\"><div id=\"ultimate-heading-3506a049fb3caf9d\" class=\"uvc-heading ult-adjust-bottom-margin ultimate-heading-3506a049fb3caf9d uvc-5591 gradient_text_first\" data-hspacer=\"no_spacer\"  data-halign=\"center\" style=\"text-align:center\"><div class=\"uvc-heading-spacer no_spacer\" style=\"top\"><\/div><div class=\"uvc-main-heading ult-responsive\"  data-ultimate-target='.uvc-heading.ultimate-heading-3506a049fb3caf9d h2'  data-responsive-json-new='{\"font-size\":\"desktop:35px;\",\"line-height\":\"\"}' ><h2 style=\"font-weight:normal;color:#000000;\">Das sind unsere Lieferanten:<\/h2><\/div><\/div><\/div><div class=\"ult-animation  ult-animate-viewport  ult-no-mobile \" data-animate=\"fadeInDown\" data-animation-delay=\"0\" data-animation-duration=\"2\" data-animation-iteration=\"1\" style=\"opacity:0;\" data-opacity_start_effect=\"\"><div id=\"ultimate-heading-51856a049fb3caff1\" class=\"uvc-heading ult-adjust-bottom-margin ultimate-heading-51856a049fb3caff1 uvc-8746 gradient_text_last\" data-hspacer=\"no_spacer\"  data-halign=\"center\" style=\"text-align:center\"><div class=\"uvc-heading-spacer no_spacer\" style=\"top\"><\/div><div class=\"uvc-main-heading ult-responsive\"  data-ultimate-target='.uvc-heading.ultimate-heading-51856a049fb3caff1 h2'  data-responsive-json-new='{\"font-size\":\"desktop:27px;\",\"line-height\":\"\"}' ><h2 style=\"font-weight:normal;color:#000000;\">Wir liefern Produkte der folgenden Hersteller sowie nach Ihren Anforderungen und W\u00fcnschen!<\/h2><\/div><\/div><\/div>[\/vc_column][\/vc_row][vc_row remove_padding=&#8220;no-padding-vc-row&#8220;][vc_column][vc_column_text el_id=&#8220;herstellerspellman&#8220;]<\/p>\n<h1 id=\"h1spellman\">Spellman<\/h1>\n<p><img loading=\"lazy\" decoding=\"async\" class=\"alignnone wp-image-13807 size-full\" src=\"https:\/\/pr.oostlander.de\/wp-content\/uploads\/2020\/08\/spellman-logo-rgb-1-e1596612130666.png\" alt=\"\" width=\"300\" height=\"111\" \/><\/p>\n<p>Das 1996 gegr\u00fcndete K&amp;S R\u00f6ntgenwerk Bochum GmbH &amp; Co. KG ging 2012 in die Spellman High Voltage Electronics GmbH \u00fcber. Urspr\u00fcnglich gegr\u00fcndet am 1. Oktober 1904 als Koch &amp; Sterzel AG von den Ingenieuren Franz Joseph Koch und Karl August Sterzel unter dem Namen Koch &amp; Sterzel Spezialfabrik wissenschaftlicher Apparate und Instrumente in der Zwickauer Stra\u00dfe 42 in Dresden. 1948 wurde aus den verbliebenen Resten der ehemaligen Koch &amp; Sterzel AG der VEB Transformatoren- und R\u00f6ntgenwerk (TuR) \u201eHermann Matern\u201c Dresden gegr\u00fcndet. In Westdeutschland erfolgte 1950 eine Neugr\u00fcndung der Werke in Essen. Es erfolgte 1963 die vertragliche Bindung mit der Compagnie G\u00e9n\u00e9rale De Radiologie (CGR, Paris). Nach dem Verkauf des R\u00f6ntgenwerks in Essen ging die Firma Koch &amp; Sterzel in der R\u00f6ntgensparte der General Electric auf. Mitarbeiter des ehemaligen R\u00f6ntgenwerks Essen gr\u00fcndeten 1996 die K&amp;S R\u00f6ntgenwerk Bochum.<\/p>\n<p>Die Spellman High Voltage Electronics Corporation ist der weltweit f\u00fchrende Hersteller von Hochspannungsnetzteilen, R\u00f6ntgengeneratoren und Monoblock\u00ae-R\u00f6ntgenquellen. Spellman produziert und vermarktet die Marke K&amp;S.<\/p>\n<p>Die Produkte f\u00fcr Hochspannungsnetzteile und R\u00f6ntgengeneratoren von der Erzeugung von R\u00f6ntgenstrahlen bis zur Stromversorgung von Detektoren erm\u00f6glichen und verbessern die medizinische Versorgung. Sie reichen von 1 kV bis 320 kV und von wenigen Watt bis \u00fcber 100 Kilowatt. Die Anwendungen umfassen:<\/p>\n<p>CT-Scanner<br \/>\nMammographie<br \/>\nKnochendensitometrie<br \/>\nDental CT<br \/>\nRadiologie und Fluoroskopie<br \/>\nTomographie und digitale Radiographie<br \/>\nNukleare Bildgebung<br \/>\nLINAC \/ Radioonkologische Therapie<br \/>\nBiopsie-Probenradiographie<\/p>\n<p>Durch den Aufbau unserer Erfahrung und die Zusammenarbeit mit Brancheninnovatoren entwickelt Spellman weiterhin hochmoderne Netzteile f\u00fcr neue medizinische Bildgebungsanwendungen.[\/vc_column_text][\/vc_column][\/vc_row][vc_row][vc_column width=&#8220;1\/2&#8243;][vc_empty_space height=&#8220;200px&#8220; css=&#8220;.vc_custom_1596616995963{background-image: url(https:\/\/pr.oostlander.de\/wp-content\/uploads\/2020\/08\/Ansicht_erT_01_spellman_02.jpg?id=13791) !important;background-position: center !important;background-repeat: no-repeat !important;background-size: contain !important;}&#8220;][\/vc_column][vc_column width=&#8220;1\/2&#8243;][vc_column_text]<strong>Wir liefern die folgenden Spellman-Produkte:<\/strong><\/p>\n<ul>\n<li>Bucky-System OKS 1000<\/li>\n<li>Bucky-System OKS 2000<\/li>\n<li>easy ray T Schwenkb\u00fcgelstativ<\/li>\n<li>easy ray Z Schwenkb\u00fcgelstativ<\/li>\n<li>portable Detektoren<\/li>\n<li>Zusatzmodule<\/li>\n<li>Dienstleistungen<\/li>\n<\/ul>\n<p>Wir sind Spellman Partner<\/p>\n<p><img loading=\"lazy\" decoding=\"async\" class=\"alignnone wp-image-13807 size-full\" src=\"https:\/\/pr.oostlander.de\/wp-content\/uploads\/2020\/08\/spellman-logo-rgb-1-e1596612130666.png\" alt=\"\" width=\"300\" height=\"111\" \/>[\/vc_column_text][\/vc_column][\/vc_row][vc_row remove_padding=&#8220;no-padding-vc-row&#8220;][vc_column][vc_column_text el_id=&#8220;herstellerphilips&#8220;]<\/p>\n<h1 id=\"h1philips\">Philips<\/h1>\n<p><img loading=\"lazy\" decoding=\"async\" class=\"alignnone size-medium wp-image-11930\" src=\"https:\/\/pr.oostlander.de\/wp-content\/uploads\/2018\/08\/Philips-logo-300x55.png\" alt=\"\" width=\"300\" height=\"55\" \/><\/p>\n<p>Philips mit Hauptsitz in den Niederlanden wurde 1891 gegr\u00fcndet. Die Firmenzentrale f\u00fcr Deutschland, \u00d6sterreich und die Schweiz befindet sich in der Hamburger R\u00f6ntgenstra\u00dfe \u2013 einem wahren Traditionsstandort. Denn bereits seit der \u00dcbernahme des Unternehmens C.H.F. M\u00fcller, auch bekannt als \u201eR\u00f6ntgenm\u00fcller\u201c, durch Philips im Jahr 1927 ist dieser Standort Dreh- und Angelpunkt f\u00fcr den Bereich Medizintechnik.<\/p>\n<p>Philips ist einer der f\u00fchrenden Anbieter im Bereich der R\u00f6ntgendiagnostik und der Medizintechnik sowie der Hersteller mit der l\u00e4ngsten Tradition: die ersten R\u00f6ntgenstrahler baute R\u00f6ntgenm\u00fcller, die leistungsst\u00e4rksten Strahler werden immer noch in Hamburg gebaut.[\/vc_column_text][\/vc_column][\/vc_row][vc_row][vc_column width=&#8220;1\/2&#8243;][vc_empty_space height=&#8220;200px&#8220; css=&#8220;.vc_custom_1535132577273{background-image: url(https:\/\/pr.oostlander.de\/wp-content\/uploads\/2018\/08\/pr-pm-ddc50-DXR1601_14_DigitalDiagnostC50_Tubehead_P.jpg?id=11863) !important;background-position: center !important;background-repeat: no-repeat !important;background-size: contain !important;}&#8220;][\/vc_column][vc_column width=&#8220;1\/2&#8243;][vc_column_text]<a href=\"https:\/\/pr.oostlander.de\/produkte\/hersteller\/philips\/\" rel=\"noopener\"><strong>Wir liefern die folgenden Philips Healthcare-Produkte:<\/strong><\/a><\/p>\n<ul>\n<li>Deckengest\u00fctzte Systeme<\/li>\n<li>Bodengest\u00fctzte Systeme<\/li>\n<li>Mobile Systeme<\/li>\n<li>Mobile C-Bogen Systeme<\/li>\n<li>Durchleuchtungs Systeme<\/li>\n<li>Zubeh\u00f6r<\/li>\n<li>Ersatzteile<\/li>\n<li>Dienstleistungen<\/li>\n<\/ul>\n<p>Wir sind Autorisierter Fachh\u00e4ndler<\/p>\n<p><img loading=\"lazy\" decoding=\"async\" class=\"alignnone size-medium wp-image-11988\" src=\"https:\/\/pr.oostlander.de\/wp-content\/uploads\/2018\/08\/Philips_Fachhandelspartner_1-300x137.jpg\" alt=\"\" width=\"300\" height=\"137\" \/>[\/vc_column_text][\/vc_column][\/vc_row][vc_row remove_padding=&#8220;no-padding-vc-row&#8220;][vc_column][vc_column_text el_id=&#8220;herstellermediDOK&#8220;]<\/p>\n<h1 id=\"h1medidok\">mediDOK<\/h1>\n<p><img loading=\"lazy\" decoding=\"async\" class=\"alignnone size-full wp-image-11931\" src=\"https:\/\/pr.oostlander.de\/wp-content\/uploads\/2018\/08\/logo_medidok_web.jpg\" alt=\"\" width=\"240\" height=\"71\" \/><\/p>\n<p>Die mediDOK\u00ae GmbH steht in einem st\u00e4ndigem Informationsaustausch mit einem gro\u00dfen Netz an Kooperationspartnern, um unseren Anwendern optimale Gesamtl\u00f6sungen, maximale Performance, Systemkompatibilit\u00e4t und Zukunftsoffenheit zu bieten.<\/p>\n<p>F\u00fcr unsere Kunden zahlt sich das alles aus \u2013 mediDOK\u00ae ist nicht von ungef\u00e4hr eines der am weitest verbreiteten, unabh\u00e4ngigen Bild- und Dokumentenarchive im niedergelassenen \u00c4rztebereich mit \u00fcber 12.500 Installationen.[\/vc_column_text][\/vc_column][\/vc_row][vc_row][vc_column width=&#8220;1\/2&#8243;][vc_empty_space height=&#8220;200px&#8220; css=&#8220;.vc_custom_1535045527655{background-image: url(https:\/\/pr.oostlander.de\/wp-content\/uploads\/2018\/07\/pr-md-conhit_2016_medidok_25_mit_pacs_baerchen.jpg?id=11297) !important;background-position: center !important;background-repeat: no-repeat !important;background-size: contain !important;}&#8220;][\/vc_column][vc_column width=&#8220;1\/2&#8243;][vc_column_text]<strong><a href=\"https:\/\/pr.oostlander.de\/medidok\/\" rel=\"noopener\">Wir liefern die folgenden mediDOK\u00ae-Produkte:<\/a><\/strong><\/p>\n<ul>\n<li>Grundpakete<\/li>\n<li>mediDOK\u00ae BASIC<\/li>\n<li>mediDOK\u00ae BASIC DICOM (ehemals mediDOK\u00ae DICOM SONO)<\/li>\n<li>mediDOK\u00ae PACS<\/li>\n<li>mediDOK\u00ae RMS<\/li>\n<li>Zusatzmodule<\/li>\n<li>Dienstleistungen<\/li>\n<\/ul>\n<p>Wir sind mediDOK\u00ae x-ray Partner<\/p>\n<p><img loading=\"lazy\" decoding=\"async\" class=\"alignnone size-medium wp-image-11983\" src=\"https:\/\/pr.oostlander.de\/wp-content\/uploads\/2018\/08\/x-ray-partner-300x134.jpg\" alt=\"\" width=\"300\" height=\"134\" \/>[\/vc_column_text][\/vc_column][\/vc_row][vc_row remove_padding=&#8220;no-padding-vc-row&#8220;][vc_column][vc_column_text el_id=&#8220;herstellerprotec&#8220;]<\/p>\n<h1 id=\"h1protec\">PROTEC<\/h1>\n<p><img loading=\"lazy\" decoding=\"async\" class=\"alignnone size-medium wp-image-11932\" src=\"https:\/\/pr.oostlander.de\/wp-content\/uploads\/2018\/08\/protec-1-300x206.jpg\" alt=\"\" width=\"150\" height=\"103\" \/><\/p>\n<p>Das Produktportfolio reicht von R\u00f6ntgentischen \u00fcber analog arbeitende hochkompakte R\u00f6ntgenfilm-Entwicklungsmaschinen, volldigitale Direktradiographie-Systeme (DR) bis hin zu R\u00f6ntgen-Komplettsystemen.[\/vc_column_text][\/vc_column][\/vc_row][vc_row][vc_column width=&#8220;1\/2&#8243;][vc_empty_space height=&#8220;200px&#8220; css=&#8220;.vc_custom_1596617479454{background-image: url(https:\/\/pr.oostlander.de\/wp-content\/uploads\/2018\/09\/pr-pt-PROGNOST_XS_XP_XPE_XPE-Akku-1414489092.jpg?id=12291) !important;background-position: center !important;background-repeat: no-repeat !important;background-size: contain !important;}&#8220;][\/vc_column][vc_column width=&#8220;1\/2&#8243;][vc_column_text]<a href=\"https:\/\/pr.oostlander.de\/protec\/\" rel=\"noopener\"><strong>Wir liefern die folgenden PROTEC-Produkte:<\/strong><\/a><\/p>\n<ul>\n<li>Tische<\/li>\n<li>Komponenten<\/li>\n<li>Bodengest\u00fctzte Systeme<\/li>\n<li>Fahrbare mobile Systeme<\/li>\n<li>Detektoren<\/li>\n<li>Zubeh\u00f6r<\/li>\n<li>Ersatzteile<\/li>\n<li>Dienstleistungen<\/li>\n<li>Systeme f\u00fcr den Veterin\u00e4r <strong>&#8211;&gt;<\/strong> <strong><a href=\"https:\/\/pr.oostlander.de\/veterinaer\/\">hier geht es weiter zur Seite &#8218;Veterin\u00e4r&#8216;<\/a><\/strong><\/li>\n<\/ul>\n<p>Wir sind PROTEC Autorisierter Fachh\u00e4ndler[\/vc_column_text][\/vc_column][\/vc_row][vc_row remove_padding=&#8220;no-padding-vc-row&#8220;][vc_column][vc_column_text el_id=&#8220;herstelleriba&#8220;]<\/p>\n<h1 id=\"h1IBA\">IBA<\/h1>\n<p><img loading=\"lazy\" decoding=\"async\" class=\"alignnone size-full wp-image-11935\" src=\"https:\/\/pr.oostlander.de\/wp-content\/uploads\/2018\/08\/iba1.jpg\" alt=\"\" width=\"130\" height=\"60\" \/><\/p>\n<p>IBA ist einer der f\u00fchrenden Anbieter im Bereich der Protonentherapie, der Beschleuniger sowie der Dosimetrie. Seit 1999 geh\u00f6rt die Fa. Wellh\u00f6fer Dosimetrie zur Gruppe und stellt heute den Gesch\u00e4ftsbereich\u00a0IBA Dosimetry dar. IBA Dosimetry liefert\u00a0hochwertige Komplettl\u00f6sungen f\u00fcr die Qualit\u00e4tssicherung in der medizinischen Bildgebung sowie hochpr\u00e4zise Messger\u00e4te und etablierte Pr\u00fcfk\u00f6rpern, die zusammen mit Anwendern entwickelt sind.[\/vc_column_text][\/vc_column][\/vc_row][vc_row][vc_column width=&#8220;1\/2&#8243;][vc_single_image image=&#8220;11936&#8243; img_size=&#8220;medium&#8220;][\/vc_column][vc_column width=&#8220;1\/2&#8243;][vc_column_text]<strong><a href=\"https:\/\/pr.oostlander.de\/produkte\/hersteller\/iba\/\">Wir liefern die folgenden IBA Dosimetry-Produkte:<\/a><\/strong><\/p>\n<ul>\n<li>Dosis-Me\u00dfger\u00e4te<\/li>\n<li>Pr\u00fcfk\u00f6rper<\/li>\n<li>komplette Pr\u00fcfkoffer<\/li>\n<li>Software f\u00fcr die Qualit\u00e4tssicherung<\/li>\n<li>Kalibrierdienstleistungen<\/li>\n<\/ul>\n<p>[\/vc_column_text][\/vc_column][\/vc_row][vc_row remove_padding=&#8220;no-padding-vc-row&#8220;][vc_column][vc_column_text el_id=&#8220;herstellerDr.Goos&#8220;]<\/p>\n<h1 id=\"h1Dr. Goos\">Dr. Goos<\/h1>\n<p><img loading=\"lazy\" decoding=\"async\" class=\"alignnone size-full wp-image-11937\" src=\"https:\/\/pr.oostlander.de\/wp-content\/uploads\/2018\/08\/logo.jpg\" alt=\"\" width=\"179\" height=\"86\" \/><\/p>\n<p>Dr. Goos-Suprema ist einer der f\u00fchrenden Hersteller f\u00fcr R\u00f6ntgenschutzkleidung f\u00fcr Anwender und Patienten, R\u00f6ntgenschutzprodukte, Zubeh\u00f6r, Patienten-Lagerungshilfen sowie Aufnahmezubeh\u00f6r.[\/vc_column_text][\/vc_column][\/vc_row][vc_row][vc_column width=&#8220;1\/2&#8243;][vc_single_image image=&#8220;11938&#8243; img_size=&#8220;medium&#8220;][\/vc_column][vc_column width=&#8220;1\/2&#8243;][vc_column_text]<strong><a href=\"https:\/\/pr.oostlander.de\/dr-goos\/\">Wir liefern die folgenden Dr. Goos-Suprema-Produkte:<\/a><\/strong><\/p>\n<ul>\n<li>vom Visier bis zum Rundumschutz f\u00fcr den Anwender<\/li>\n<li>vom Gonadenschutz bis zur Sonderanfertigung f\u00fcr den Patienten<\/li>\n<li>Zubeh\u00f6r vom Pflegemittel bis zur Wandhalterung<\/li>\n<li>Patientenlagerungshilfen vom Reismehlsack bis zum Komplettset<\/li>\n<li>Aufnahmezubeh\u00f6r von der Filmmarkierung bis zum Ausgleichsfilter<\/li>\n<\/ul>\n<p>[\/vc_column_text][\/vc_column][\/vc_row][vc_row remove_padding=&#8220;no-padding-vc-row&#8220;][vc_column][vc_column_text el_id=&#8220;herstellerprovita&#8220;]<\/p>\n<h1 id=\"h1provita\">provita<\/h1>\n<p><img loading=\"lazy\" decoding=\"async\" class=\"alignnone size-full wp-image-11939\" src=\"https:\/\/pr.oostlander.de\/wp-content\/uploads\/2018\/08\/logo.png\" alt=\"\" width=\"144\" height=\"55\" \/><\/p>\n<p>Die provita medical geh\u00f6rt als etabliertes Familienunternehmen des Mittelstands zu den f\u00fchrenden Betrieben in der Medizintechnik. Die Bandbreite an Produkten wird den Kundenanspr\u00fcchen gerecht und als OEM-Partner steht provita ihren Kunden zur Verf\u00fcgung.\u00a0provita medical ist bestrebt, jegliche Fertigung und die damit verbundenen Gesch\u00e4fte auf verantwortungsbewusste, nachhaltige Weise zu f\u00fchren.\u00a0 Zum Portfolio geh\u00f6ren:\u00a0Infusionsst\u00e4nder, Andockwagen, Hygiene Center,\u00a0Deckenschienen- und Wandschienen-Systeme, Untersuchungs- und Leseleuchten.[\/vc_column_text][\/vc_column][\/vc_row][vc_row][vc_column width=&#8220;1\/2&#8243;][vc_single_image image=&#8220;11940&#8243; img_size=&#8220;medium&#8220;][\/vc_column][vc_column width=&#8220;1\/2&#8243;][vc_column_text]<a href=\"https:\/\/pr.oostlander.de\/provita\/\" rel=\"noopener\"><strong>Wir liefern die folgenden provita medical-Produkte:<\/strong><\/a><\/p>\n<ul>\n<li>Infusionsst\u00e4nder<\/li>\n<li>Hygienecenter<\/li>\n<li>Untersuchungsleuchten<\/li>\n<li>Behandlungsmobiliar<\/li>\n<li>weitere Produkte auf Anfrage<\/li>\n<\/ul>\n<p>[\/vc_column_text][\/vc_column][\/vc_row][vc_row remove_padding=&#8220;no-padding-vc-row&#8220;][vc_column][vc_column_text el_id=&#8220;herstellerdell&#8220;]<\/p>\n<h1 id=\"h1DELL\">DELL<\/h1>\n<p><img loading=\"lazy\" decoding=\"async\" class=\"alignnone size-full wp-image-11942\" src=\"https:\/\/pr.oostlander.de\/wp-content\/uploads\/2018\/08\/Dell_Logo_Blue_rgb-300x300.png\" alt=\"\" width=\"120\" height=\"120\" \/><\/p>\n<p><strong>Display-L\u00f6sungen<\/strong><\/p>\n<p>Dell und seine Partner bieten ein umfassendes Produktportfolio an hochpr\u00e4zisen Displayl\u00f6sungen. Diese lassen schneller einen diagnostischen Nachweis zu, sind reinigungsf\u00e4hig und damit f\u00fcr die Datenverarbeitung in Patientenn\u00e4he geeignet. Sie erm\u00f6glichen preiswertes DICOM au\u00dferhalb der Radiologie. Display-Partner sind:\u00a0Barco, Eizo, Elo Touch und Man &amp; Machine.[\/vc_column_text][vc_column_text]<strong>Server L\u00f6sungen<\/strong><\/p>\n<p>Dell PowerEdge bietet Blades, Tower und Racks, die sich durch zweckm\u00e4\u00dfiges Design, Virtualisierung, Stromversorgung und K\u00fchlung sowie integrierte Systemverwaltung hervorheben.[\/vc_column_text][\/vc_column][\/vc_row][vc_row][vc_column width=&#8220;1\/2&#8243;][vc_single_image image=&#8220;11945&#8243; img_size=&#8220;medium&#8220;][\/vc_column][vc_column width=&#8220;1\/2&#8243;][vc_column_text]<strong><a href=\"https:\/\/pr.oostlander.de\/produkte\/hersteller\/dell\/#displayloesungen\">Wir liefern die folgenden DELL Display-Produkte:<\/a><\/strong><\/p>\n<ul>\n<li>Diagnose Displays<\/li>\n<li>Mammographie Displays<\/li>\n<li>Klinische Displays<\/li>\n<li>Kontroll-Monitore<\/li>\n<li>Monitore f\u00fcr Arzt- und Schwesternzimmer<\/li>\n<li>Graphikkarten und Zubeh\u00f6r<\/li>\n<\/ul>\n<p>[\/vc_column_text][\/vc_column][\/vc_row][vc_row remove_padding=&#8220;no-padding-vc-row&#8220;][vc_column width=&#8220;1\/2&#8243;][vc_single_image image=&#8220;12548&#8243; img_size=&#8220;medium&#8220;][\/vc_column][vc_column width=&#8220;1\/2&#8243;][vc_column_text]<strong><a href=\"https:\/\/pr.oostlander.de\/dell\/#serverloesungen\">Wir liefern die folgenden DELL Server-Produkte:<\/a><\/strong><\/p>\n<ul>\n<li>PowerEdge Tower-Server<\/li>\n<li>PowerEdge Rack-Server<\/li>\n<li>Modulare Infrastruktur<\/li>\n<li>Zubeh\u00f6r<\/li>\n<\/ul>\n<p>Wir sind Mitglied im DELL EMC-Partnerprogramm<\/p>\n<p><img loading=\"lazy\" decoding=\"async\" class=\"alignnone size-medium wp-image-12550\" src=\"https:\/\/pr.oostlander.de\/wp-content\/uploads\/2018\/10\/EMC_16_Authorized_Partner-300x186.jpg\" alt=\"\" width=\"300\" height=\"186\" \/>[\/vc_column_text][\/vc_column][\/vc_row][vc_row remove_padding=&#8220;no-padding-vc-row&#8220;][vc_column][vc_empty_space height=&#8220;92px&#8220;][\/vc_column][\/vc_row][vc_row remove_padding=&#8220;no-padding-vc-row&#8220;][vc_column][vc_column_text el_id=&#8220;herstellersignify&#8220;]<\/p>\n<h1 id=\"h1Philips Lighting\">Philips Lighting<\/h1>\n<p><img loading=\"lazy\" decoding=\"async\" class=\"alignnone size-full wp-image-11948\" src=\"https:\/\/pr.oostlander.de\/wp-content\/uploads\/2018\/08\/signify-logo.png\" alt=\"\" width=\"142\" height=\"36\" \/><\/p>\n<p>Signify ist Weltmarktf\u00fchrer im Bereich vernetzter LED-Beleuchtungsprodukte, -systeme und -services.\u00a0Die Marke Philips steht f\u00fcr hochwertige und energieeffiziente Beleuchtung. Seit mehr als 125 Jahren ist Philips Lighting mit den Produkten Innovationstreiber. Mit Luminous Textile (beleuchtete Textil-Panele mit ger\u00e4uschabsorbierenden Kvadrat Soft Cells) werden Zeichen gesetzt indem Licht, Farbe, Textur und Video ineinander \u00fcbergeblendet und atemberaubende Ansichten geschaffen werden.[\/vc_column_text][\/vc_column][\/vc_row][vc_row][vc_column width=&#8220;1\/2&#8243;][vc_empty_space height=&#8220;300px&#8220; css=&#8220;.vc_custom_1596617782305{background-image: url(https:\/\/pr.oostlander.de\/wp-content\/uploads\/2018\/11\/pr-pl-HO_Besprechung.jpg?id=13291) !important;background-position: center !important;background-repeat: no-repeat !important;background-size: contain !important;}&#8220;][\/vc_column][vc_column width=&#8220;1\/2&#8243;][vc_column_text]<strong><a href=\"https:\/\/pr.oostlander.de\/philips-lighting\/\">Wir liefern die folgenden Philips Lighting-Produkte:<\/a><\/strong><\/p>\n<ul>\n<li>Luminous Textile<\/li>\n<li>Planung<\/li>\n<li>Zubeh\u00f6r<\/li>\n<\/ul>\n<p>[\/vc_column_text][\/vc_column][\/vc_row]<\/p>\n","protected":false},"excerpt":{"rendered":"<p>[vc_row remove_padding=&#8220;no-padding-vc-row&#8220;][vc_column][\/vc_column][\/vc_row][vc_row full_height=&#8220;yes&#8220; remove_padding=&#8220;no-padding-vc-row&#8220; bg_type=&#8220;image&#8220; parallax_style=&#8220;vcpb-vz-jquery&#8220; bg_image_new=&#8220;id^11975|url^https:\/\/pr.oostlander.de\/wp-content\/uploads\/2018\/08\/IMG_1613_ausschnitt.jpg|caption^null|alt^null|title^IMG_1613_ausschnitt|description^null&#8220; bg_image_repeat=&#8220;no-repeat&#8220; bg_image_size=&#8220;contain&#8220; parallax_sense=&#8220;25&#8243; fadeout_row=&#8220;fadeout_row_value&#8220; fadeout_start_effect=&#8220;30&#8243; css=&#8220;.vc_custom_1543426560986{padding-bottom: 100px !important;}&#8220;][vc_column][\/vc_column][\/vc_row][vc_row remove_padding=&#8220;no-padding-vc-row&#8220;][vc_column][vc_column_text el_id=&#8220;herstellerspellman&#8220;] Spellman Das 1996 gegr\u00fcndete K&amp;S R\u00f6ntgenwerk Bochum GmbH &amp; Co. KG ging 2012 in die Spellman High Voltage Electronics GmbH \u00fcber. Urspr\u00fcnglich gegr\u00fcndet&#8230;<\/p>\n","protected":false},"author":6,"featured_media":0,"parent":12425,"menu_order":0,"comment_status":"closed","ping_status":"closed","template":"","meta":{"footnotes":""},"class_list":["post-10870","page","type-page","status-publish","hentry"],"_links":{"self":[{"href":"https:\/\/pr.oostlander.de\/bpw-hauptseite\/wp-json\/wp\/v2\/pages\/10870","targetHints":{"allow":["GET"]}}],"collection":[{"href":"https:\/\/pr.oostlander.de\/bpw-hauptseite\/wp-json\/wp\/v2\/pages"}],"about":[{"href":"https:\/\/pr.oostlander.de\/bpw-hauptseite\/wp-json\/wp\/v2\/types\/page"}],"author":[{"embeddable":true,"href":"https:\/\/pr.oostlander.de\/bpw-hauptseite\/wp-json\/wp\/v2\/users\/6"}],"replies":[{"embeddable":true,"href":"https:\/\/pr.oostlander.de\/bpw-hauptseite\/wp-json\/wp\/v2\/comments?post=10870"}],"version-history":[{"count":145,"href":"https:\/\/pr.oostlander.de\/bpw-hauptseite\/wp-json\/wp\/v2\/pages\/10870\/revisions"}],"predecessor-version":[{"id":13899,"href":"https:\/\/pr.oostlander.de\/bpw-hauptseite\/wp-json\/wp\/v2\/pages\/10870\/revisions\/13899"}],"up":[{"embeddable":true,"href":"https:\/\/pr.oostlander.de\/bpw-hauptseite\/wp-json\/wp\/v2\/pages\/12425"}],"wp:attachment":[{"href":"https:\/\/pr.oostlander.de\/bpw-hauptseite\/wp-json\/wp\/v2\/media?parent=10870"}],"curies":[{"name":"wp","href":"https:\/\/api.w.org\/{rel}","templated":true}]}}